{"id":19,"date":"2015-06-24T07:48:05","date_gmt":"2015-06-24T07:48:05","guid":{"rendered":"http:\/\/transport.thememove.com\/demo\/?page_id=19"},"modified":"2023-07-17T11:45:59","modified_gmt":"2023-07-17T09:45:59","slug":"about-us","status":"publish","type":"page","link":"https:\/\/ivmtech.it\/en\/about-us\/","title":{"rendered":"Mission"},"content":{"rendered":"<p>[vc_row][vc_column][vc_custom_heading text=&#8221;Innovative Vibration Monitoring&#8221; font_container=&#8221;tag:h2|font_size:24|text_align:left|color:%23111111&#8243; use_theme_fonts=&#8221;yes&#8221; el_class=&#8221;style3&#8243; css=&#8221;.vc_custom_1524164928984{margin-bottom: 10px !important;}&#8221;][vc_column_text]IVM develops monitoring and diagnostic systems for the railway industry.<br \/>\nThe main focus of IVM\u2019s products is\u00a0the <strong>measurement of what happens at the wheel-rail interface<\/strong>.<br \/>\nIVM is continuously developing solutions to analyze this interaction in both static and dynamic conditions by exploiting cutting-edge technologies.<\/p>\n<p>IVM embraces the idea\u00a0of\u00a0a continuous improvement and evolution\u00a0as\u00a0the key to operate successfully in the highly competitive railway market.\u00a0To this end, IVM embraces the innovation and it is able to develop all\u00a0the phases of product creation:\u00a0design,\u00a0production, distribution and\u00a0data analysis.\u00a0This is done internally\u00a0by highly skilled resources and\u00a0it is made possible by the\u00a0investment of around 30% of its resources in R&amp;D activities.<\/p>\n<p>IVM\u2019s\u00a0products require multidisciplinary skills and advanced engineering competences.\u00a0This is especially true for the wheel-rail interaction: it generates mechanical stresses on the rails and on the rolling stock and those stresses are governed by physical laws that are not easily decomposable in the form of single separated effects. Thanks to a long in-field experience, IVM is convinced that\u00a0to the extent of monitoring purposes, multiple measuring\u00a0points\u00a0are required,\u00a0and each of them needs to\u00a0sample\u00a0data at high frequency. However, in order\u00a0to extract the informative content for diagnostic purposes, it is necessary to adopt an integrated analytical approach.<\/p>\n<p>Modern technologies\u00a0allow\u00a0the adoption\u00a0of multiple sensors\u00a0thus increasing\u00a0the available data,\u00a0but IVM&#8217;s\u00a0integrated and holistic vision is able to increase the\u00a0informative content of the monitored phenomenon\u00a0in order to\u00a0extract the deep and hidden behaviours\u00a0of\u00a0the wheel-rail interaction.<\/p>\n<p>To this extent, IVM has developed algorithms and cloud infrastructures to manage such complexity, by using modern Big Data technologies and Machine Learning Techniques.<\/p>\n<p>[\/vc_column_text][\/vc_column][\/vc_row]<\/p>","protected":false},"excerpt":{"rendered":"<p>[vc_row][vc_column][vc_custom_heading text=&#8221;Innovative Vibration Monitoring&#8221; font_container=&#8221;tag:h2|font_size:24|text_align:left|color:%23111111&#8243; use_theme_fonts=&#8221;yes&#8221; el_class=&#8221;style3&#8243; css=&#8221;.vc_custom_1524164928984{margin-bottom: 10px !important;}&#8221;][vc_column_text]IVM develops monitoring and diagnostic systems for the railway industry. The [&hellip;]<\/p>\n","protected":false},"author":1,"featured_media":79037,"parent":0,"menu_order":0,"comment_status":"closed","ping_status":"closed","template":"","meta":[],"yoast_head":"<!-- This site is optimized with the Yoast SEO plugin v15.9 - https:\/\/yoast.com\/wordpress\/plugins\/seo\/ -->\n<title>(Italiano) Mission - IVM S.r.l %<\/title>\n<meta name=\"description\" content=\"Learn more about our mission!\" \/>\n<meta name=\"robots\" content=\"index, follow, max-snippet:-1, max-image-preview:large, max-video-preview:-1\" \/>\n<link rel=\"canonical\" href=\"https:\/\/ivmtech.it\/about-us\/\" \/>\n<meta property=\"og:locale\" content=\"en_US\" \/>\n<meta property=\"og:type\" content=\"article\" \/>\n<meta property=\"og:title\" content=\"[:it]Mission - IVM S.r.l %[:]\" \/>\n<meta property=\"og:description\" content=\"{:it}Scopri di pi\u00f9 sulla nostra mission!{:en}Learn more about our mission!{:fr}D\u00e9couvrez notre mission!{:es}Descubre nuestra misi\u00f3n!{:}\" \/>\n<meta property=\"og:url\" content=\"https:\/\/ivmtech.it\/about-us\/\" \/>\n<meta property=\"og:site_name\" content=\"IVM S.r.l\" \/>\n<meta property=\"article:modified_time\" content=\"2023-07-17T09:45:59+00:00\" \/>\n<meta property=\"og:image\" content=\"https:\/\/ivmtech.it\/wp-content\/uploads\/2023\/07\/Mission-IVM-srl.png\" \/>\n\t<meta property=\"og:image:width\" content=\"500\" \/>\n\t<meta property=\"og:image:height\" content=\"500\" \/>\n<meta name=\"twitter:card\" content=\"summary_large_image\" \/>\n<meta name=\"twitter:label1\" content=\"Est. reading time\">\n\t<meta name=\"twitter:data1\" content=\"7 minutes\">\n<script type=\"application\/ld+json\" class=\"yoast-schema-graph\">{\"@context\":\"https:\/\/schema.org\",\"@graph\":[{\"@type\":\"WebSite\",\"@id\":\"https:\/\/ivmtech.it\/#website\",\"url\":\"https:\/\/ivmtech.it\/\",\"name\":\"IVM S.r.l\",\"description\":\"Innovative Vibration Monitoring\",\"potentialAction\":[{\"@type\":\"SearchAction\",\"target\":\"https:\/\/ivmtech.it\/?s={search_term_string}\",\"query-input\":\"required name=search_term_string\"}],\"inLanguage\":\"en-US\"},{\"@type\":\"ImageObject\",\"@id\":\"https:\/\/ivmtech.it\/about-us\/#primaryimage\",\"inLanguage\":\"en-US\",\"url\":\"https:\/\/ivmtech.it\/wp-content\/uploads\/2023\/07\/Mission-IVM-srl.png\",\"width\":500,\"height\":500},{\"@type\":\"WebPage\",\"@id\":\"https:\/\/ivmtech.it\/about-us\/#webpage\",\"url\":\"https:\/\/ivmtech.it\/about-us\/\",\"name\":\"[:it]Mission - IVM S.r.l %[:]\",\"isPartOf\":{\"@id\":\"https:\/\/ivmtech.it\/#website\"},\"primaryImageOfPage\":{\"@id\":\"https:\/\/ivmtech.it\/about-us\/#primaryimage\"},\"datePublished\":\"2015-06-24T07:48:05+00:00\",\"dateModified\":\"2023-07-17T09:45:59+00:00\",\"description\":\"{:it}Scopri di pi\\u00f9 sulla nostra mission!{:en}Learn more about our mission!{:fr}D\\u00e9couvrez notre mission!{:es}Descubre nuestra misi\\u00f3n!{:}\",\"breadcrumb\":{\"@id\":\"https:\/\/ivmtech.it\/about-us\/#breadcrumb\"},\"inLanguage\":\"en-US\",\"potentialAction\":[{\"@type\":\"ReadAction\",\"target\":[\"https:\/\/ivmtech.it\/about-us\/\"]}]},{\"@type\":\"BreadcrumbList\",\"@id\":\"https:\/\/ivmtech.it\/about-us\/#breadcrumb\",\"itemListElement\":[{\"@type\":\"ListItem\",\"position\":1,\"item\":{\"@type\":\"WebPage\",\"@id\":\"https:\/\/ivmtech.it\/\",\"url\":\"https:\/\/ivmtech.it\/\",\"name\":\"Home\"}},{\"@type\":\"ListItem\",\"position\":2,\"item\":{\"@type\":\"WebPage\",\"@id\":\"https:\/\/ivmtech.it\/about-us\/\",\"url\":\"https:\/\/ivmtech.it\/about-us\/\",\"name\":\"Missione\"}}]}]}<\/script>\n<!-- \/ Yoast SEO plugin. -->","_links":{"self":[{"href":"https:\/\/ivmtech.it\/en\/wp-json\/wp\/v2\/pages\/19"}],"collection":[{"href":"https:\/\/ivmtech.it\/en\/wp-json\/wp\/v2\/pages"}],"about":[{"href":"https:\/\/ivmtech.it\/en\/wp-json\/wp\/v2\/types\/page"}],"author":[{"embeddable":true,"href":"https:\/\/ivmtech.it\/en\/wp-json\/wp\/v2\/users\/1"}],"replies":[{"embeddable":true,"href":"https:\/\/ivmtech.it\/en\/wp-json\/wp\/v2\/comments?post=19"}],"version-history":[{"count":40,"href":"https:\/\/ivmtech.it\/en\/wp-json\/wp\/v2\/pages\/19\/revisions"}],"predecessor-version":[{"id":77355,"href":"https:\/\/ivmtech.it\/en\/wp-json\/wp\/v2\/pages\/19\/revisions\/77355"}],"wp:featuredmedia":[{"embeddable":true,"href":"https:\/\/ivmtech.it\/en\/wp-json\/wp\/v2\/media\/79037"}],"wp:attachment":[{"href":"https:\/\/ivmtech.it\/en\/wp-json\/wp\/v2\/media?parent=19"}],"curies":[{"name":"wp","href":"https:\/\/api.w.org\/{rel}","templated":true}]}}