{"id":74999,"date":"2015-11-25T10:11:01","date_gmt":"2015-11-25T09:11:01","guid":{"rendered":"http:\/\/ivmtech.it\/?page_id=74999"},"modified":"2023-07-17T13:26:51","modified_gmt":"2023-07-17T11:26:51","slug":"vams-ubm","status":"publish","type":"page","link":"https:\/\/ivmtech.it\/en\/prodotti\/vams-ubm\/","title":{"rendered":"VAMS-UBM"},"content":{"rendered":"<p>[vc_row][vc_column][vc_custom_heading text=&#8221;Vibration Attenuation Monitoring System for Under Ballast Mats &#8211; VAMS-UBM&#8221; font_container=&#8221;tag:h2|text_align:left|color:%23111111&#8243; use_theme_fonts=&#8221;yes&#8221; el_class=&#8221;style3&#8243; css=&#8221;.vc_custom_1455539036259{margin-bottom: 10px !important;}&#8221;][vc_row_inner css=&#8221;.vc_custom_1448360454152{margin-bottom: 0px !important;}&#8221;][vc_column_inner][vc_column_text]<img style=\"float: left; margin-right: 15px; width: 100%; max-width: 555px;\" src=\"http:\/\/ivmtech.it\/wp-content\/uploads\/2015\/11\/tappetino-strumentato-2.jpg\" alt=\"\" \/><\/p>\n<p style=\"text-align: justify;\">The operation of an underground subway line in urban areas can cause\u00a0disturbances in terms of externally induced vibrations. This constitutes a problem in presence of structures, such as residential buildings (disturbances to people), buildings dedicated to vibration sensitive activities to (eg. Hospitals) and buildings of historical and cultural interest which are naturally sensitive to vibration (masonry historic buildings). One of the most used intervention strategy for new railway\/subway lines construction, is the use of special anti-vibration mats, installed between the rail infrastructure (rails, sleepers and ballast) and the tunnel structure, in order to absorb vibrational stresses and break down the disturbances source. These systems, however, are subject to degradation over time, which cannot be quantified in advance, especially when their operating\u00a0conditions are far from the ideal conditions proposed in laboratory tests.<br \/>\nThe <strong>VAMS-UBM<\/strong> system consists of pairs of MEMS technology accelerometric sensors, installed in axis inside of anti-vibration mats, in its upper and lower part. When\u00a0an underground train passes through the area\u00a0where these instrumented mats are positioned, there will be a transmission of vibrational waves from\u00a0top (rail surface) to bottom. The acceleration change\u00a0recorded by the two sensors placed on the same axis (on the upper and lower surface of the mat) is the vibration attenuation. It is mainly a function of the elastic properties of the material. Overtime, due to the wear, the mat varies its elastic properties (the rubber tends to harden), hence the &#8220;transfer function&#8221; of the vibrational waves necessarily change. In this way, we can associate to this change a possible degradation of the anti-vibration mats.<\/p>\n<p>[\/vc_column_text][vc_single_image image=&#8221;75197&#8243; img_size=&#8221;full&#8221; alignment=&#8221;center&#8221;][vc_column_text]<\/p>\n<p style=\"text-align: justify;\">The system is in operation, since 2014, on the Flaminio &#8211; Lepanto route (Line A, Rome Metropolitana) allowing:<\/p>\n<ul class=\"lista\">\n<li>the monitoring of anti-vibration mats degradation over time;<\/li>\n<li>the detection of abnormal signals related to wheel &#8211; rail contact phenomena;<\/li>\n<\/ul>\n<p style=\"text-align: justify;\">In addition to the vibration attenuation monitoring provided\u00a0with the anti-vibration mats, we can extend the functionality of VAMS-UBM system, by deploying additional accelerometers outside the anti-vibration mat, to measure vibrations in surrounding points. For instance, in the Flaminio &#8211; Lepanto route (Line A, Rome Metropolitan), there are two accelerometers in each instrumented section, on the side and on the roof of the tunnel, on both single and double track lines.<\/p>\n<p>[\/vc_column_text][vc_single_image image=&#8221;75196&#8243; img_size=&#8221;full&#8221; alignment=&#8221;center&#8221;][\/vc_column_inner][\/vc_row_inner][vc_row_inner css=&#8221;.vc_custom_1448443348973{margin-top: 15px !important;}&#8221;][vc_column_inner][vc_custom_heading text=&#8221;ITALIAN AND EUROPEAN PATENTS&#8221; font_container=&#8221;tag:h2|text_align:left|color:%23111111&#8243; use_theme_fonts=&#8221;yes&#8221; el_class=&#8221;style3&#8243; css=&#8221;.vc_custom_1448443111946{margin-bottom: 10px !important;}&#8221;][vc_column_text]<\/p>\n<p style=\"text-align: justify;\"><strong>Title:<\/strong> Vibration attenuation device, and e procedure for evaluating the performance of said device<br \/>\n<strong>Italian patent licence:<\/strong> April 3, 2012 Patent n. 0001392956<br \/>\n<strong>European patent licence:<\/strong> May 6, 2015 Patent n. 2218934<\/p>\n<p>[\/vc_column_text][\/vc_column_inner][\/vc_row_inner][vc_row_inner css=&#8221;.vc_custom_1688050708882{margin-right: 0px !important;margin-left: 0px !important;padding-top: 15px !important;padding-bottom: 15px !important;background-color: #ffd200 !important;}&#8221;][vc_column_inner width=&#8221;5\/6&#8243;][vc_custom_heading text=&#8221;Download VAMS-UBM product documentation&#8221; font_container=&#8221;tag:h3|font_size:18|text_align:left|color:%23111111|line_height:1&#8243; use_theme_fonts=&#8221;yes&#8221; css=&#8221;.vc_custom_1456154028522{padding-left: 30px !important;}&#8221;][\/vc_column_inner][vc_column_inner width=&#8221;1\/6&#8243; css=&#8221;.vc_custom_1448357100884{margin-top: -15px !important;}&#8221;][vc_btn title=&#8221;Brochure&#8221; style=&#8221;outline&#8221; shape=&#8221;square&#8221; color=&#8221;black&#8221; align=&#8221;center&#8221; link=&#8221;url:http%3A%2F%2Fivmtech.it%2Fwp-content%2Fuploads%2Fbrochures%2F2015%2FBrochureVAMSUBM_ENG.pdf||&#8221;][\/vc_column_inner][\/vc_row_inner][vc_empty_space height=&#8221;20px&#8221;][\/vc_column][\/vc_row][vc_row full_width=&#8221;stretch_row&#8221; css=&#8221;.vc_custom_1448019018552{margin-bottom: 0px !important;border-top-width: 1px !important;padding-top: 50px !important;padding-bottom: 50px !important;background-color: #eeeeee !important;background-position: center !important;background-repeat: no-repeat !important;background-size: cover !important;border-top-color: #dddddd !important;border-top-style: solid !important;}&#8221; el_class=&#8221;align-right&#8221;][vc_column width=&#8221;2\/3&#8243;][vc_custom_heading text=&#8221;Not sure which solution is the best for your specific case?&#8221; font_container=&#8221;tag:h3|font_size:18|text_align:left|color:%23111111&#8243; use_theme_fonts=&#8221;yes&#8221; css=&#8221;.vc_custom_1455550101582{margin-top: 10px !important;}&#8221;][\/vc_column][vc_column width=&#8221;1\/3&#8243;][thememove_button text=&#8221;Contact Us&#8221; url=&#8221;http:\/\/ivmtech.it\/contatti\/&#8221;][\/vc_column][\/vc_row]<\/p>","protected":false},"excerpt":{"rendered":"<p>[vc_row][vc_column][vc_custom_heading text=&#8221;Vibration Attenuation Monitoring System for Under Ballast Mats &#8211; VAMS-UBM&#8221; font_container=&#8221;tag:h2|text_align:left|color:%23111111&#8243; use_theme_fonts=&#8221;yes&#8221; el_class=&#8221;style3&#8243; css=&#8221;.vc_custom_1455539036259{margin-bottom: 10px !important;}&#8221;][vc_row_inner css=&#8221;.vc_custom_1448360454152{margin-bottom: 0px !important;}&#8221;][vc_column_inner][vc_column_text] [&hellip;]<\/p>\n","protected":false},"author":1,"featured_media":79048,"parent":74861,"menu_order":0,"comment_status":"closed","ping_status":"closed","template":"","meta":[],"yoast_head":"<!-- This site is optimized with the Yoast SEO plugin v15.9 - https:\/\/yoast.com\/wordpress\/plugins\/seo\/ -->\n<title>VAMS-UBM - IVM S.r.l<\/title>\n<meta name=\"description\" content=\"Monitoring system of anti-vibration mats performances, by measuring the mats degradation over time\" \/>\n<meta name=\"robots\" content=\"index, follow, max-snippet:-1, max-image-preview:large, max-video-preview:-1\" \/>\n<link rel=\"canonical\" href=\"https:\/\/ivmtech.it\/prodotti\/vams-ubm\/\" \/>\n<meta property=\"og:locale\" content=\"en_US\" \/>\n<meta property=\"og:type\" content=\"article\" \/>\n<meta property=\"og:title\" content=\"VAMS-UBM - IVM S.r.l\" \/>\n<meta property=\"og:description\" content=\"{:it}Sistema di monitoraggio delle prestazioni dei materassini antivibranti mediante la misurazione del loro degrado nel tempo{:en}Monitoring system of anti-vibration mats performances, by measuring the mats degradation over time{:fr}Syst\u00e8me de surveillance des performances des tapis anti-vibration en mesurant leur d\u00e9gradation dans le temps{:es}Sistema para monitorear el rendimiento de esteras antivibraciones midiendo su degradaci\u00f3n con el tiempo{:}\" \/>\n<meta property=\"og:url\" content=\"https:\/\/ivmtech.it\/prodotti\/vams-ubm\/\" \/>\n<meta property=\"og:site_name\" content=\"IVM S.r.l\" \/>\n<meta property=\"article:modified_time\" content=\"2023-07-17T11:26:51+00:00\" \/>\n<meta property=\"og:image\" content=\"https:\/\/ivmtech.it\/wp-content\/uploads\/2023\/07\/VAMS-UBM-IVM-srl.png\" \/>\n\t<meta property=\"og:image:width\" content=\"500\" \/>\n\t<meta property=\"og:image:height\" content=\"500\" \/>\n<meta name=\"twitter:card\" content=\"summary_large_image\" \/>\n<meta name=\"twitter:label1\" content=\"Est. reading time\">\n\t<meta name=\"twitter:data1\" content=\"3 minutes\">\n<script type=\"application\/ld+json\" class=\"yoast-schema-graph\">{\"@context\":\"https:\/\/schema.org\",\"@graph\":[{\"@type\":\"WebSite\",\"@id\":\"https:\/\/ivmtech.it\/#website\",\"url\":\"https:\/\/ivmtech.it\/\",\"name\":\"IVM S.r.l\",\"description\":\"Innovative Vibration Monitoring\",\"potentialAction\":[{\"@type\":\"SearchAction\",\"target\":\"https:\/\/ivmtech.it\/?s={search_term_string}\",\"query-input\":\"required name=search_term_string\"}],\"inLanguage\":\"en-US\"},{\"@type\":\"ImageObject\",\"@id\":\"https:\/\/ivmtech.it\/prodotti\/vams-ubm\/#primaryimage\",\"inLanguage\":\"en-US\",\"url\":\"https:\/\/ivmtech.it\/wp-content\/uploads\/2023\/07\/VAMS-UBM-IVM-srl.png\",\"width\":500,\"height\":500},{\"@type\":\"WebPage\",\"@id\":\"https:\/\/ivmtech.it\/prodotti\/vams-ubm\/#webpage\",\"url\":\"https:\/\/ivmtech.it\/prodotti\/vams-ubm\/\",\"name\":\"VAMS-UBM - IVM S.r.l\",\"isPartOf\":{\"@id\":\"https:\/\/ivmtech.it\/#website\"},\"primaryImageOfPage\":{\"@id\":\"https:\/\/ivmtech.it\/prodotti\/vams-ubm\/#primaryimage\"},\"datePublished\":\"2015-11-25T09:11:01+00:00\",\"dateModified\":\"2023-07-17T11:26:51+00:00\",\"description\":\"{:it}Sistema di monitoraggio delle prestazioni dei materassini antivibranti mediante la misurazione del loro degrado nel tempo{:en}Monitoring system of anti-vibration mats performances, by measuring the mats degradation over time{:fr}Syst\\u00e8me de surveillance des performances des tapis anti-vibration en mesurant leur d\\u00e9gradation dans le temps{:es}Sistema para monitorear el rendimiento de esteras antivibraciones midiendo su degradaci\\u00f3n con el tiempo{:}\",\"breadcrumb\":{\"@id\":\"https:\/\/ivmtech.it\/prodotti\/vams-ubm\/#breadcrumb\"},\"inLanguage\":\"en-US\",\"potentialAction\":[{\"@type\":\"ReadAction\",\"target\":[\"https:\/\/ivmtech.it\/prodotti\/vams-ubm\/\"]}]},{\"@type\":\"BreadcrumbList\",\"@id\":\"https:\/\/ivmtech.it\/prodotti\/vams-ubm\/#breadcrumb\",\"itemListElement\":[{\"@type\":\"ListItem\",\"position\":1,\"item\":{\"@type\":\"WebPage\",\"@id\":\"https:\/\/ivmtech.it\/\",\"url\":\"https:\/\/ivmtech.it\/\",\"name\":\"Home\"}},{\"@type\":\"ListItem\",\"position\":2,\"item\":{\"@type\":\"WebPage\",\"@id\":\"https:\/\/ivmtech.it\/prodotti\/\",\"url\":\"https:\/\/ivmtech.it\/prodotti\/\",\"name\":\"Prodotti\"}},{\"@type\":\"ListItem\",\"position\":3,\"item\":{\"@type\":\"WebPage\",\"@id\":\"https:\/\/ivmtech.it\/prodotti\/vams-ubm\/\",\"url\":\"https:\/\/ivmtech.it\/prodotti\/vams-ubm\/\",\"name\":\"VAMS-UBM\"}}]}]}<\/script>\n<!-- \/ Yoast SEO plugin. -->","_links":{"self":[{"href":"https:\/\/ivmtech.it\/en\/wp-json\/wp\/v2\/pages\/74999"}],"collection":[{"href":"https:\/\/ivmtech.it\/en\/wp-json\/wp\/v2\/pages"}],"about":[{"href":"https:\/\/ivmtech.it\/en\/wp-json\/wp\/v2\/types\/page"}],"author":[{"embeddable":true,"href":"https:\/\/ivmtech.it\/en\/wp-json\/wp\/v2\/users\/1"}],"replies":[{"embeddable":true,"href":"https:\/\/ivmtech.it\/en\/wp-json\/wp\/v2\/comments?post=74999"}],"version-history":[{"count":49,"href":"https:\/\/ivmtech.it\/en\/wp-json\/wp\/v2\/pages\/74999\/revisions"}],"predecessor-version":[{"id":79019,"href":"https:\/\/ivmtech.it\/en\/wp-json\/wp\/v2\/pages\/74999\/revisions\/79019"}],"up":[{"embeddable":true,"href":"https:\/\/ivmtech.it\/en\/wp-json\/wp\/v2\/pages\/74861"}],"wp:featuredmedia":[{"embeddable":true,"href":"https:\/\/ivmtech.it\/en\/wp-json\/wp\/v2\/media\/79048"}],"wp:attachment":[{"href":"https:\/\/ivmtech.it\/en\/wp-json\/wp\/v2\/media?parent=74999"}],"curies":[{"name":"wp","href":"https:\/\/api.w.org\/{rel}","templated":true}]}}