{"id":75044,"date":"2015-11-25T12:38:18","date_gmt":"2015-11-25T11:38:18","guid":{"rendered":"http:\/\/ivmtech.it\/?page_id=75044"},"modified":"2023-07-17T13:24:41","modified_gmt":"2023-07-17T11:24:41","slug":"swan","status":"publish","type":"page","link":"https:\/\/ivmtech.it\/en\/prodotti\/swan\/","title":{"rendered":"SWAN"},"content":{"rendered":"<p>[vc_row][vc_column][vc_custom_heading text=&#8221;SWAN &#8211; Smart Wayside Accelerometric Network&#8221; font_container=&#8221;tag:h2|text_align:left|color:%23111111&#8243; use_theme_fonts=&#8221;yes&#8221; el_class=&#8221;style3&#8243; css=&#8221;.vc_custom_1596463774509{margin-bottom: 10px !important;}&#8221;][vc_row_inner css=&#8221;.vc_custom_1448360454152{margin-bottom: 0px !important;}&#8221;][vc_column_inner width=&#8221;1\/2&#8243;][vc_column_text]<\/p>\n<p style=\"text-align: justify;\"><strong>SWAN<\/strong> is a WCM (Wheel Condition Monitoring) system, that thanks to a particular\u00a0structure and to an innovative Data Processing, is capable of extracting information from the measurement of the accelerations generated on the track at the\u00a0passage of each wheel, providing automatically both a quantitative evaluation of the rail stress, and a synthetic Quality Wheel Index (QWI).<\/p>\n<p>[\/vc_column_text][\/vc_column_inner][vc_column_inner width=&#8221;1\/2&#8243;][vc_gallery type=&#8221;nivo&#8221; interval=&#8221;5&#8243; images=&#8221;75284,75047&#8243; img_size=&#8221;full&#8221; onclick=&#8221;link_no&#8221;][\/vc_column_inner][\/vc_row_inner][vc_single_image image=&#8221;75252&#8243; img_size=&#8221;full&#8221; alignment=&#8221;center&#8221; css=&#8221;.vc_custom_1456134981415{margin-top: 20px !important;margin-bottom: 20px !important;}&#8221;][vc_row_inner css=&#8221;.vc_custom_1448443348973{margin-top: 15px !important;}&#8221;][vc_column_inner]<br \/>\n[\/vc_column_inner][\/vc_row_inner][vc_single_image image=&#8221;75058&#8243; img_size=&#8221;full&#8221; alignment=&#8221;center&#8221;][vc_row_inner css=&#8221;.vc_custom_1448443348973{margin-top: 15px !important;}&#8221;][vc_column_inner][vc_custom_heading text=&#8221;MAIN FEATURES&#8221; font_container=&#8221;tag:h2|text_align:left|color:%23111111&#8243; use_theme_fonts=&#8221;yes&#8221; el_class=&#8221;style3&#8243; css=&#8221;.vc_custom_1456133283591{margin-bottom: 10px !important;}&#8221;][vc_column_text]<\/p>\n<div style=\"float: right; margin-left: 15px; width: 100%; max-width: 555px;\"><img style=\"width: 100%;\" src=\"http:\/\/ivmtech.it\/wp-content\/uploads\/2015\/12\/wheel.png\" alt=\"\" \/><br \/>\n<img style=\"margin-top: 15px; width: 100%;\" src=\"http:\/\/ivmtech.it\/wp-content\/uploads\/2015\/12\/SwantWeb.jpg\" alt=\"\" \/><\/div>\n<p style=\"text-align: justify;\">SWAN provides a QWI for each wheel of a transited train, classifying them into three synthetic levels, L0-L1-L2, represented in green-yellow-red colours.<\/p>\n<p style=\"text-align: justify;\">SWAN is able to recognize the number of the transited train plate and then it uniquely identifies a wheel so as to monitor it over time.<\/p>\n<p style=\"text-align: justify;\">SWAN provides valuable information on the quality of the\u00a0running surface of each wheel, in order to perform an \u201con condition\u201d maintenance of the fleet of rolling stock, reducing maintenance costs and increasing\u00a0operational safety.<\/p>\n<p>Its main features are:<\/p>\n<ul class=\"lista\">\n<li>Automatic acquisition, validation and processing of the data detected by the sensors distributed on the field;<\/li>\n<li>Automatic QWI calculation and generation of alerts per each wheel;<\/li>\n<li>On-site storage of the acquired data, and automatic transfer to a dedicated server;<\/li>\n<li>Identification through dynamic wheel imprint;<\/li>\n<li>Identification through automatically\u00a0shot photographs at the passing of a rolling stock;<\/li>\n<li>Automatic identification of the rolling stock type by the measurement of the wheelbase\/bogie centre distance;<\/li>\n<li>Remote control through HSDPA connection;<\/li>\n<li>Auto-diagnostic and downgraded\u00a0mode operation capability;<\/li>\n<li>Web based platform for visualization of acquired data;<\/li>\n<li>User-friendly data management interface;<\/li>\n<li>User-configurable alert thresholds in relation to specific operating procedures;<\/li>\n<li>Bi-directional\u00a0traffic;<\/li>\n<li>Highly repeatable measurements;<\/li>\n<li>Easy management and maintenance;<\/li>\n<li>No limit to the length of the train;<\/li>\n<li>Optionally powered by a photovoltaic system;<\/li>\n<li>Sensors installation to the rail by superglue &#8211; no track alteration required;<\/li>\n<li>High resistance in potentially hostile environments.<\/li>\n<\/ul>\n<p>[\/vc_column_text][\/vc_column_inner][\/vc_row_inner][vc_row_inner css=&#8221;.vc_custom_1688051605731{margin-right: 0px !important;margin-left: 0px !important;border-top-width: 1px !important;padding-top: 15px !important;padding-bottom: 15px !important;background-color: #ffd200 !important;}&#8221;][vc_column_inner width=&#8221;5\/6&#8243;][vc_custom_heading text=&#8221;Download SWAN product documentation&#8221; font_container=&#8221;tag:h3|font_size:18|text_align:left|color:%23111111|line_height:1&#8243; use_theme_fonts=&#8221;yes&#8221; css=&#8221;.vc_custom_1456154028522{padding-left: 30px !important;}&#8221;][\/vc_column_inner][vc_column_inner width=&#8221;1\/6&#8243; css=&#8221;.vc_custom_1448357100884{margin-top: -15px !important;}&#8221;][vc_btn title=&#8221;Brochure&#8221; style=&#8221;outline&#8221; shape=&#8221;square&#8221; color=&#8221;black&#8221; align=&#8221;center&#8221; link=&#8221;url:http%3A%2F%2Fivmtech.it%2Fwp-content%2Fuploads%2F2019%2F11%2FBrochure-SWAN_ENG.pdf|||&#8221;][\/vc_column_inner][\/vc_row_inner][vc_empty_space height=&#8221;20px&#8221;][\/vc_column][\/vc_row][vc_row full_width=&#8221;stretch_row&#8221; css=&#8221;.vc_custom_1688051581250{margin-bottom: 0px !important;border-top-width: 1px !important;padding-top: 25px !important;padding-bottom: 25px !important;background-color: #eeeeee !important;background-position: center !important;background-repeat: no-repeat !important;background-size: cover !important;border-top-color: #dddddd !important;border-top-style: solid !important;}&#8221; el_class=&#8221;align-right&#8221;][vc_column width=&#8221;2\/3&#8243;][vc_custom_heading text=&#8221;Not sure which solution is the best for your specific case?&#8221; font_container=&#8221;tag:h3|font_size:18|text_align:left|color:%23111111&#8243; use_theme_fonts=&#8221;yes&#8221; css=&#8221;.vc_custom_1455633279697{margin-top: 10px !important;}&#8221;][\/vc_column][vc_column width=&#8221;1\/3&#8243;][thememove_button text=&#8221;Contact Us&#8221; url=&#8221;http:\/\/ivmtech.it\/contatti\/&#8221;][\/vc_column][\/vc_row]<\/p>","protected":false},"excerpt":{"rendered":"<p>[vc_row][vc_column][vc_custom_heading text=&#8221;SWAN &#8211; Smart Wayside Accelerometric Network&#8221; font_container=&#8221;tag:h2|text_align:left|color:%23111111&#8243; use_theme_fonts=&#8221;yes&#8221; el_class=&#8221;style3&#8243; css=&#8221;.vc_custom_1596463774509{margin-bottom: 10px !important;}&#8221;][vc_row_inner css=&#8221;.vc_custom_1448360454152{margin-bottom: 0px !important;}&#8221;][vc_column_inner width=&#8221;1\/2&#8243;][vc_column_text] SWAN is a [&hellip;]<\/p>\n","protected":false},"author":1,"featured_media":79045,"parent":74861,"menu_order":0,"comment_status":"closed","ping_status":"closed","template":"","meta":[],"yoast_head":"<!-- This site is optimized with the Yoast SEO plugin v15.9 - https:\/\/yoast.com\/wordpress\/plugins\/seo\/ -->\n<title>SWAN - IVM S.r.l<\/title>\n<meta name=\"description\" content=\"Wheelset Condition Monitoring System (WCM) - Predictive and Condition-based Maintenance of any Train&#039;s Wheel &amp; Track Wear Prevention\" \/>\n<meta name=\"robots\" content=\"index, follow, max-snippet:-1, max-image-preview:large, max-video-preview:-1\" \/>\n<link rel=\"canonical\" href=\"https:\/\/ivmtech.it\/prodotti\/swan\/\" \/>\n<meta property=\"og:locale\" content=\"en_US\" \/>\n<meta property=\"og:type\" content=\"article\" \/>\n<meta property=\"og:title\" content=\"SWAN - IVM S.r.l\" \/>\n<meta property=\"og:description\" content=\"{:it}Wheel Conditioning Monitoring (WCM) - Manutenzione On-Condition e Predittiva delle Ruote dei Treni e Prevenzione Usura Binario{:en}Wheelset Condition Monitoring System (WCM) - Predictive and Condition-based Maintenance of any Train&#039;s Wheel &amp; Track Wear Prevention{:fr}Wheelset Condition Monitoring System (WCM) - Maintenance Pr\u00e9dictive et Conditionnelle des roues du train et Pr\u00e9vention de l&#039;usure des voies{:es}Wheelset Condition Monitoring System (WCM) - Mantenimiento Predictivo y Basado en Condici\u00f3n de las ruedas del tren y Prevenci\u00f3n de desgaste de la v\u00eda{:}\" \/>\n<meta property=\"og:url\" content=\"https:\/\/ivmtech.it\/prodotti\/swan\/\" \/>\n<meta property=\"og:site_name\" content=\"IVM S.r.l\" \/>\n<meta property=\"article:modified_time\" content=\"2023-07-17T11:24:41+00:00\" \/>\n<meta property=\"og:image\" content=\"https:\/\/ivmtech.it\/wp-content\/uploads\/2023\/07\/SWAN-IVM-srl.png\" \/>\n\t<meta property=\"og:image:width\" content=\"500\" \/>\n\t<meta property=\"og:image:height\" content=\"500\" \/>\n<meta name=\"twitter:card\" content=\"summary_large_image\" \/>\n<meta name=\"twitter:label1\" content=\"Est. reading time\">\n\t<meta name=\"twitter:data1\" content=\"3 minutes\">\n<script type=\"application\/ld+json\" class=\"yoast-schema-graph\">{\"@context\":\"https:\/\/schema.org\",\"@graph\":[{\"@type\":\"WebSite\",\"@id\":\"https:\/\/ivmtech.it\/#website\",\"url\":\"https:\/\/ivmtech.it\/\",\"name\":\"IVM S.r.l\",\"description\":\"Innovative Vibration Monitoring\",\"potentialAction\":[{\"@type\":\"SearchAction\",\"target\":\"https:\/\/ivmtech.it\/?s={search_term_string}\",\"query-input\":\"required name=search_term_string\"}],\"inLanguage\":\"en-US\"},{\"@type\":\"ImageObject\",\"@id\":\"https:\/\/ivmtech.it\/prodotti\/swan\/#primaryimage\",\"inLanguage\":\"en-US\",\"url\":\"https:\/\/ivmtech.it\/wp-content\/uploads\/2023\/07\/SWAN-IVM-srl.png\",\"width\":500,\"height\":500},{\"@type\":\"WebPage\",\"@id\":\"https:\/\/ivmtech.it\/prodotti\/swan\/#webpage\",\"url\":\"https:\/\/ivmtech.it\/prodotti\/swan\/\",\"name\":\"SWAN - IVM S.r.l\",\"isPartOf\":{\"@id\":\"https:\/\/ivmtech.it\/#website\"},\"primaryImageOfPage\":{\"@id\":\"https:\/\/ivmtech.it\/prodotti\/swan\/#primaryimage\"},\"datePublished\":\"2015-11-25T11:38:18+00:00\",\"dateModified\":\"2023-07-17T11:24:41+00:00\",\"description\":\"{:it}Wheel Conditioning Monitoring (WCM) - Manutenzione On-Condition e Predittiva delle Ruote dei Treni e Prevenzione Usura Binario{:en}Wheelset Condition Monitoring System (WCM) - Predictive and Condition-based Maintenance of any Train's Wheel & Track Wear Prevention{:fr}Wheelset Condition Monitoring System (WCM) - Maintenance Pr\\u00e9dictive et Conditionnelle des roues du train et Pr\\u00e9vention de l'usure des voies{:es}Wheelset Condition Monitoring System (WCM) - Mantenimiento Predictivo y Basado en Condici\\u00f3n de las ruedas del tren y Prevenci\\u00f3n de desgaste de la v\\u00eda{:}\",\"breadcrumb\":{\"@id\":\"https:\/\/ivmtech.it\/prodotti\/swan\/#breadcrumb\"},\"inLanguage\":\"en-US\",\"potentialAction\":[{\"@type\":\"ReadAction\",\"target\":[\"https:\/\/ivmtech.it\/prodotti\/swan\/\"]}]},{\"@type\":\"BreadcrumbList\",\"@id\":\"https:\/\/ivmtech.it\/prodotti\/swan\/#breadcrumb\",\"itemListElement\":[{\"@type\":\"ListItem\",\"position\":1,\"item\":{\"@type\":\"WebPage\",\"@id\":\"https:\/\/ivmtech.it\/\",\"url\":\"https:\/\/ivmtech.it\/\",\"name\":\"Home\"}},{\"@type\":\"ListItem\",\"position\":2,\"item\":{\"@type\":\"WebPage\",\"@id\":\"https:\/\/ivmtech.it\/prodotti\/\",\"url\":\"https:\/\/ivmtech.it\/prodotti\/\",\"name\":\"Prodotti\"}},{\"@type\":\"ListItem\",\"position\":3,\"item\":{\"@type\":\"WebPage\",\"@id\":\"https:\/\/ivmtech.it\/prodotti\/swan\/\",\"url\":\"https:\/\/ivmtech.it\/prodotti\/swan\/\",\"name\":\"SWAN\"}}]}]}<\/script>\n<!-- \/ Yoast SEO plugin. -->","_links":{"self":[{"href":"https:\/\/ivmtech.it\/en\/wp-json\/wp\/v2\/pages\/75044"}],"collection":[{"href":"https:\/\/ivmtech.it\/en\/wp-json\/wp\/v2\/pages"}],"about":[{"href":"https:\/\/ivmtech.it\/en\/wp-json\/wp\/v2\/types\/page"}],"author":[{"embeddable":true,"href":"https:\/\/ivmtech.it\/en\/wp-json\/wp\/v2\/users\/1"}],"replies":[{"embeddable":true,"href":"https:\/\/ivmtech.it\/en\/wp-json\/wp\/v2\/comments?post=75044"}],"version-history":[{"count":50,"href":"https:\/\/ivmtech.it\/en\/wp-json\/wp\/v2\/pages\/75044\/revisions"}],"predecessor-version":[{"id":79026,"href":"https:\/\/ivmtech.it\/en\/wp-json\/wp\/v2\/pages\/75044\/revisions\/79026"}],"up":[{"embeddable":true,"href":"https:\/\/ivmtech.it\/en\/wp-json\/wp\/v2\/pages\/74861"}],"wp:featuredmedia":[{"embeddable":true,"href":"https:\/\/ivmtech.it\/en\/wp-json\/wp\/v2\/media\/79045"}],"wp:attachment":[{"href":"https:\/\/ivmtech.it\/en\/wp-json\/wp\/v2\/media?parent=75044"}],"curies":[{"name":"wp","href":"https:\/\/api.w.org\/{rel}","templated":true}]}}