{"id":75127,"date":"2016-01-13T09:03:29","date_gmt":"2016-01-13T08:03:29","guid":{"rendered":"http:\/\/ivmtech.it\/?page_id=75127"},"modified":"2023-07-17T13:20:40","modified_gmt":"2023-07-17T11:20:40","slug":"ew-lms","status":"publish","type":"page","link":"https:\/\/ivmtech.it\/en\/prodotti\/ew-lms\/","title":{"rendered":"EW-LMS"},"content":{"rendered":"<p>[vc_row][vc_column][vc_custom_heading text=&#8221;Early Warning-Landslide Monitoring System &#8211; EW-LMS&#8221; font_container=&#8221;tag:h2|text_align:left|color:%23111111&#8243; use_theme_fonts=&#8221;yes&#8221; el_class=&#8221;style3&#8243; css=&#8221;.vc_custom_1455621953884{margin-bottom: 10px !important;}&#8221;][vc_row_inner css=&#8221;.vc_custom_1448360454152{margin-bottom: 0px !important;}&#8221;][vc_column_inner][vc_column_text]<img style=\"float: left; margin-right: 15px; width: 100%; max-width: 500px;\" src=\"http:\/\/ivmtech.it\/wp-content\/uploads\/2016\/01\/EW_LMS.png\" alt=\"\" \/><\/p>\n<p style=\"text-align: justify;\">Railway lines running through mountainous areas are often characterized by sections overlooking artificial slopes. Intense and sudden rainfall increases the likelihood of slope breaks and consequent rapid mudslides and debris, which can lead to high-risk situations for trains\u2019 circulation safety. The EW-LMS system is designed to detect possible landslides and promptly provide warnings, so as to suspend the trains circulation proactively.<br \/>\nThe<strong> EW-LMS system<\/strong> is able to monitor in real time even large areas through a network of inclinometer sensors that measure the head rotation of instrumented shafts stuck into the ground, and consequently the occurring landslide. The combined use of terrain moisture sensors, for each point in the network, allows to determine the conditions of imminent danger and therefore to generate alert conditions.<\/p>\n<p>[\/vc_column_text][vc_single_image image=&#8221;75207&#8243; img_size=&#8221;full&#8221; alignment=&#8221;center&#8221;][vc_column_text]<\/p>\n<p>The system provides a remote monitoring and control system, an overview of the situation and an overall synthetic evaluation of the monitored area. The system is 100% wireless and battery powered and it is particularly cost-effective in terms of equipment, installation and ordinary maintenance.<\/p>\n<p>[\/vc_column_text][vc_gallery type=&#8221;nivo&#8221; interval=&#8221;5&#8243; images=&#8221;75129,75205&#8243; img_size=&#8221;full&#8221; onclick=&#8221;link_no&#8221; el_class=&#8221;ewlms_gallery&#8221;][\/vc_column_inner][\/vc_row_inner][vc_row_inner css=&#8221;.vc_custom_1448443348973{margin-top: 15px !important;}&#8221;][vc_column_inner][vc_custom_heading text=&#8221;ITALIAN PATENT&#8221; font_container=&#8221;tag:h2|text_align:left|color:%23111111&#8243; use_theme_fonts=&#8221;yes&#8221; el_class=&#8221;style3&#8243; css=&#8221;.vc_custom_1455622536584{margin-bottom: 10px !important;}&#8221;][vc_column_text]<\/p>\n<p style=\"text-align: justify;\"><strong>Title:<\/strong> System and method for landslide risk areas monitoring<br \/>\n<strong>Italian Patent Licence:<\/strong> May 3, 2012 patent n. 0001393752<\/p>\n<p>[\/vc_column_text][\/vc_column_inner][\/vc_row_inner][vc_row_inner css=&#8221;.vc_custom_1688045191731{margin-right: 0px !important;margin-left: 0px !important;border-top-width: 1px !important;padding-top: 15px !important;padding-bottom: 15px !important;background-color: #ffd200 !important;}&#8221;][vc_column_inner width=&#8221;5\/6&#8243;][vc_custom_heading text=&#8221;Download EW-LMS product documentation&#8221; font_container=&#8221;tag:h3|font_size:18|text_align:left|color:%23111111|line_height:1&#8243; use_theme_fonts=&#8221;yes&#8221; css=&#8221;.vc_custom_1456154028522{padding-left: 30px !important;}&#8221;][\/vc_column_inner][vc_column_inner width=&#8221;1\/6&#8243; css=&#8221;.vc_custom_1448357100884{margin-top: -15px !important;}&#8221;][vc_btn title=&#8221;Brochure&#8221; style=&#8221;outline&#8221; shape=&#8221;square&#8221; color=&#8221;black&#8221; align=&#8221;center&#8221; link=&#8221;url:https%3A%2F%2Fivmtech.it%2Fwp-content%2Fuploads%2F2023%2F06%2FBrochure-EWLMS_ENG_EARLY-WARNING-LANDSLIDES-MONITORING-SYSTEM.pdf||target:%20_blank|&#8221;][\/vc_column_inner][\/vc_row_inner][vc_empty_space height=&#8221;20px&#8221;][\/vc_column][\/vc_row][vc_row full_width=&#8221;stretch_row&#8221; css=&#8221;.vc_custom_1448019018552{margin-bottom: 0px !important;border-top-width: 1px !important;padding-top: 50px !important;padding-bottom: 50px !important;background-color: #eeeeee !important;background-position: center !important;background-repeat: no-repeat !important;background-size: cover !important;border-top-color: #dddddd !important;border-top-style: solid !important;}&#8221; el_class=&#8221;align-right&#8221;][vc_column width=&#8221;2\/3&#8243;][vc_custom_heading text=&#8221;Not sure which solution is the best for your specific case?&#8221; font_container=&#8221;tag:h3|font_size:18|text_align:left|color:%23111111&#8243; use_theme_fonts=&#8221;yes&#8221; css=&#8221;.vc_custom_1455622633014{margin-top: 10px !important;}&#8221;][\/vc_column][vc_column width=&#8221;1\/3&#8243;][thememove_button text=&#8221;Contact Us&#8221; url=&#8221;http:\/\/ivmtech.it\/contatti\/&#8221;][\/vc_column][\/vc_row]<\/p>","protected":false},"excerpt":{"rendered":"<p>[vc_row][vc_column][vc_custom_heading text=&#8221;Early Warning-Landslide Monitoring System &#8211; EW-LMS&#8221; font_container=&#8221;tag:h2|text_align:left|color:%23111111&#8243; use_theme_fonts=&#8221;yes&#8221; el_class=&#8221;style3&#8243; css=&#8221;.vc_custom_1455621953884{margin-bottom: 10px !important;}&#8221;][vc_row_inner css=&#8221;.vc_custom_1448360454152{margin-bottom: 0px !important;}&#8221;][vc_column_inner][vc_column_text] Railway lines running through [&hellip;]<\/p>\n","protected":false},"author":1,"featured_media":79046,"parent":74861,"menu_order":0,"comment_status":"closed","ping_status":"closed","template":"","meta":[],"yoast_head":"<!-- This site is optimized with the Yoast SEO plugin v15.9 - https:\/\/yoast.com\/wordpress\/plugins\/seo\/ -->\n<title>EW-LMS - IVM S.r.l<\/title>\n<meta name=\"description\" content=\"Early Warning Landslides Detection System - Proactive detection of landslides and promptly provide warnings, protecting the trains circulation\" \/>\n<meta name=\"robots\" content=\"index, follow, max-snippet:-1, max-image-preview:large, max-video-preview:-1\" \/>\n<link rel=\"canonical\" href=\"https:\/\/ivmtech.it\/prodotti\/ew-lms\/\" \/>\n<meta property=\"og:locale\" content=\"en_US\" \/>\n<meta property=\"og:type\" content=\"article\" \/>\n<meta property=\"og:title\" content=\"EW-LMS - IVM S.r.l\" \/>\n<meta property=\"og:description\" content=\"{:it}Early Warning Landslides Detection System - Rilevamento proattivo delle frane e Segnalazione tempestiva per proteggere la circolazione ferroviaria{:en}Early Warning Landslides Detection System - Proactive detection of landslides and promptly provide warnings, protecting the trains circulation{:fr}Early Warning Landslides Detection System - D\u00e9tection proactive des \u00e9boulements et Alerte en temps opportun pour prot\u00e9ger le trafic ferroviaire{:es}Early Warning Landslides Detection System - Detecci\u00f3n proactiva de deslizamientos e Informes oportunos para proteger el tr\u00e1fico ferroviario{:}\" \/>\n<meta property=\"og:url\" content=\"https:\/\/ivmtech.it\/prodotti\/ew-lms\/\" \/>\n<meta property=\"og:site_name\" content=\"IVM S.r.l\" \/>\n<meta property=\"article:modified_time\" content=\"2023-07-17T11:20:40+00:00\" \/>\n<meta property=\"og:image\" content=\"https:\/\/ivmtech.it\/wp-content\/uploads\/2023\/07\/EW-LMS_-IVM-srl.png\" \/>\n\t<meta property=\"og:image:width\" content=\"500\" \/>\n\t<meta property=\"og:image:height\" content=\"500\" \/>\n<meta name=\"twitter:card\" content=\"summary_large_image\" \/>\n<meta name=\"twitter:label1\" content=\"Est. reading time\">\n\t<meta name=\"twitter:data1\" content=\"2 minutes\">\n<script type=\"application\/ld+json\" class=\"yoast-schema-graph\">{\"@context\":\"https:\/\/schema.org\",\"@graph\":[{\"@type\":\"WebSite\",\"@id\":\"https:\/\/ivmtech.it\/#website\",\"url\":\"https:\/\/ivmtech.it\/\",\"name\":\"IVM S.r.l\",\"description\":\"Innovative Vibration Monitoring\",\"potentialAction\":[{\"@type\":\"SearchAction\",\"target\":\"https:\/\/ivmtech.it\/?s={search_term_string}\",\"query-input\":\"required name=search_term_string\"}],\"inLanguage\":\"en-US\"},{\"@type\":\"ImageObject\",\"@id\":\"https:\/\/ivmtech.it\/prodotti\/ew-lms\/#primaryimage\",\"inLanguage\":\"en-US\",\"url\":\"https:\/\/ivmtech.it\/wp-content\/uploads\/2023\/07\/EW-LMS_-IVM-srl.png\",\"width\":500,\"height\":500},{\"@type\":\"WebPage\",\"@id\":\"https:\/\/ivmtech.it\/prodotti\/ew-lms\/#webpage\",\"url\":\"https:\/\/ivmtech.it\/prodotti\/ew-lms\/\",\"name\":\"EW-LMS - IVM S.r.l\",\"isPartOf\":{\"@id\":\"https:\/\/ivmtech.it\/#website\"},\"primaryImageOfPage\":{\"@id\":\"https:\/\/ivmtech.it\/prodotti\/ew-lms\/#primaryimage\"},\"datePublished\":\"2016-01-13T08:03:29+00:00\",\"dateModified\":\"2023-07-17T11:20:40+00:00\",\"description\":\"{:it}Early Warning Landslides Detection System - Rilevamento proattivo delle frane e Segnalazione tempestiva per proteggere la circolazione ferroviaria{:en}Early Warning Landslides Detection System - Proactive detection of landslides and promptly provide warnings, protecting the trains circulation{:fr}Early Warning Landslides Detection System - D\\u00e9tection proactive des \\u00e9boulements et Alerte en temps opportun pour prot\\u00e9ger le trafic ferroviaire{:es}Early Warning Landslides Detection System - Detecci\\u00f3n proactiva de deslizamientos e Informes oportunos para proteger el tr\\u00e1fico ferroviario{:}\",\"breadcrumb\":{\"@id\":\"https:\/\/ivmtech.it\/prodotti\/ew-lms\/#breadcrumb\"},\"inLanguage\":\"en-US\",\"potentialAction\":[{\"@type\":\"ReadAction\",\"target\":[\"https:\/\/ivmtech.it\/prodotti\/ew-lms\/\"]}]},{\"@type\":\"BreadcrumbList\",\"@id\":\"https:\/\/ivmtech.it\/prodotti\/ew-lms\/#breadcrumb\",\"itemListElement\":[{\"@type\":\"ListItem\",\"position\":1,\"item\":{\"@type\":\"WebPage\",\"@id\":\"https:\/\/ivmtech.it\/\",\"url\":\"https:\/\/ivmtech.it\/\",\"name\":\"Home\"}},{\"@type\":\"ListItem\",\"position\":2,\"item\":{\"@type\":\"WebPage\",\"@id\":\"https:\/\/ivmtech.it\/prodotti\/\",\"url\":\"https:\/\/ivmtech.it\/prodotti\/\",\"name\":\"Prodotti\"}},{\"@type\":\"ListItem\",\"position\":3,\"item\":{\"@type\":\"WebPage\",\"@id\":\"https:\/\/ivmtech.it\/prodotti\/ew-lms\/\",\"url\":\"https:\/\/ivmtech.it\/prodotti\/ew-lms\/\",\"name\":\"EW-LMS\"}}]}]}<\/script>\n<!-- \/ Yoast SEO plugin. -->","_links":{"self":[{"href":"https:\/\/ivmtech.it\/en\/wp-json\/wp\/v2\/pages\/75127"}],"collection":[{"href":"https:\/\/ivmtech.it\/en\/wp-json\/wp\/v2\/pages"}],"about":[{"href":"https:\/\/ivmtech.it\/en\/wp-json\/wp\/v2\/types\/page"}],"author":[{"embeddable":true,"href":"https:\/\/ivmtech.it\/en\/wp-json\/wp\/v2\/users\/1"}],"replies":[{"embeddable":true,"href":"https:\/\/ivmtech.it\/en\/wp-json\/wp\/v2\/comments?post=75127"}],"version-history":[{"count":25,"href":"https:\/\/ivmtech.it\/en\/wp-json\/wp\/v2\/pages\/75127\/revisions"}],"predecessor-version":[{"id":79020,"href":"https:\/\/ivmtech.it\/en\/wp-json\/wp\/v2\/pages\/75127\/revisions\/79020"}],"up":[{"embeddable":true,"href":"https:\/\/ivmtech.it\/en\/wp-json\/wp\/v2\/pages\/74861"}],"wp:featuredmedia":[{"embeddable":true,"href":"https:\/\/ivmtech.it\/en\/wp-json\/wp\/v2\/media\/79046"}],"wp:attachment":[{"href":"https:\/\/ivmtech.it\/en\/wp-json\/wp\/v2\/media?parent=75127"}],"curies":[{"name":"wp","href":"https:\/\/api.w.org\/{rel}","templated":true}]}}