{"id":75147,"date":"2016-01-13T10:35:43","date_gmt":"2016-01-13T09:35:43","guid":{"rendered":"http:\/\/ivmtech.it\/?page_id=75147"},"modified":"2023-07-17T13:23:45","modified_gmt":"2023-07-17T11:23:45","slug":"octopus","status":"publish","type":"page","link":"https:\/\/ivmtech.it\/en\/prodotti\/octopus\/","title":{"rendered":"OCTOPUS"},"content":{"rendered":"<p>[vc_row][vc_column][vc_custom_heading text=&#8221;OCTOPUS &#8211; Wheel\/Rail Interaction Diagnostic System&#8221; font_container=&#8221;tag:h2|text_align:left|color:%23111111&#8243; use_theme_fonts=&#8221;yes&#8221; el_class=&#8221;style3&#8243; css=&#8221;.vc_custom_1455624305303{margin-bottom: 10px !important;}&#8221;][vc_column_text]<\/p>\n<p style=\"text-align: justify;\"><strong>OCTOPUS<\/strong> is an on-board the train system designed to monitor the wheel\/rail interaction, by measuring the accelerations of the train while running. It consists of several sensors, installed in different points, acquired with absolute synchrony and georeferenced by a GPS. The absolute synchrony of the acquired accelerometric data and the sophisticated data processing allows to obtain diagnostic information of the wheelset\/track interaction, of the bogie\/rail interaction and of the wagon\/rail interaction.<\/p>\n<p style=\"text-align: justify;\"><strong>OCTOPUS<\/strong>, when installed on-board trains that frequently run on the same routes, connects diagnostic elements to the points on the railway line, in order to obtain information on possible degradation of the railway line.<\/p>\n<p>[\/vc_column_text][vc_row_inner css=&#8221;.vc_custom_1448360454152{margin-bottom: 0px !important;}&#8221;][vc_column_inner width=&#8221;1\/2&#8243;][vc_single_image image=&#8221;76815&#8243; img_size=&#8221;full&#8221;][\/vc_column_inner][vc_column_inner width=&#8221;1\/2&#8243;][vc_single_image image=&#8221;76818&#8243; img_size=&#8221;full&#8221;][\/vc_column_inner][vc_column_inner][vc_single_image image=&#8221;76814&#8243; img_size=&#8221;full&#8221; alignment=&#8221;center&#8221;][\/vc_column_inner][\/vc_row_inner][vc_row_inner css=&#8221;.vc_custom_1688051257480{margin-right: 0px !important;margin-left: 0px !important;padding-top: 15px !important;padding-bottom: 15px !important;background-color: #ffd200 !important;}&#8221;][vc_column_inner width=&#8221;5\/6&#8243;][vc_custom_heading text=&#8221;Download OCTOPUS product documentation&#8221; font_container=&#8221;tag:h3|font_size:18|text_align:left|color:%23111111|line_height:1&#8243; use_theme_fonts=&#8221;yes&#8221;][\/vc_column_inner][vc_column_inner width=&#8221;1\/6&#8243; css=&#8221;.vc_custom_1448357100884{margin-top: -15px !important;}&#8221;][vc_btn title=&#8221;Brochure&#8221; style=&#8221;outline&#8221; shape=&#8221;square&#8221; color=&#8221;black&#8221; align=&#8221;center&#8221; link=&#8221;url:http%3A%2F%2Fivmtech.it%2Fwp-content%2Fuploads%2F2019%2F11%2FBrochure-OCTOPUS_ENG.pdf|||&#8221;][\/vc_column_inner][\/vc_row_inner][vc_row_inner css=&#8221;.vc_custom_1448360454152{margin-bottom: 0px !important;}&#8221;][vc_column_inner][vc_custom_heading text=&#8221;Smart&amp;Start Italia &#8211; Railway Diagnostics &#8221; font_container=&#8221;tag:h2|text_align:left|color:%23111111&#8243; use_theme_fonts=&#8221;yes&#8221; el_class=&#8221;style3&#8243; css=&#8221;.vc_custom_1600169574537{margin-top: 32px !important;margin-bottom: 10px !important;}&#8221;][vc_column_text]<strong>Railway Diagnostics<\/strong> is funded by PON IC 2014-2020 resources within the <em><strong>Smart&amp;Start Italia <\/strong><\/em>project.[\/vc_column_text][vc_single_image image=&#8221;77166&#8243; img_size=&#8221;full&#8221; alignment=&#8221;right&#8221;][\/vc_column_inner][\/vc_row_inner][vc_custom_heading text=&#8221;POTPREM&#8221; font_container=&#8221;tag:h2|text_align:left|color:%23111111&#8243; use_theme_fonts=&#8221;yes&#8221; el_class=&#8221;style3&#8243; css=&#8221;.vc_custom_1571128743755{margin-top: 32px !important;margin-bottom: 10px !important;}&#8221;][vc_row_inner css=&#8221;.vc_custom_1448360454152{margin-bottom: 0px !important;}&#8221;][vc_column_inner][vc_column_text]<strong>POTPREM\u00a0<\/strong>\u00a0(<strong>PO<\/strong>sizionamento\u00a0<strong>T<\/strong>reni lungo tracciati ferroviari con\u00a0<strong>PRE<\/strong>cisione\u00a0<strong>M<\/strong>etrica) is a feasibility study co-financed by the ROP ERDF Campania 2014-2020 &#8211; Axis 1 &#8211; SO 1.1. \u2013 Public notice for business support.[\/vc_column_text][vc_gallery type=&#8221;image_grid&#8221; images=&#8221;76136,76139,76137,76138&#8243; img_size=&#8221;100&#215;100&#8243; onclick=&#8221;&#8221;][\/vc_column_inner][\/vc_row_inner][\/vc_column][\/vc_row][vc_row full_width=&#8221;stretch_row&#8221; css=&#8221;.vc_custom_1448019018552{margin-bottom: 0px !important;border-top-width: 1px !important;padding-top: 50px !important;padding-bottom: 50px !important;background-color: #eeeeee !important;background-position: center !important;background-repeat: no-repeat !important;background-size: cover !important;border-top-color: #dddddd !important;border-top-style: solid !important;}&#8221; el_class=&#8221;align-right&#8221;][vc_column width=&#8221;2\/3&#8243;][vc_custom_heading text=&#8221;Not sure which solution is the best for your specific case?&#8221; font_container=&#8221;tag:h3|font_size:18|text_align:left|color:%23111111&#8243; use_theme_fonts=&#8221;yes&#8221; css=&#8221;.vc_custom_1456216506850{margin-top: 10px !important;}&#8221;][\/vc_column][vc_column width=&#8221;1\/3&#8243;][thememove_button text=&#8221;Contact Us&#8221; url=&#8221;http:\/\/ivmtech.it\/contatti\/&#8221;][\/vc_column][\/vc_row]<\/p>","protected":false},"excerpt":{"rendered":"<p>[vc_row][vc_column][vc_custom_heading text=&#8221;OCTOPUS &#8211; Wheel\/Rail Interaction Diagnostic System&#8221; font_container=&#8221;tag:h2|text_align:left|color:%23111111&#8243; use_theme_fonts=&#8221;yes&#8221; el_class=&#8221;style3&#8243; css=&#8221;.vc_custom_1455624305303{margin-bottom: 10px !important;}&#8221;][vc_column_text] OCTOPUS is an on-board the train system [&hellip;]<\/p>\n","protected":false},"author":1,"featured_media":79047,"parent":74861,"menu_order":0,"comment_status":"closed","ping_status":"closed","template":"","meta":[],"yoast_head":"<!-- This site is optimized with the Yoast SEO plugin v15.9 - https:\/\/yoast.com\/wordpress\/plugins\/seo\/ -->\n<title>OCTOPUS - IVM S.r.l<\/title>\n<meta name=\"description\" content=\"Wheel\/rail interaction system - On-board monitoring of the acceleration produced during the train run\" \/>\n<meta name=\"robots\" content=\"index, follow, max-snippet:-1, max-image-preview:large, max-video-preview:-1\" \/>\n<link rel=\"canonical\" href=\"https:\/\/ivmtech.it\/prodotti\/octopus\/\" \/>\n<meta property=\"og:locale\" content=\"en_US\" \/>\n<meta property=\"og:type\" content=\"article\" \/>\n<meta property=\"og:title\" content=\"OCTOPUS - IVM S.r.l\" \/>\n<meta property=\"og:description\" content=\"{:it}Sistema di Interazione Ruota \/ Rotaia - Misura a bordo treno delle accelerazioni prodotte durante la marcia{:en}Wheel\/rail interaction system - On-board monitoring of the acceleration produced during the train run{:fr}Syst\u00e8me d&#039;interaction Roue\/Rail - Surveillance embarqu\u00e9e de l&#039;acc\u00e9l\u00e9ration produite pendant la course du train{:es}Sistema de interacci\u00f3n Rueda \/ Riel: Monitoreo a bordo de la aceleraci\u00f3n producida durante la marcha del tren{:}\" \/>\n<meta property=\"og:url\" content=\"https:\/\/ivmtech.it\/prodotti\/octopus\/\" \/>\n<meta property=\"og:site_name\" content=\"IVM S.r.l\" \/>\n<meta property=\"article:modified_time\" content=\"2023-07-17T11:23:45+00:00\" \/>\n<meta property=\"og:image\" content=\"https:\/\/ivmtech.it\/wp-content\/uploads\/2023\/07\/OCTOPUS_-IVM-srl.png\" \/>\n\t<meta property=\"og:image:width\" content=\"500\" \/>\n\t<meta property=\"og:image:height\" content=\"500\" \/>\n<meta name=\"twitter:card\" content=\"summary_large_image\" \/>\n<meta name=\"twitter:label1\" content=\"Est. reading time\">\n\t<meta name=\"twitter:data1\" content=\"2 minutes\">\n<script type=\"application\/ld+json\" class=\"yoast-schema-graph\">{\"@context\":\"https:\/\/schema.org\",\"@graph\":[{\"@type\":\"WebSite\",\"@id\":\"https:\/\/ivmtech.it\/#website\",\"url\":\"https:\/\/ivmtech.it\/\",\"name\":\"IVM S.r.l\",\"description\":\"Innovative Vibration Monitoring\",\"potentialAction\":[{\"@type\":\"SearchAction\",\"target\":\"https:\/\/ivmtech.it\/?s={search_term_string}\",\"query-input\":\"required name=search_term_string\"}],\"inLanguage\":\"en-US\"},{\"@type\":\"ImageObject\",\"@id\":\"https:\/\/ivmtech.it\/prodotti\/octopus\/#primaryimage\",\"inLanguage\":\"en-US\",\"url\":\"https:\/\/ivmtech.it\/wp-content\/uploads\/2023\/07\/OCTOPUS_-IVM-srl.png\",\"width\":500,\"height\":500},{\"@type\":\"WebPage\",\"@id\":\"https:\/\/ivmtech.it\/prodotti\/octopus\/#webpage\",\"url\":\"https:\/\/ivmtech.it\/prodotti\/octopus\/\",\"name\":\"OCTOPUS - IVM S.r.l\",\"isPartOf\":{\"@id\":\"https:\/\/ivmtech.it\/#website\"},\"primaryImageOfPage\":{\"@id\":\"https:\/\/ivmtech.it\/prodotti\/octopus\/#primaryimage\"},\"datePublished\":\"2016-01-13T09:35:43+00:00\",\"dateModified\":\"2023-07-17T11:23:45+00:00\",\"description\":\"{:it}Sistema di Interazione Ruota \/ Rotaia - Misura a bordo treno delle accelerazioni prodotte durante la marcia{:en}Wheel\/rail interaction system - On-board monitoring of the acceleration produced during the train run{:fr}Syst\\u00e8me d'interaction Roue\/Rail - Surveillance embarqu\\u00e9e de l'acc\\u00e9l\\u00e9ration produite pendant la course du train{:es}Sistema de interacci\\u00f3n Rueda \/ Riel: Monitoreo a bordo de la aceleraci\\u00f3n producida durante la marcha del tren{:}\",\"breadcrumb\":{\"@id\":\"https:\/\/ivmtech.it\/prodotti\/octopus\/#breadcrumb\"},\"inLanguage\":\"en-US\",\"potentialAction\":[{\"@type\":\"ReadAction\",\"target\":[\"https:\/\/ivmtech.it\/prodotti\/octopus\/\"]}]},{\"@type\":\"BreadcrumbList\",\"@id\":\"https:\/\/ivmtech.it\/prodotti\/octopus\/#breadcrumb\",\"itemListElement\":[{\"@type\":\"ListItem\",\"position\":1,\"item\":{\"@type\":\"WebPage\",\"@id\":\"https:\/\/ivmtech.it\/\",\"url\":\"https:\/\/ivmtech.it\/\",\"name\":\"Home\"}},{\"@type\":\"ListItem\",\"position\":2,\"item\":{\"@type\":\"WebPage\",\"@id\":\"https:\/\/ivmtech.it\/prodotti\/\",\"url\":\"https:\/\/ivmtech.it\/prodotti\/\",\"name\":\"Prodotti\"}},{\"@type\":\"ListItem\",\"position\":3,\"item\":{\"@type\":\"WebPage\",\"@id\":\"https:\/\/ivmtech.it\/prodotti\/octopus\/\",\"url\":\"https:\/\/ivmtech.it\/prodotti\/octopus\/\",\"name\":\"OCTOPUS\"}}]}]}<\/script>\n<!-- \/ Yoast SEO plugin. -->","_links":{"self":[{"href":"https:\/\/ivmtech.it\/en\/wp-json\/wp\/v2\/pages\/75147"}],"collection":[{"href":"https:\/\/ivmtech.it\/en\/wp-json\/wp\/v2\/pages"}],"about":[{"href":"https:\/\/ivmtech.it\/en\/wp-json\/wp\/v2\/types\/page"}],"author":[{"embeddable":true,"href":"https:\/\/ivmtech.it\/en\/wp-json\/wp\/v2\/users\/1"}],"replies":[{"embeddable":true,"href":"https:\/\/ivmtech.it\/en\/wp-json\/wp\/v2\/comments?post=75147"}],"version-history":[{"count":52,"href":"https:\/\/ivmtech.it\/en\/wp-json\/wp\/v2\/pages\/75147\/revisions"}],"predecessor-version":[{"id":79023,"href":"https:\/\/ivmtech.it\/en\/wp-json\/wp\/v2\/pages\/75147\/revisions\/79023"}],"up":[{"embeddable":true,"href":"https:\/\/ivmtech.it\/en\/wp-json\/wp\/v2\/pages\/74861"}],"wp:featuredmedia":[{"embeddable":true,"href":"https:\/\/ivmtech.it\/en\/wp-json\/wp\/v2\/media\/79047"}],"wp:attachment":[{"href":"https:\/\/ivmtech.it\/en\/wp-json\/wp\/v2\/media?parent=75147"}],"curies":[{"name":"wp","href":"https:\/\/api.w.org\/{rel}","templated":true}]}}