{"id":75216,"date":"2016-02-16T15:25:50","date_gmt":"2016-02-16T14:25:50","guid":{"rendered":"http:\/\/ivmtech.it\/?page_id=75216"},"modified":"2024-02-16T09:31:28","modified_gmt":"2024-02-16T08:31:28","slug":"ricercaesviluppo","status":"publish","type":"page","link":"https:\/\/ivmtech.it\/en\/ricercaesviluppo\/","title":{"rendered":"R&#038;D"},"content":{"rendered":"<p>[vc_row][vc_column][vc_custom_heading text=&#8221;RESEARCH AND DEVELOPMENT&#8221; font_container=&#8221;tag:h2|font_size:24|text_align:left|color:%23000000&#8243; google_fonts=&#8221;font_family:Oswald%3A300%2Cregular%2C700|font_style:700%20bold%20regular%3A700%3Anormal&#8221; el_class=&#8221;style3&#8243;][vc_empty_space height=&#8221;20px&#8221;][vc_column_text]IVM carries out a significant R&amp;D activity, partially supported by Italian and European contributions, aimed to:<\/p>\n<ul>\n<li>develop new products;<\/li>\n<li>continuously improve products;<\/li>\n<li>encourage the growth of its staff.<\/li>\n<\/ul>\n<p>The main lines of research are:<\/p>\n<p><strong>a) Development of diagnostic systems for track and wheel conditions.<\/strong><\/p>\n<p><strong>SIDIRR project<\/strong> is a part of this research line. It lasted 36 months and ended at the end of 2019. The project was funded by the Ministry of Economic Development, PON I&amp;C 2014-2020, R&amp;D project in the technological areas of Horizon 2020 &#8211; Decree of 13\/12\/2017 CUP B88I17000610008. Thanks to this project it was possible to create an advanced system on board train to monitor continuously the vibrations for diagnostic purposes. The system is installed as a demonstration on a regional train in Campania. The project therefore allowed the development of the system and data analysis algorithms at a fully operational level (TRL7).<\/p>\n<p><a href=\"https:\/\/ivmtech.it\/wp-content\/uploads\/2018\/09\/sidirr.png\"><img loading=\"lazy\" class=\"aligncenter wp-image-76077 size-medium\" src=\"https:\/\/ivmtech.it\/wp-content\/uploads\/2018\/09\/sidirr-300x300.png\" alt=\"\" width=\"300\" height=\"300\" srcset=\"https:\/\/ivmtech.it\/wp-content\/uploads\/2018\/09\/sidirr-300x300.png 300w, https:\/\/ivmtech.it\/wp-content\/uploads\/2018\/09\/sidirr-150x150.png 150w, https:\/\/ivmtech.it\/wp-content\/uploads\/2018\/09\/sidirr.png 500w\" sizes=\"(max-width: 300px) 100vw, 300px\" \/><\/a><\/p>\n<p>Then, <strong>OCTOPUS project<\/strong> began. It\u2019s financed by the Ministry of Economic Development, Fund for Sustainable Growth \u2013 &#8220;<em>Fabbrica Intelligente<\/em>&#8221; PON I&amp;C 2014-2020, as per Ministerial Decree of March 5, 2018, Chapter III CUP: B61B20000300005. The OCTOPUS project is based on the excellent results of the previous project in terms of track diagnostics. The purpose is to develop a service, to be proposed to Infrastructure Managers, that is based on data processing of monitoring systems that are installed on board of standard running trains.<br \/>\nThe service will allow to overcome the main obstacle related to the diffusion of this type of product, that need expertise in data processing to extract significant diagnostic parameters.<\/p>\n<p><strong>b) Continuously POWERVE improving<\/strong><\/p>\n<p>The company philosophy leads IVM to a continuous improvement of its products. In particular for the POWERVE product, there is always a continuous innovation activity aimed at improving mechanics, electronics and software.<\/p>\n<p>The POWERVE product is supported by continuous research focused on the:<\/p>\n<ul>\n<li>development of better performing POWERVE system load cells.<\/li>\n<\/ul>\n<p>Consequently, IVM investment is considerable but POWERVE is now conconsidered by the market a competitive product compared to fixed systems. The improvement in measurement quality has reached almost the same levels than fixed systems and it opens to a much larger market.[\/vc_column_text][vc_custom_heading text=&#8221;IVM RESEARCH AND INNOVATION ACTIVITIES&#8221; font_container=&#8221;tag:h2|font_size:24|text_align:left|color:%23000000&#8243; google_fonts=&#8221;font_family:Oswald%3A300%2Cregular%2C700|font_style:700%20bold%20regular%3A700%3Anormal&#8221; el_class=&#8221;style3&#8243;][vc_empty_space height=&#8221;20px&#8221;][vc_column_text]IVM is member of the CTIF consortium composed of SMEs from Campania region characterized by high tech activities, which operate in the railway domain to provide services\/products\/solutions. The CTIF consortium is member of the <a href=\"http:\/\/regione.campania.it\/it\/tematiche\/distretti-tecnologici\/dattilo-distretto-alta-tecnologia-trasporti-e-logistica?page=1\">Distretto Tecnologico per i Trasporti della Campania DATTILO<\/a>, PON R&amp;C2007-2014, where SMEs, big industries, research centres and universities are united with the following objectives: 1) to carry out industrial research projects with the aim of developing innovative products and raising the competitiveness level of Campania region; 2) to promote dissemination activities, research results exploitation, and companies internationalization. IVM is currently involved, as research partner, in two<a href=\"http:\/\/www.smau.it\/napoli13\/partners\/dattilo\/\"> DATTILO <\/a>projects:<\/p>\n<ul>\n<li><em><strong>Nembo <\/strong><\/em>\u2013 <em>sistemi i<strong>N<\/strong>novativi \u201c<strong>EMB<\/strong>edded\u201d caratterizzati da elevata efficienza per applicazioni ferr<strong>O<\/strong>viarie<\/em> \u2013 IVM develops a MEMS accelerometer odometry system for trains, in collaboration with Ansaldo STS, RFI, and other SMEs.<\/li>\n<li><em><strong>Modista <\/strong><\/em>\u2013 <em><strong>MO<\/strong>nitoraggio e <strong>DI<\/strong>agnostica preventiva da remoto di infrastrutture e flotte di veicoli per innalzare i livelli di disponibilit\u00e0, efficienza e sicurezza dei si<strong>ST<\/strong>emi ferrovi<strong>A<\/strong>ri<\/em> \u2013 IVM deploys a Wireless Sensor Network for monitoring and diagnostics of bridges and railway viaducts combined with satellite observation techniques.<\/li>\n<\/ul>\n<p>As a memeber of CTIF, IVM participates in the creation of the Italian Railway Platform coordinated by ASSIFER \/ Anie, association of Italian industries in the railway sector, for the participation to the strategic European project <a href=\"http:\/\/assifer.anie.com\/special-projects\/#.VIz5Bvl5OSp\">Shift2Rail. <\/a>This project,\u00a0 relative to the railway sector, is promoted by the European Commission and involves funding for over a billion of euros over a 6\/7 years period.<\/p>\n<p>IVM is also leader of an innovation project funded by the Campania region entitled<\/p>\n<ul>\n<li><em><strong>Morfeo<\/strong><\/em> \u2013 <em><strong>M<\/strong>onit<strong>OR<\/strong>aggio <strong>F<\/strong>rane per la gestion<strong>E<\/strong> del rischi<strong>O<\/strong><\/em> \u2013 Industrialisation of a research prototype, that is a system made of tensiometers and inclinometers, based on MEMS technology, together with the Italian patent owned by IVM (N. 0001393752 del 08\/05\/12 \u201c<em>Sistema e metodo per il monitoraggio di aree a rischio frana<\/em>\u201d).<\/li>\n<\/ul>\n<p>The project is relative to the innovation program for cooperative and technological transfer and for early phases of industrialization of high potential innovative companies. The aim of MORFEO project is to develop, at readiness level of industrial product, a prototype of inclinometric system based on MEMS technology in collaboration with the University of Naples Federico II for geotechnical aspects and with the TRE consortium for the management aspects. The project aims at exploiting the Italian patent, property of IVM (N. 0001393752,\u00a0 08\/05\/12 \u201cSistema e metodo per il monitoraggio di aree a rischio frana\u201d, inventor Giovanni Mannara), whose system has already been subject of an optimization process in a precedent industrial research project (PONRC2010 Sicurfer PON00142).<\/p>\n<p>IVM developed the vibrational monitoring system for the METRO A of Roma Metro, based on MEMS technology accelerometers.[\/vc_column_text][\/vc_column][\/vc_row][vc_column][\/vc_column]<\/p>","protected":false},"excerpt":{"rendered":"<p>[vc_row][vc_column][vc_custom_heading text=&#8221;RESEARCH AND DEVELOPMENT&#8221; font_container=&#8221;tag:h2|font_size:24|text_align:left|color:%23000000&#8243; google_fonts=&#8221;font_family:Oswald%3A300%2Cregular%2C700|font_style:700%20bold%20regular%3A700%3Anormal&#8221; el_class=&#8221;style3&#8243;][vc_empty_space height=&#8221;20px&#8221;][vc_column_text]IVM carries out a significant R&amp;D activity, partially supported by Italian and European [&hellip;]<\/p>\n","protected":false},"author":1,"featured_media":79041,"parent":0,"menu_order":0,"comment_status":"closed","ping_status":"closed","template":"","meta":[],"yoast_head":"<!-- This site is optimized with the Yoast SEO plugin v15.9 - https:\/\/yoast.com\/wordpress\/plugins\/seo\/ -->\n<title>R&amp;D - IVM S.r.l<\/title>\n<meta name=\"description\" content=\"IVM \u00e8 quotidianamente coinvolta in attivit\u00e0 di ricerca e sviluppo, investendo costantemente circa il 30% delle sue risorse\" \/>\n<meta name=\"robots\" content=\"index, follow, max-snippet:-1, max-image-preview:large, max-video-preview:-1\" \/>\n<link rel=\"canonical\" href=\"https:\/\/ivmtech.it\/ricercaesviluppo\/\" \/>\n<meta property=\"og:locale\" content=\"en_US\" \/>\n<meta property=\"og:type\" content=\"article\" \/>\n<meta property=\"og:title\" content=\"R&amp;D - IVM S.r.l\" \/>\n<meta property=\"og:description\" content=\"{:it}IVM \u00e8 quotidianamente coinvolta in attivit\u00e0 di ricerca e sviluppo, investendo costantemente circa il 30% delle sue risorse{:en}IVM \u00e8 quotidianamente coinvolta in attivit\u00e0 di ricerca e sviluppo, investendo costantemente circa il 30% delle sue risorse{:fr}IVM est quotidiennement impliqu\u00e9 dans les activit\u00e9s de R&amp;D, investissant constamment environ 30% de ses ressources{:es}IVM \u00e8 quotidianamente coinvolta in attivit\u00e0 di ricerca e sviluppo, investendo costantemente circa il 30% delle sue risorse{:}\" \/>\n<meta property=\"og:url\" content=\"https:\/\/ivmtech.it\/ricercaesviluppo\/\" \/>\n<meta property=\"og:site_name\" content=\"IVM S.r.l\" \/>\n<meta property=\"article:modified_time\" content=\"2024-02-16T08:31:28+00:00\" \/>\n<meta property=\"og:image\" content=\"https:\/\/ivmtech.it\/wp-content\/uploads\/2023\/07\/RD_IVMsrl.png\" \/>\n\t<meta property=\"og:image:width\" content=\"500\" \/>\n\t<meta property=\"og:image:height\" content=\"500\" \/>\n<meta name=\"twitter:card\" content=\"summary_large_image\" \/>\n<meta name=\"twitter:label1\" content=\"Est. reading time\">\n\t<meta name=\"twitter:data1\" content=\"5 minutes\">\n<script type=\"application\/ld+json\" class=\"yoast-schema-graph\">{\"@context\":\"https:\/\/schema.org\",\"@graph\":[{\"@type\":\"WebSite\",\"@id\":\"https:\/\/ivmtech.it\/#website\",\"url\":\"https:\/\/ivmtech.it\/\",\"name\":\"IVM S.r.l\",\"description\":\"Innovative Vibration Monitoring\",\"potentialAction\":[{\"@type\":\"SearchAction\",\"target\":\"https:\/\/ivmtech.it\/?s={search_term_string}\",\"query-input\":\"required name=search_term_string\"}],\"inLanguage\":\"en-US\"},{\"@type\":\"ImageObject\",\"@id\":\"https:\/\/ivmtech.it\/ricercaesviluppo\/#primaryimage\",\"inLanguage\":\"en-US\",\"url\":\"https:\/\/ivmtech.it\/wp-content\/uploads\/2023\/07\/RD_IVMsrl.png\",\"width\":500,\"height\":500},{\"@type\":\"WebPage\",\"@id\":\"https:\/\/ivmtech.it\/ricercaesviluppo\/#webpage\",\"url\":\"https:\/\/ivmtech.it\/ricercaesviluppo\/\",\"name\":\"R&D - IVM S.r.l\",\"isPartOf\":{\"@id\":\"https:\/\/ivmtech.it\/#website\"},\"primaryImageOfPage\":{\"@id\":\"https:\/\/ivmtech.it\/ricercaesviluppo\/#primaryimage\"},\"datePublished\":\"2016-02-16T14:25:50+00:00\",\"dateModified\":\"2024-02-16T08:31:28+00:00\",\"description\":\"{:it}IVM \\u00e8 quotidianamente coinvolta in attivit\\u00e0 di ricerca e sviluppo, investendo costantemente circa il 30% delle sue risorse{:en}IVM \\u00e8 quotidianamente coinvolta in attivit\\u00e0 di ricerca e sviluppo, investendo costantemente circa il 30% delle sue risorse{:fr}IVM est quotidiennement impliqu\\u00e9 dans les activit\\u00e9s de R&D, investissant constamment environ 30% de ses ressources{:es}IVM \\u00e8 quotidianamente coinvolta in attivit\\u00e0 di ricerca e sviluppo, investendo costantemente circa il 30% delle sue risorse{:}\",\"breadcrumb\":{\"@id\":\"https:\/\/ivmtech.it\/ricercaesviluppo\/#breadcrumb\"},\"inLanguage\":\"en-US\",\"potentialAction\":[{\"@type\":\"ReadAction\",\"target\":[\"https:\/\/ivmtech.it\/ricercaesviluppo\/\"]}]},{\"@type\":\"BreadcrumbList\",\"@id\":\"https:\/\/ivmtech.it\/ricercaesviluppo\/#breadcrumb\",\"itemListElement\":[{\"@type\":\"ListItem\",\"position\":1,\"item\":{\"@type\":\"WebPage\",\"@id\":\"https:\/\/ivmtech.it\/\",\"url\":\"https:\/\/ivmtech.it\/\",\"name\":\"Home\"}},{\"@type\":\"ListItem\",\"position\":2,\"item\":{\"@type\":\"WebPage\",\"@id\":\"https:\/\/ivmtech.it\/ricercaesviluppo\/\",\"url\":\"https:\/\/ivmtech.it\/ricercaesviluppo\/\",\"name\":\"R&#038;D\"}}]}]}<\/script>\n<!-- \/ Yoast SEO plugin. -->","_links":{"self":[{"href":"https:\/\/ivmtech.it\/en\/wp-json\/wp\/v2\/pages\/75216"}],"collection":[{"href":"https:\/\/ivmtech.it\/en\/wp-json\/wp\/v2\/pages"}],"about":[{"href":"https:\/\/ivmtech.it\/en\/wp-json\/wp\/v2\/types\/page"}],"author":[{"embeddable":true,"href":"https:\/\/ivmtech.it\/en\/wp-json\/wp\/v2\/users\/1"}],"replies":[{"embeddable":true,"href":"https:\/\/ivmtech.it\/en\/wp-json\/wp\/v2\/comments?post=75216"}],"version-history":[{"count":48,"href":"https:\/\/ivmtech.it\/en\/wp-json\/wp\/v2\/pages\/75216\/revisions"}],"predecessor-version":[{"id":79218,"href":"https:\/\/ivmtech.it\/en\/wp-json\/wp\/v2\/pages\/75216\/revisions\/79218"}],"wp:featuredmedia":[{"embeddable":true,"href":"https:\/\/ivmtech.it\/en\/wp-json\/wp\/v2\/media\/79041"}],"wp:attachment":[{"href":"https:\/\/ivmtech.it\/en\/wp-json\/wp\/v2\/media?parent=75216"}],"curies":[{"name":"wp","href":"https:\/\/api.w.org\/{rel}","templated":true}]}}