{"id":77043,"date":"2020-05-21T11:31:38","date_gmt":"2020-05-21T09:31:38","guid":{"rendered":"https:\/\/ivmtech.it\/?page_id=77043"},"modified":"2023-07-17T12:51:01","modified_gmt":"2023-07-17T10:51:01","slug":"blog","status":"publish","type":"page","link":"https:\/\/ivmtech.it\/en\/blog\/","title":{"rendered":"News"},"content":{"rendered":"<p>[vc_row][vc_column][vc_column_text]            <div id=\"post-grid-lazy-77039\" class=\"post-grid-lazy\"><img alt=\"\" src=\"\"\/><\/div>\r\n        <script>\r\n            jQuery('#post-grid-lazy-77039').ready(function($){\r\n                $('#post-grid-lazy-77039').fadeOut();\r\n                $('#post-grid-77039').fadeIn();\r\n            })\r\n        <\/script>\r\n        <style type=\"text\/css\">\r\n            #post-grid-77039{display: none;}\r\n            .post-grid-lazy{\r\n                text-align: center;\r\n            }\r\n        <\/style>\r\n            <div data-options='{\"id\":\"77039\",\"lazy_load\":\"yes\",\"masonry_enable\":\"no\",\"view_type\":\"grid\"}' id=\"post-grid-77039\" class=\"post-grid grid\">\r\n                <div class=\"grid-items\">\r\n            \r\n    <div class=\"item item-79178 skin flat even 0 \">\r\n                <div class=\"layer-wrapper layout-\">\r\n                <div class=\"layer-media\"><a href=\"https:\/\/ivmtech.it\/en\/2024\/06\/06\/conferenza-interazione-ruota-rotaia-ivm-monitoraggio\/\"><img alt=\"\" src=\"https:\/\/ivmtech.it\/wp-content\/uploads\/2024\/06\/Badge-Convegno-e1717667886347.jpg\" \/><\/a><\/div>\r\n        <div class=\"layer-content\">\r\n            <div class=\"element element_0  title_link \">\r\n                    <a target=\"\" href=\"https:\/\/ivmtech.it\/en\/2024\/06\/06\/conferenza-interazione-ruota-rotaia-ivm-monitoraggio\/\">Wheel-rail interaction conference and the 10th Anniversary of IVM!<\/a>\r\n\t\t    <\/div>\r\n        <div class=\"element element_1  excerpt \">\r\n        We are thrilled to announce our next conference on topics related to wheel-rail interface: ''L'INTERAZIONE TRA MATERIALE ROTABILE E BINARIO:            <\/div>\r\n                <a class=\"element element_2  read_more \" target=\"\" href=\"https:\/\/ivmtech.it\/en\/2024\/06\/06\/conferenza-interazione-ruota-rotaia-ivm-monitoraggio\/\"><\/a>\r\n\t\r\n        <\/div>\r\n            <\/div>\r\n    <\/div>\r\n    \r\n    <div class=\"item item-78677 skin flat odd 1 \">\r\n                <div class=\"layer-wrapper layout-\">\r\n                <div class=\"layer-media\"><a href=\"https:\/\/ivmtech.it\/en\/2022\/09\/05\/english-ivm-and-holmatro-for-a-new-innovative-cooperation\/\"><img alt=\"\" src=\"https:\/\/ivmtech.it\/wp-content\/uploads\/2022\/09\/5.jpg\" \/><\/a><\/div>\r\n        <div class=\"layer-content\">\r\n            <div class=\"element element_0  title_link \">\r\n                    <a target=\"\" href=\"https:\/\/ivmtech.it\/en\/2022\/09\/05\/english-ivm-and-holmatro-for-a-new-innovative-cooperation\/\">IVM and Holmatro for a new innovative cooperation<\/a>\r\n\t\t    <\/div>\r\n        <div class=\"element element_1  excerpt \">\r\n        Correct equalization of the vertical forces on wheels is essential to ensure dynamic stability and decrease the risk of derailment            <\/div>\r\n                <a class=\"element element_2  read_more \" target=\"\" href=\"https:\/\/ivmtech.it\/en\/2022\/09\/05\/english-ivm-and-holmatro-for-a-new-innovative-cooperation\/\"><\/a>\r\n\t\r\n        <\/div>\r\n            <\/div>\r\n    <\/div>\r\n    \r\n    <div class=\"item item-78432 skin flat even 2 \">\r\n                <div class=\"layer-wrapper layout-\">\r\n                <div class=\"layer-media\"><a href=\"https:\/\/ivmtech.it\/en\/2022\/05\/31\/bentornata-asia\/\"><img alt=\"\" src=\"https:\/\/ivmtech.it\/wp-content\/uploads\/2022\/12\/Asian-cooperation_POWERVE-1.png\" \/><\/a><\/div>\r\n        <div class=\"layer-content\">\r\n            <div class=\"element element_0  title_link \">\r\n                    <a target=\"\" href=\"https:\/\/ivmtech.it\/en\/2022\/05\/31\/bentornata-asia\/\">Hello again, Asia!<\/a>\r\n\t\t    <\/div>\r\n        <div class=\"element element_1  excerpt \">\r\n        Hello again Asia, welcome to the new era of rolling stock weighing technology! IVM srl announces that POWERVE will be            <\/div>\r\n                <a class=\"element element_2  read_more \" target=\"\" href=\"https:\/\/ivmtech.it\/en\/2022\/05\/31\/bentornata-asia\/\"><\/a>\r\n\t\r\n        <\/div>\r\n            <\/div>\r\n    <\/div>\r\n    \r\n    <div class=\"item item-78408 skin flat odd 3 \">\r\n                <div class=\"layer-wrapper layout-\">\r\n                <div class=\"layer-media\"><a href=\"https:\/\/ivmtech.it\/en\/2022\/04\/11\/powerve-per-metro-praga\/\"><img alt=\"Rolling stock Weigher\" src=\"https:\/\/ivmtech.it\/wp-content\/uploads\/2022\/04\/IMG_20220322_121212-1920x1440.jpg\" \/><\/a><\/div>\r\n        <div class=\"layer-content\">\r\n            <div class=\"element element_0  title_link \">\r\n                    <a target=\"\" href=\"https:\/\/ivmtech.it\/en\/2022\/04\/11\/powerve-per-metro-praga\/\">POWERVE\u00ae for Prague Metro<\/a>\r\n\t\t    <\/div>\r\n        <div class=\"element element_1  excerpt \">\r\n        Czech Republic continues entrust POWERVE\u00ae\u00a0! Also Prague Metro has chosen POWERVE\u00ae for their weighing tests, so to ensure the best            <\/div>\r\n                <a class=\"element element_2  read_more \" target=\"\" href=\"https:\/\/ivmtech.it\/en\/2022\/04\/11\/powerve-per-metro-praga\/\"><\/a>\r\n\t\r\n        <\/div>\r\n            <\/div>\r\n    <\/div>\r\n    \r\n    <div class=\"item item-78396 skin flat even 4 \">\r\n                <div class=\"layer-wrapper layout-\">\r\n                <div class=\"layer-media\"><a href=\"https:\/\/ivmtech.it\/en\/2022\/03\/31\/ditecfer-railway-cluster-ivm-diventa-azionista\/\"><img alt=\"\" src=\"https:\/\/ivmtech.it\/wp-content\/uploads\/2022\/03\/Immagine-1.png\" \/><\/a><\/div>\r\n        <div class=\"layer-content\">\r\n            <div class=\"element element_0  title_link \">\r\n                    <a target=\"\" href=\"https:\/\/ivmtech.it\/en\/2022\/03\/31\/ditecfer-railway-cluster-ivm-diventa-azionista\/\">DITECFER Railway Cluster: IVM is a new shareholder!<\/a>\r\n\t\t    <\/div>\r\n        <div class=\"element element_1  excerpt \">\r\n        IVM is pleased to share another milestone with all of you: he recently joined the DITECFER Railway Cluster. The\u00a0DITECFER, an            <\/div>\r\n                <a class=\"element element_2  read_more \" target=\"\" href=\"https:\/\/ivmtech.it\/en\/2022\/03\/31\/ditecfer-railway-cluster-ivm-diventa-azionista\/\"><\/a>\r\n\t\r\n        <\/div>\r\n            <\/div>\r\n    <\/div>\r\n    \r\n    <div class=\"item item-78382 skin flat odd 5 \">\r\n                <div class=\"layer-wrapper layout-\">\r\n                <div class=\"layer-media\"><a href=\"https:\/\/ivmtech.it\/en\/2022\/03\/30\/sat-di-powervecon-il-nostro-nuovo-cliente-szdc-s-o\/\"><img alt=\"Trains weigh system\" src=\"https:\/\/ivmtech.it\/wp-content\/uploads\/2022\/03\/IMG_20220228_101513-1920x1440.jpg\" \/><\/a><\/div>\r\n        <div class=\"layer-content\">\r\n            <div class=\"element element_0  title_link \">\r\n                    <a target=\"\" href=\"https:\/\/ivmtech.it\/en\/2022\/03\/30\/sat-di-powervecon-il-nostro-nuovo-cliente-szdc-s-o\/\">SAT of POWERVE\u00ae to our new client SZDC s.o.<\/a>\r\n\t\t    <\/div>\r\n        <div class=\"element element_1  excerpt \">\r\n        I\u2019m pleased to share some pictures from the SAT (Site Acceptance Test) of POWERVE\u00ae to\u00a0SZDC s.o., our new customer in            <\/div>\r\n                <a class=\"element element_2  read_more \" target=\"\" href=\"https:\/\/ivmtech.it\/en\/2022\/03\/30\/sat-di-powervecon-il-nostro-nuovo-cliente-szdc-s-o\/\"><\/a>\r\n\t\r\n        <\/div>\r\n            <\/div>\r\n    <\/div>\r\n    \r\n    <div class=\"item item-78370 skin flat even 6 \">\r\n                <div class=\"layer-wrapper layout-\">\r\n                <div class=\"layer-media\"><a href=\"https:\/\/ivmtech.it\/en\/2022\/03\/18\/nt-expo-a-sao-paulo-arriva-powerve\/\"><img alt=\"Portable rail scale\" src=\"https:\/\/ivmtech.it\/wp-content\/uploads\/2022\/03\/unnamed-2-1920x1440.jpg\" \/><\/a><\/div>\r\n        <div class=\"layer-content\">\r\n            <div class=\"element element_0  title_link \">\r\n                    <a target=\"\" href=\"https:\/\/ivmtech.it\/en\/2022\/03\/18\/nt-expo-a-sao-paulo-arriva-powerve\/\">NT Expo in S\u00e3o Paulo: finally POWERVE\u00ae is there!<\/a>\r\n\t\t    <\/div>\r\n        <div class=\"element element_1  excerpt \">\r\n        POWERVE\u00ae finally landed in Brazil @ NT Expo with HLT company,\u00a0our official distribution partner! We hope you met POWERVE\u00ae live            <\/div>\r\n                <a class=\"element element_2  read_more \" target=\"\" href=\"https:\/\/ivmtech.it\/en\/2022\/03\/18\/nt-expo-a-sao-paulo-arriva-powerve\/\"><\/a>\r\n\t\r\n        <\/div>\r\n            <\/div>\r\n    <\/div>\r\n    \r\n    <div class=\"item item-78099 skin flat odd 7 \">\r\n                <div class=\"layer-wrapper layout-\">\r\n                <div class=\"layer-media\"><a href=\"https:\/\/ivmtech.it\/en\/2021\/10\/20\/swan-ditecfer-railway-innovation-contest\/\"><img alt=\"\" src=\"https:\/\/ivmtech.it\/wp-content\/uploads\/2021\/10\/DITECFER-Railway-Innovation-Contest-Logo-sito.jpg\" \/><\/a><\/div>\r\n        <div class=\"layer-content\">\r\n            <div class=\"element element_0  title_link \">\r\n                    <a target=\"\" href=\"https:\/\/ivmtech.it\/en\/2021\/10\/20\/swan-ditecfer-railway-innovation-contest\/\">SWAN wins the \u201cDITECFER Railway Innovation Contest\u201d<\/a>\r\n\t\t    <\/div>\r\n        <div class=\"element element_1  excerpt \">\r\n        EXPO Ferroviaria 2021 proved to be as profitable and interesting for IVM as ever. At Forum 1 the SWAN system            <\/div>\r\n                <a class=\"element element_2  read_more \" target=\"\" href=\"https:\/\/ivmtech.it\/en\/2021\/10\/20\/swan-ditecfer-railway-innovation-contest\/\"><\/a>\r\n\t\r\n        <\/div>\r\n            <\/div>\r\n    <\/div>\r\n    \r\n    <div class=\"item item-78037 skin flat even 8 \">\r\n                <div class=\"layer-wrapper layout-\">\r\n                <div class=\"layer-media\"><a href=\"https:\/\/ivmtech.it\/en\/2021\/07\/28\/simimpex-rappresenta-powerve-in-parte-dellamerica-latina\/\"><img alt=\"\" src=\"https:\/\/ivmtech.it\/wp-content\/uploads\/2021\/07\/Schermata-2021-07-28-alle-12.54.00.png\" \/><\/a><\/div>\r\n        <div class=\"layer-content\">\r\n            <div class=\"element element_0  title_link \">\r\n                    <a target=\"\" href=\"https:\/\/ivmtech.it\/en\/2021\/07\/28\/simimpex-rappresenta-powerve-in-parte-dellamerica-latina\/\">SIM IMPEX represents POWERVE in part of Latin America!<\/a>\r\n\t\t    <\/div>\r\n        <div class=\"element element_1  excerpt \">\r\n        POWERVE is gaining more and more interest in the railway sector and its distribution network continues to grow all over            <\/div>\r\n                <a class=\"element element_2  read_more \" target=\"\" href=\"https:\/\/ivmtech.it\/en\/2021\/07\/28\/simimpex-rappresenta-powerve-in-parte-dellamerica-latina\/\"><\/a>\r\n\t\r\n        <\/div>\r\n            <\/div>\r\n    <\/div>\r\n            <\/div>\r\n            <div class=\"pagination\">\r\n            <div class=\"paginate\">\r\n        <span aria-current=\"page\" class=\"page-numbers current\">1<\/span>\n<a class=\"page-numbers\" href=\"https:\/\/ivmtech.it\/en\/wp-json\/wp\/v2\/pages\/77043\/page\/2\/\">2<\/a>\n<a class=\"page-numbers\" href=\"https:\/\/ivmtech.it\/en\/wp-json\/wp\/v2\/pages\/77043\/page\/3\/\">3<\/a>\n<span class=\"page-numbers dots\">&hellip;<\/span>\n<a class=\"page-numbers\" href=\"https:\/\/ivmtech.it\/en\/wp-json\/wp\/v2\/pages\/77043\/page\/10\/\">10<\/a>\n<a class=\"next page-numbers\" href=\"https:\/\/ivmtech.it\/en\/wp-json\/wp\/v2\/pages\/77043\/page\/2\/\">Next \u00bb<\/a>    <\/div>\r\n    <style type=\"text\/css\">\r\n        #post-grid-77039 .pagination .page-numbers{\r\n            font-size:16px;\r\n            color:#fff;\r\n            background:#646464;\r\n        }\r\n        #post-grid-77039 .pagination .page-numbers:hover,\r\n        #post-grid-77039 .pagination .page-numbers.current{\r\n            background:#4b4b4b;\r\n        }\r\n    <\/style>\r\n        <\/div>\r\n        <style type=\"text\/css\">\r\n                        #post-grid-77039 .element_0{display: block;font-size: 21px;line-height: normal;padding: 5px 10px;text-align: left; text-decoration: none;}\r\n                                #post-grid-77039 .element_1{display: block;font-size: 14px;padding: 5px 10px;text-align: left;}\r\n                                #post-grid-77039 .element_2{display: block;font-size: 12px;font-weight: bold;padding: 0 10px;text-align: left;text-decoration: none;}\r\n                #post-grid-77039 .element_0:hover{}#post-grid-77039 .element_1:hover{}#post-grid-77039 .element_2:hover{}    <\/style>\r\n    \r\n            \r\n        <script>\r\n            <\/script>\r\n        <style type=\"text\/css\">\r\n        #post-grid-77039 {\r\n                    padding:10px;\r\n                                        }\r\n        #post-grid-77039 .grid-items{\r\n                    text-align: center;\r\n                }\r\n        #post-grid-77039 .item{\r\n                    margin:10px;\r\n                            padding:0px;\r\n                            background:#fff;\r\n                }\r\n        #post-grid-77039  .item .layer-media{\r\n            height:auto;        }\r\n        @media only screen and ( min-width: 0px ) and ( max-width: 767px ) {\r\n            #post-grid-77039 .item{\r\n                            width:90%;\r\n                        height:auto;            }\r\n        }\r\n        @media only screen and ( min-width: 768px ) and ( max-width: 1023px ) {\r\n            #post-grid-77039 .item{\r\n                            width:280px;\r\n                        max-height:auto;            }\r\n        }\r\n        @media only screen and (min-width: 1024px ){\r\n            #post-grid-77039 .item{\r\n                            width:280px;\r\n                        height:auto;            }\r\n        }\r\n\r\n        \r\n\r\n    <\/style>\r\n        <\/div>\r\n    [\/vc_column_text][\/vc_column][\/vc_row]<\/p>","protected":false},"excerpt":{"rendered":"<p>[vc_row][vc_column][vc_column_text][\/vc_column_text][\/vc_column][\/vc_row]<\/p>\n","protected":false},"author":1,"featured_media":79031,"parent":0,"menu_order":0,"comment_status":"closed","ping_status":"closed","template":"","meta":[],"yoast_head":"<!-- This site is optimized with the Yoast SEO plugin v15.9 - https:\/\/yoast.com\/wordpress\/plugins\/seo\/ -->\n<title>News - IVM S.r.l<\/title>\n<meta name=\"description\" content=\"Keep up to date with news from IVM blog. Have a look here!\" \/>\n<meta name=\"robots\" content=\"index, follow, max-snippet:-1, max-image-preview:large, max-video-preview:-1\" \/>\n<link rel=\"canonical\" href=\"https:\/\/ivmtech.it\/blog\/\" \/>\n<meta property=\"og:locale\" content=\"en_US\" \/>\n<meta property=\"og:type\" content=\"article\" \/>\n<meta property=\"og:title\" content=\"News - IVM S.r.l\" \/>\n<meta property=\"og:description\" content=\"{:it}Tieniti aggiornato con le notizie dal blog di IVM. Vieni a dare un\u2019occhiata!{:en}Keep up to date with news from IVM blog. Have a look here!{:fr}Restez \u00e0 jour avec les nouvelles du blog IVM. Jetez un \u0153il ici!{:es}Ponte al d\u00eda con las noticias del blog de IVM.\u00a1Echa un vistazo aqu\u00ed!{:}\" \/>\n<meta property=\"og:url\" content=\"https:\/\/ivmtech.it\/blog\/\" \/>\n<meta property=\"og:site_name\" content=\"IVM S.r.l\" \/>\n<meta property=\"article:modified_time\" content=\"2023-07-17T10:51:01+00:00\" \/>\n<meta property=\"og:image\" content=\"https:\/\/ivmtech.it\/wp-content\/uploads\/2023\/07\/IVMsrl.png\" \/>\n\t<meta property=\"og:image:width\" content=\"500\" \/>\n\t<meta property=\"og:image:height\" content=\"500\" \/>\n<meta name=\"twitter:card\" content=\"summary_large_image\" \/>\n<meta name=\"twitter:label1\" content=\"Est. reading time\">\n\t<meta name=\"twitter:data1\" content=\"1 minute\">\n<script type=\"application\/ld+json\" class=\"yoast-schema-graph\">{\"@context\":\"https:\/\/schema.org\",\"@graph\":[{\"@type\":\"WebSite\",\"@id\":\"https:\/\/ivmtech.it\/#website\",\"url\":\"https:\/\/ivmtech.it\/\",\"name\":\"IVM S.r.l\",\"description\":\"Innovative Vibration Monitoring\",\"potentialAction\":[{\"@type\":\"SearchAction\",\"target\":\"https:\/\/ivmtech.it\/?s={search_term_string}\",\"query-input\":\"required name=search_term_string\"}],\"inLanguage\":\"en-US\"},{\"@type\":\"ImageObject\",\"@id\":\"https:\/\/ivmtech.it\/blog\/#primaryimage\",\"inLanguage\":\"en-US\",\"url\":\"https:\/\/ivmtech.it\/wp-content\/uploads\/2023\/07\/IVMsrl.png\",\"width\":500,\"height\":500},{\"@type\":\"WebPage\",\"@id\":\"https:\/\/ivmtech.it\/blog\/#webpage\",\"url\":\"https:\/\/ivmtech.it\/blog\/\",\"name\":\"News - IVM S.r.l\",\"isPartOf\":{\"@id\":\"https:\/\/ivmtech.it\/#website\"},\"primaryImageOfPage\":{\"@id\":\"https:\/\/ivmtech.it\/blog\/#primaryimage\"},\"datePublished\":\"2020-05-21T09:31:38+00:00\",\"dateModified\":\"2023-07-17T10:51:01+00:00\",\"description\":\"{:it}Tieniti aggiornato con le notizie dal blog di IVM. Vieni a dare un\\u2019occhiata!{:en}Keep up to date with news from IVM blog. Have a look here!{:fr}Restez \\u00e0 jour avec les nouvelles du blog IVM. Jetez un \\u0153il ici!{:es}Ponte al d\\u00eda con las noticias del blog de IVM.\\u00a1Echa un vistazo aqu\\u00ed!{:}\",\"breadcrumb\":{\"@id\":\"https:\/\/ivmtech.it\/blog\/#breadcrumb\"},\"inLanguage\":\"en-US\",\"potentialAction\":[{\"@type\":\"ReadAction\",\"target\":[\"https:\/\/ivmtech.it\/blog\/\"]}]},{\"@type\":\"BreadcrumbList\",\"@id\":\"https:\/\/ivmtech.it\/blog\/#breadcrumb\",\"itemListElement\":[{\"@type\":\"ListItem\",\"position\":1,\"item\":{\"@type\":\"WebPage\",\"@id\":\"https:\/\/ivmtech.it\/\",\"url\":\"https:\/\/ivmtech.it\/\",\"name\":\"Home\"}},{\"@type\":\"ListItem\",\"position\":2,\"item\":{\"@type\":\"WebPage\",\"@id\":\"https:\/\/ivmtech.it\/blog\/\",\"url\":\"https:\/\/ivmtech.it\/blog\/\",\"name\":\"News\"}}]}]}<\/script>\n<!-- \/ Yoast SEO plugin. -->","_links":{"self":[{"href":"https:\/\/ivmtech.it\/en\/wp-json\/wp\/v2\/pages\/77043"}],"collection":[{"href":"https:\/\/ivmtech.it\/en\/wp-json\/wp\/v2\/pages"}],"about":[{"href":"https:\/\/ivmtech.it\/en\/wp-json\/wp\/v2\/types\/page"}],"author":[{"embeddable":true,"href":"https:\/\/ivmtech.it\/en\/wp-json\/wp\/v2\/users\/1"}],"replies":[{"embeddable":true,"href":"https:\/\/ivmtech.it\/en\/wp-json\/wp\/v2\/comments?post=77043"}],"version-history":[{"count":9,"href":"https:\/\/ivmtech.it\/en\/wp-json\/wp\/v2\/pages\/77043\/revisions"}],"predecessor-version":[{"id":77641,"href":"https:\/\/ivmtech.it\/en\/wp-json\/wp\/v2\/pages\/77043\/revisions\/77641"}],"wp:featuredmedia":[{"embeddable":true,"href":"https:\/\/ivmtech.it\/en\/wp-json\/wp\/v2\/media\/79031"}],"wp:attachment":[{"href":"https:\/\/ivmtech.it\/en\/wp-json\/wp\/v2\/media?parent=77043"}],"curies":[{"name":"wp","href":"https:\/\/api.w.org\/{rel}","templated":true}]}}