{"id":78476,"date":"2022-07-19T16:49:29","date_gmt":"2022-07-19T14:49:29","guid":{"rendered":"https:\/\/ivmtech.it\/?page_id=78476"},"modified":"2023-07-17T11:05:07","modified_gmt":"2023-07-17T09:05:07","slug":"pillole-tecniche","status":"publish","type":"page","link":"https:\/\/ivmtech.it\/en\/pillole-tecniche\/","title":{"rendered":"Technical Pills"},"content":{"rendered":"<p>[vc_row][vc_column][vc_empty_space height=&#8221;20px&#8221;][vc_column_text]In the railway industry, there are different parameters to be kept under control in order to ensure safe running dynamics\u00a0and sustainable\u00a0rolling stock and infrastructure wear.<br \/>\nIn this section we propose a series of contents that are aimed both at sharing technical considerations (from our experience) and at stimulating our audience to a debate around the proposed topics:[\/vc_column_text][vc_custom_heading text=&#8221;THE IMPORTANCE OF MEASURING THE DISTRIBUTION OF VERTICAL FORCES PER WHEEL IN STATIC CONDITIONS FOR MAINTENANCE&#8221; font_container=&#8221;tag:h2|font_size:19|text_align:left|color:%23111111&#8243; use_theme_fonts=&#8221;yes&#8221; el_class=&#8221;style3&#8243; css=&#8221;.vc_custom_1666271946173{margin-bottom: 10px !important;}&#8221;][vc_column_text css_animation=&#8221;left-to-right&#8221;]<\/p>\n<div class=\"wpb_text_column wpb_content_element \">\n<div class=\"wpb_wrapper\"><\/div>\n<\/div>\n<div class=\"wpb_text_column wpb_content_element wpb_animate_when_almost_visible wpb_left-to-right wpb_start_animation\">\n<div class=\"wpb_wrapper\">\n<p>The definition of maintenance in the UNI EN\u00a013306: 2018\u00a0standard is:<\/p>\n<p style=\"text-align: center;\"><i>\u201ccombination of all technical, administrative and managerial actions during the life cycle of an item intended to retain it in, or restore it to, a state in which it can perform the required function\u2019\u2019<\/i><\/p>\n<p>Therefore, the goal of maintenance is to ensure that the rolling stock, during use, maintains compliance with its project requirements.<\/p>\n<p>A very important design requirement is to keep the\u00a0<strong><a href=\"https:\/\/ivmtech.it\/en\/pillole-tecniche\/distribuzione-della-forza-peso\/\" target=\"_blank\" rel=\"noopener\">distribution of vertical forces<\/a><\/strong>\u00a0exerted by each wheel on the rail within the limits imposed by the\u00a0<strong><a href=\"https:\/\/ivmtech.it\/en\/pillole-tecniche\/normativa\/\" target=\"_blank\" rel=\"noopener\">regulations<\/a><\/strong>.<\/p>\n<p>Several <a href=\"https:\/\/ivmtech.it\/en\/pillole-tecniche\/indagini-deragliamento\/\" target=\"_blank\" rel=\"noopener\"><strong>investigations after derailments<\/strong><\/a>\u00a0have highlighted the correlation of these episodes with conditions of uneven load distribution.<\/p>\n<p><strong><a href=\"https:\/\/ivmtech.it\/en\/pillole-tecniche\/en-156542-vertical-forces-measurements\/\" target=\"_blank\" rel=\"noopener\">When and how should load measurements<\/a>\u00a0<\/strong>be performed\u00a0<strong><a href=\"https:\/\/ivmtech.it\/en\/pillole-tecniche\/monitoraggio-accurato-manutenzione\/\" target=\"_blank\" rel=\"noopener\">to accurately monitor the correct distribution<\/a><\/strong>?<\/p>\n<p>There are several ways to carry out effective\u00a0<strong><a href=\"https:\/\/ivmtech.it\/en\/pillole-tecniche\/manutenzione-materiale-rotabile\/\" target=\"_blank\" rel=\"noopener\">rolling stock maintenance<\/a><\/strong>. Currently this aspect is carried out exclusively in a\u00a0<strong><a href=\"https:\/\/ivmtech.it\/en\/pillole-tecniche\/manutenzione-programmata-periodica\/\" target=\"_blank\" rel=\"noopener\">scheduled or periodic manner<\/a>.<\/strong><\/p>\n<p>Is it conceivable and advantageous to envisage\u00a0<a href=\"https:\/\/ivmtech.it\/en\/pillole-tecniche\/manutenzione-oncondition-predittiva-materiale-rotabile\/\" target=\"_blank\" rel=\"noopener\"><strong>on condition and predictive maintenance<\/strong><\/a>?<\/p>\n<\/div>\n<\/div>\n<p>[\/vc_column_text][vc_separator color=&#8221;custom&#8221; border_width=&#8221;2&#8243; accent_color=&#8221;#ffd200&#8243;][\/vc_column][\/vc_row]<\/p>","protected":false},"excerpt":{"rendered":"<p>[vc_row][vc_column][vc_empty_space height=&#8221;20px&#8221;][vc_column_text]In the railway industry, there are different parameters to be kept under control in order to ensure safe running [&hellip;]<\/p>\n","protected":false},"author":3,"featured_media":79031,"parent":0,"menu_order":0,"comment_status":"closed","ping_status":"closed","template":"","meta":[],"yoast_head":"<!-- This site is optimized with the Yoast SEO plugin v15.9 - https:\/\/yoast.com\/wordpress\/plugins\/seo\/ -->\n<title>(Italiano) Technical Pills<\/title>\n<meta name=\"description\" content=\"D\u00e9couvrez notre mission!\" \/>\n<meta name=\"robots\" content=\"index, follow, max-snippet:-1, max-image-preview:large, max-video-preview:-1\" \/>\n<link rel=\"canonical\" href=\"https:\/\/ivmtech.it\/pillole-tecniche\/\" \/>\n<meta property=\"og:locale\" content=\"en_US\" \/>\n<meta property=\"og:type\" content=\"article\" \/>\n<meta property=\"og:title\" content=\"[:it]Technical Pills [:]\" \/>\n<meta property=\"og:description\" content=\"{:it}How to ensure maintenance and safe and sustainable railway dynamics in terms of wear on rolling stock and infrastructure?{:en}D\u00e9couvrez notre mission!{:fr}Descubre nuestra misi\u00f3n!{:es}Descubre nuestra misi\u00f3n!{:}\" \/>\n<meta property=\"og:url\" content=\"https:\/\/ivmtech.it\/pillole-tecniche\/\" \/>\n<meta property=\"og:site_name\" content=\"IVM S.r.l\" \/>\n<meta property=\"article:modified_time\" content=\"2023-07-17T09:05:07+00:00\" \/>\n<meta property=\"og:image\" content=\"https:\/\/ivmtech.it\/wp-content\/uploads\/2023\/07\/IVMsrl.png\" \/>\n\t<meta property=\"og:image:width\" content=\"500\" \/>\n\t<meta property=\"og:image:height\" content=\"500\" \/>\n<meta name=\"twitter:card\" content=\"summary_large_image\" \/>\n<meta name=\"twitter:label1\" content=\"Est. reading time\">\n\t<meta name=\"twitter:data1\" content=\"2 minutes\">\n<script type=\"application\/ld+json\" class=\"yoast-schema-graph\">{\"@context\":\"https:\/\/schema.org\",\"@graph\":[{\"@type\":\"WebSite\",\"@id\":\"https:\/\/ivmtech.it\/#website\",\"url\":\"https:\/\/ivmtech.it\/\",\"name\":\"IVM S.r.l\",\"description\":\"Innovative Vibration Monitoring\",\"potentialAction\":[{\"@type\":\"SearchAction\",\"target\":\"https:\/\/ivmtech.it\/?s={search_term_string}\",\"query-input\":\"required name=search_term_string\"}],\"inLanguage\":\"en-US\"},{\"@type\":\"ImageObject\",\"@id\":\"https:\/\/ivmtech.it\/pillole-tecniche\/#primaryimage\",\"inLanguage\":\"en-US\",\"url\":\"https:\/\/ivmtech.it\/wp-content\/uploads\/2023\/07\/IVMsrl.png\",\"width\":500,\"height\":500},{\"@type\":\"WebPage\",\"@id\":\"https:\/\/ivmtech.it\/pillole-tecniche\/#webpage\",\"url\":\"https:\/\/ivmtech.it\/pillole-tecniche\/\",\"name\":\"[:it]Technical Pills [:]\",\"isPartOf\":{\"@id\":\"https:\/\/ivmtech.it\/#website\"},\"primaryImageOfPage\":{\"@id\":\"https:\/\/ivmtech.it\/pillole-tecniche\/#primaryimage\"},\"datePublished\":\"2022-07-19T14:49:29+00:00\",\"dateModified\":\"2023-07-17T09:05:07+00:00\",\"description\":\"{:it}How to ensure maintenance and safe and sustainable railway dynamics in terms of wear on rolling stock and infrastructure?{:en}D\\u00e9couvrez notre mission!{:fr}Descubre nuestra misi\\u00f3n!{:es}Descubre nuestra misi\\u00f3n!{:}\",\"breadcrumb\":{\"@id\":\"https:\/\/ivmtech.it\/pillole-tecniche\/#breadcrumb\"},\"inLanguage\":\"en-US\",\"potentialAction\":[{\"@type\":\"ReadAction\",\"target\":[\"https:\/\/ivmtech.it\/pillole-tecniche\/\"]}]},{\"@type\":\"BreadcrumbList\",\"@id\":\"https:\/\/ivmtech.it\/pillole-tecniche\/#breadcrumb\",\"itemListElement\":[{\"@type\":\"ListItem\",\"position\":1,\"item\":{\"@type\":\"WebPage\",\"@id\":\"https:\/\/ivmtech.it\/\",\"url\":\"https:\/\/ivmtech.it\/\",\"name\":\"Home\"}},{\"@type\":\"ListItem\",\"position\":2,\"item\":{\"@type\":\"WebPage\",\"@id\":\"https:\/\/ivmtech.it\/pillole-tecniche\/\",\"url\":\"https:\/\/ivmtech.it\/pillole-tecniche\/\",\"name\":\"Pillole tecniche\"}}]}]}<\/script>\n<!-- \/ Yoast SEO plugin. -->","_links":{"self":[{"href":"https:\/\/ivmtech.it\/en\/wp-json\/wp\/v2\/pages\/78476"}],"collection":[{"href":"https:\/\/ivmtech.it\/en\/wp-json\/wp\/v2\/pages"}],"about":[{"href":"https:\/\/ivmtech.it\/en\/wp-json\/wp\/v2\/types\/page"}],"author":[{"embeddable":true,"href":"https:\/\/ivmtech.it\/en\/wp-json\/wp\/v2\/users\/3"}],"replies":[{"embeddable":true,"href":"https:\/\/ivmtech.it\/en\/wp-json\/wp\/v2\/comments?post=78476"}],"version-history":[{"count":72,"href":"https:\/\/ivmtech.it\/en\/wp-json\/wp\/v2\/pages\/78476\/revisions"}],"predecessor-version":[{"id":78994,"href":"https:\/\/ivmtech.it\/en\/wp-json\/wp\/v2\/pages\/78476\/revisions\/78994"}],"wp:featuredmedia":[{"embeddable":true,"href":"https:\/\/ivmtech.it\/en\/wp-json\/wp\/v2\/media\/79031"}],"wp:attachment":[{"href":"https:\/\/ivmtech.it\/en\/wp-json\/wp\/v2\/media?parent=78476"}],"curies":[{"name":"wp","href":"https:\/\/api.w.org\/{rel}","templated":true}]}}