{"id":78503,"date":"2022-07-20T17:38:11","date_gmt":"2022-07-20T15:38:11","guid":{"rendered":"https:\/\/ivmtech.it\/?page_id=78503"},"modified":"2022-10-25T11:28:10","modified_gmt":"2022-10-25T09:28:10","slug":"en-156542-vertical-forces-measurements","status":"publish","type":"page","link":"https:\/\/ivmtech.it\/en\/pillole-tecniche\/en-156542-vertical-forces-measurements\/","title":{"rendered":"EN 15654-2 standard"},"content":{"rendered":"<p>[vc_row][vc_column][vc_text_separator title=&#8221;The importance of measuring the distribution of vertical forces per wheel in static conditions for maintenance&#8221; color=&#8221;custom&#8221; border_width=&#8221;2&#8243; accent_color=&#8221;#ffd200&#8243; el_class=&#8221;sticky&#8221;][vc_empty_space height=&#8221;20px&#8221;][vc_column_text css_animation=&#8221;left-to-right&#8221;]<span style=\"font-weight: 400;\">The wheel load distribution of a railway vehicle is essential for the correct static and dynamic behavior of a rolling stock and for uniform wear of wheels and infrastructure.<\/span><\/p>\n<p><span style=\"font-weight: 400;\">Also from a regulatory point of view, the distribution of vertical wheel forces is subject to particular attention and limitations by the mandatory European Regulations currently in force (Directive 2016\/797, Directive 2016\/798, Commission Regulation 2014\/1302).<\/span><\/p>\n<p><span style=\"font-weight: 400;\">Two previous articles (\u2018\u2019Wheel load distribution\u2019\u2019 and \u2018\u2019Legislation\u2019\u2019) can better clarify the influence of\/on the weight force distribution and how it is handled in the European regulatory framework.<\/span><\/p>\n<p><span style=\"font-weight: 400;\">This content, instead, focuses on the methods to be used to measure the weight force exerted by each wheel of a rolling stock correctly and in compliance with current standards.<\/span><\/p>\n<p><span style=\"font-weight: 400;\">The most recent and stringent standard on the measurement of vertical forces on wheels and wheelsets is called EN 15654 \u201cRailway applications &#8211; Measurement of vertical forces on wheels and wheelsets\u201d.<\/span><\/p>\n<p><span style=\"font-weight: 400;\">The standard is made of 3 parts. Each one focuses on a different aspect of the measurement of vertical forces on wheels and wheelsets:\u00a0<\/span><\/p>\n<ul>\n<li style=\"font-weight: 400;\" aria-level=\"1\"><span style=\"font-weight: 400;\"><strong>EN 15654-1<\/strong> \u2013 \u201cOn-track measurement sites for vehicles in service\u201d deals with the dynamic measurement of wheel forces and axle loads of in-service rail vehicles.<\/span><\/li>\n<li style=\"font-weight: 400;\" aria-level=\"1\"><span style=\"font-weight: 400;\"><strong>EN 15654-2<\/strong> \u2013 \u201cTest in workshop for new, modified and maintained vehicles\u201d deals with static wheel force measurements on wheels in workshops.\u00a0<\/span><\/li>\n<li style=\"font-weight: 400;\" aria-level=\"1\"><span style=\"font-weight: 400;\"><strong>EN 15654-3<\/strong> \u2013 \u201cApproval and verification of on-track measurement sites for vehicles in service\u201d covers the approval and calibration of dynamic acquisition systems of Part 1, performed with the static weighing systems of Part 2.\u00a0<\/span><\/li>\n<\/ul>\n<p><span style=\"font-weight: 400;\">Since the main point of our articles is the vertical wheel force distribution on wheels, we will briefly focus on the main aspects of Part 2.<\/span><\/p>\n<p><span style=\"font-weight: 400;\">The introductory paragraph of the EN 15654-2 states that the standard has been published in order to overcome the possible confusion due to several national and local procedures and methods for the measurement of wheel forces of new, modified and maintained vehicles in use across Europe. In fact, the current situation leads in some cases to non-comparable results from different sites or with different systems. The goal of the EN 15654-2 is to achieve comparable results for the same vehicles, even when the wheel forces are measured at different sites or with different systems. Most national standards, such as the French NF F 00-701, the German DIN 27201-5, but also some European standards relating to the wheel load subject, such as the EN 14363, have already specified to adopt EN 15654-2 once published.\u00a0\u00a0\u00a0<\/span><\/p>\n<p><span style=\"font-weight: 400;\">But how is EN 15654-2 able to fix the misinterpretation derived from the previous standards? <\/span><span style=\"font-weight: 400;\">It considers all the aspects to be taken into account in order to deliver comparable and reproducible results, even when the same rolling stock is tested in different sites. It not only regulates the characteristics of the measuring instrument, but also meticulously deals with the entire measurement process in order to perform an accurate, repeatable and traceable measurement, taking into account all the factors involved in the measurement process (Figure 1).<\/span><\/p>\n<p><span style=\"font-weight: 400;\"><img loading=\"lazy\" class=\"aligncenter wp-image-78566 size-full\" src=\"https:\/\/ivmtech.it\/wp-content\/uploads\/2022\/07\/Immagine2.png\" alt=\"\" width=\"832\" height=\"583\" srcset=\"https:\/\/ivmtech.it\/wp-content\/uploads\/2022\/07\/Immagine2.png 832w, https:\/\/ivmtech.it\/wp-content\/uploads\/2022\/07\/Immagine2-300x210.png 300w, https:\/\/ivmtech.it\/wp-content\/uploads\/2022\/07\/Immagine2-768x538.png 768w, https:\/\/ivmtech.it\/wp-content\/uploads\/2022\/07\/Immagine2-500x350.png 500w, https:\/\/ivmtech.it\/wp-content\/uploads\/2022\/07\/Immagine2-800x561.png 800w\" sizes=\"(max-width: 832px) 100vw, 832px\" \/>\u00a0\u00a0\u00a0<\/span><\/p>\n<p><span style=\"font-weight: 400;\">Chapters 1, 2 and 3 are introductory. The scope of the standard, the normative references, terms and definitions used within the text are dealt with.<\/span><\/p>\n<p><span style=\"font-weight: 400;\">Chapter 4 deals with all the factors involved in the measurement process. A summary is represented in Figure 1. It includes the possible equipment components to be used for the measurements, measurement methods, vehicle state, measurement environment, allowed contact points between device and rolling stock to measure the vertical wheel forces, quantities to be reported, etc.\u00a0<\/span><\/p>\n<p><span style=\"font-weight: 400;\">The purpose of this content is emphasizing the particular attention that the standard places on the<\/span><span style=\"font-weight: 400;\"> complete <\/span><span style=\"font-weight: 400;\">traceability of the measurement process. It is necessary to track all the aspects that may affect the measurement: from the state of the rolling stock suspension, to the indication of every component that acquires the load of each wheel. The tracking of the entire process of measurement is aimed mainly at:\u00a0<\/span><\/p>\n<ul>\n<li style=\"font-weight: 400;\" aria-level=\"1\"><span style=\"font-weight: 400;\">Minimising the human error\u00a0<\/span><\/li>\n<li style=\"font-weight: 400;\" aria-level=\"1\"><span style=\"font-weight: 400;\">Comparing coherently and completely measurements made on the same rolling stock over time.\u00a0<\/span><\/li>\n<\/ul>\n<p><span style=\"font-weight: 400;\">Instead, chapter 5 of the EN 15654-2 standard is focused on the measuring system and the metrological confirmation. Device characteristics and acceptance criteria are provided. Furthermore, the standards, the calibration process to be followed and the verification, including the time interval between two calibrations, are specified.\u00a0<\/span><\/p>\n<p><span style=\"font-weight: 400;\">This content wants to underline one of the characteristics that the standard requires for a measuring system: the accuracy. The accuracy is one of the most important characteristics for this kind of device. Below, Table 3 of the standard shows all errors limits for accepting force measurement device:<\/span><\/p>\n<p style=\"text-align: center;\"><i><span style=\"font-weight: 400;\"><img loading=\"lazy\" class=\"aligncenter wp-image-78567 size-full\" src=\"https:\/\/ivmtech.it\/wp-content\/uploads\/2022\/07\/Immagine-2022-02-04-113449.png\" alt=\"\" width=\"680\" height=\"264\" srcset=\"https:\/\/ivmtech.it\/wp-content\/uploads\/2022\/07\/Immagine-2022-02-04-113449.png 680w, https:\/\/ivmtech.it\/wp-content\/uploads\/2022\/07\/Immagine-2022-02-04-113449-300x116.png 300w, https:\/\/ivmtech.it\/wp-content\/uploads\/2022\/07\/Immagine-2022-02-04-113449-500x194.png 500w\" sizes=\"(max-width: 680px) 100vw, 680px\" \/>Table 3- Acceptance criteria for force measurement units<\/span><\/i><\/p>\n<p><span style=\"font-weight: 400;\">The limits for the different types of errors are very stringent. Specifically, they correspond to class 0.5 of the EN 7500-1 standard.<\/span><\/p>\n<p><span style=\"font-weight: 400;\">One of the reasons for such a stringent class request is presented in Annex ZA of EN 15654-2. The annex, in fact, makes explicit the direct link between the standard and the requirements imposed by the Technical Specifications of Interoperability in force within the European railway system.\u00a0<\/span><\/p>\n<p><span style=\"font-weight: 400;\">It says that the EN 15654-2 standard has been prepared \u2018\u2019to provide one voluntary means of conforming to the essential requirements of the Directive 2008\/57\/EC on the interoperability of the rail system (recast) and with the associated TSIs\u2019\u2019. Furthermore, the annex shows the following summary table of the chapters of the TSIs for which the standard is proposed as a means of compliance verification:<\/span><\/p>\n<p><span style=\"font-weight: 400;\"><img loading=\"lazy\" class=\"aligncenter wp-image-78568 size-full\" src=\"https:\/\/ivmtech.it\/wp-content\/uploads\/2022\/07\/Immagine-2022-02-07-163935.png\" alt=\"\" width=\"679\" height=\"550\" srcset=\"https:\/\/ivmtech.it\/wp-content\/uploads\/2022\/07\/Immagine-2022-02-07-163935.png 679w, https:\/\/ivmtech.it\/wp-content\/uploads\/2022\/07\/Immagine-2022-02-07-163935-300x243.png 300w, https:\/\/ivmtech.it\/wp-content\/uploads\/2022\/07\/Immagine-2022-02-07-163935-500x405.png 500w\" sizes=\"(max-width: 679px) 100vw, 679px\" \/><\/span><\/p>\n<p><span style=\"font-weight: 400;\">The chapter highlighted in the table, corresponds to that of the TSI<\/span> <span style=\"font-weight: 400;\">LOC &amp; PAS which imposes a limit of 5% for the relative deviation between the vertical loads exerted by the two wheels of an axle (for further information on European standards, see the article &#8220;Legislation&#8221;).<\/span><\/p>\n<p><span style=\"font-weight: 400;\">Therefore, a measuring instrument with a high level of accuracy is required to evaluate a deviation of 5% of the wheel load on the same axle.<\/span><\/p>\n<p><span style=\"font-weight: 400;\">In conclusion, to complete the overview on the EN 15654-2 standard, a brief mention of the other annexes:\u00a0<\/span><\/p>\n<p><span style=\"font-weight: 400;\"><strong>Annex A:<\/strong> Symbols and units of the standard.<\/span><\/p>\n<p><span style=\"font-weight: 400;\"><strong>Annex B and C:<\/strong> Influence parameters on the measurement and components of uncertainty from the measurement process.<\/span><\/p>\n<p><span style=\"font-weight: 400;\"><strong>Annex D:<\/strong> Gauging procedure to acquire the wheel vertical load.\u00a0<\/span><\/p>\n<p><span style=\"font-weight: 400;\"><strong>Annex E:<\/strong> Additional quantities relating to the wheel load distribution to be reported.\u00a0\u00a0<\/span><\/p>\n<p><span style=\"font-weight: 400;\"><strong>Annex F:<\/strong> Examples of measurement report forms.\u00a0\u00a0<\/span><\/p>\n<p><span style=\"font-weight: 400;\"><strong>Annex G:<\/strong> Migration rule for this European Standard. <\/span><span style=\"font-weight: 400;\">\u00a0It specifies that the transitional period should be 2 years from the date of publication (15-04-2019).<\/span><span style=\"font-weight: 400;\">\u00a0\u00a0<\/span><\/p>\n<p style=\"text-align: center;\"><strong>Are you ready for this change?<\/strong><\/p>\n<p>[\/vc_column_text][\/vc_column][\/vc_row]<\/p>","protected":false},"excerpt":{"rendered":"<p>[vc_row][vc_column][vc_text_separator title=&#8221;The importance of measuring the distribution of vertical forces per wheel in static conditions for maintenance&#8221; color=&#8221;custom&#8221; border_width=&#8221;2&#8243; accent_color=&#8221;#ffd200&#8243; [&hellip;]<\/p>\n","protected":false},"author":3,"featured_media":0,"parent":78476,"menu_order":0,"comment_status":"closed","ping_status":"closed","template":"","meta":[],"yoast_head":"<!-- This site is optimized with the Yoast SEO plugin v15.9 - https:\/\/yoast.com\/wordpress\/plugins\/seo\/ -->\n<title>(Italiano) EN 15654-2 standard - IVM S.r.l %<\/title>\n<meta name=\"description\" content=\"Learn more about our mission!\" \/>\n<meta name=\"robots\" content=\"index, follow, max-snippet:-1, max-image-preview:large, max-video-preview:-1\" \/>\n<link rel=\"canonical\" href=\"https:\/\/ivmtech.it\/pillole-tecniche\/en-156542-vertical-forces-measurements\/\" \/>\n<meta property=\"og:locale\" content=\"en_US\" \/>\n<meta property=\"og:type\" content=\"article\" \/>\n<meta property=\"og:title\" content=\"[:it]EN 15654-2 standard - IVM S.r.l %[:]\" \/>\n<meta property=\"og:description\" content=\"{:it}Scopri di pi\u00f9 sulla nostra mission!{:en}Learn more about our mission!{:fr}D\u00e9couvrez notre mission!{:es}Descubre nuestra misi\u00f3n!{:}\" \/>\n<meta property=\"og:url\" content=\"https:\/\/ivmtech.it\/pillole-tecniche\/en-156542-vertical-forces-measurements\/\" \/>\n<meta property=\"og:site_name\" content=\"IVM S.r.l\" \/>\n<meta property=\"article:modified_time\" content=\"2022-10-25T09:28:10+00:00\" \/>\n<meta property=\"og:image\" content=\"https:\/\/ivmtech.it\/wp-content\/uploads\/2022\/07\/Immagine2.png\" \/>\n<meta name=\"twitter:card\" content=\"summary_large_image\" \/>\n<meta name=\"twitter:label1\" content=\"Est. reading time\">\n\t<meta name=\"twitter:data1\" content=\"5 minutes\">\n<script type=\"application\/ld+json\" class=\"yoast-schema-graph\">{\"@context\":\"https:\/\/schema.org\",\"@graph\":[{\"@type\":\"WebSite\",\"@id\":\"https:\/\/ivmtech.it\/#website\",\"url\":\"https:\/\/ivmtech.it\/\",\"name\":\"IVM S.r.l\",\"description\":\"Innovative Vibration Monitoring\",\"potentialAction\":[{\"@type\":\"SearchAction\",\"target\":\"https:\/\/ivmtech.it\/?s={search_term_string}\",\"query-input\":\"required name=search_term_string\"}],\"inLanguage\":\"en-US\"},{\"@type\":\"ImageObject\",\"@id\":\"https:\/\/ivmtech.it\/pillole-tecniche\/en-156542-vertical-forces-measurements\/#primaryimage\",\"inLanguage\":\"en-US\",\"url\":\"https:\/\/ivmtech.it\/wp-content\/uploads\/2022\/07\/Immagine2.png\",\"width\":832,\"height\":583},{\"@type\":\"WebPage\",\"@id\":\"https:\/\/ivmtech.it\/pillole-tecniche\/en-156542-vertical-forces-measurements\/#webpage\",\"url\":\"https:\/\/ivmtech.it\/pillole-tecniche\/en-156542-vertical-forces-measurements\/\",\"name\":\"[:it]EN 15654-2 standard - IVM S.r.l %[:]\",\"isPartOf\":{\"@id\":\"https:\/\/ivmtech.it\/#website\"},\"primaryImageOfPage\":{\"@id\":\"https:\/\/ivmtech.it\/pillole-tecniche\/en-156542-vertical-forces-measurements\/#primaryimage\"},\"datePublished\":\"2022-07-20T15:38:11+00:00\",\"dateModified\":\"2022-10-25T09:28:10+00:00\",\"description\":\"{:it}Scopri di pi\\u00f9 sulla nostra mission!{:en}Learn more about our mission!{:fr}D\\u00e9couvrez notre mission!{:es}Descubre nuestra misi\\u00f3n!{:}\",\"breadcrumb\":{\"@id\":\"https:\/\/ivmtech.it\/pillole-tecniche\/en-156542-vertical-forces-measurements\/#breadcrumb\"},\"inLanguage\":\"en-US\",\"potentialAction\":[{\"@type\":\"ReadAction\",\"target\":[\"https:\/\/ivmtech.it\/pillole-tecniche\/en-156542-vertical-forces-measurements\/\"]}]},{\"@type\":\"BreadcrumbList\",\"@id\":\"https:\/\/ivmtech.it\/pillole-tecniche\/en-156542-vertical-forces-measurements\/#breadcrumb\",\"itemListElement\":[{\"@type\":\"ListItem\",\"position\":1,\"item\":{\"@type\":\"WebPage\",\"@id\":\"https:\/\/ivmtech.it\/\",\"url\":\"https:\/\/ivmtech.it\/\",\"name\":\"Home\"}},{\"@type\":\"ListItem\",\"position\":2,\"item\":{\"@type\":\"WebPage\",\"@id\":\"https:\/\/ivmtech.it\/pillole-tecniche\/\",\"url\":\"https:\/\/ivmtech.it\/pillole-tecniche\/\",\"name\":\"Pillole tecniche\"}},{\"@type\":\"ListItem\",\"position\":3,\"item\":{\"@type\":\"WebPage\",\"@id\":\"https:\/\/ivmtech.it\/pillole-tecniche\/en-156542-vertical-forces-measurements\/\",\"url\":\"https:\/\/ivmtech.it\/pillole-tecniche\/en-156542-vertical-forces-measurements\/\",\"name\":\"La norma EN 15654-2\"}}]}]}<\/script>\n<!-- \/ Yoast SEO plugin. -->","_links":{"self":[{"href":"https:\/\/ivmtech.it\/en\/wp-json\/wp\/v2\/pages\/78503"}],"collection":[{"href":"https:\/\/ivmtech.it\/en\/wp-json\/wp\/v2\/pages"}],"about":[{"href":"https:\/\/ivmtech.it\/en\/wp-json\/wp\/v2\/types\/page"}],"author":[{"embeddable":true,"href":"https:\/\/ivmtech.it\/en\/wp-json\/wp\/v2\/users\/3"}],"replies":[{"embeddable":true,"href":"https:\/\/ivmtech.it\/en\/wp-json\/wp\/v2\/comments?post=78503"}],"version-history":[{"count":17,"href":"https:\/\/ivmtech.it\/en\/wp-json\/wp\/v2\/pages\/78503\/revisions"}],"predecessor-version":[{"id":78845,"href":"https:\/\/ivmtech.it\/en\/wp-json\/wp\/v2\/pages\/78503\/revisions\/78845"}],"up":[{"embeddable":true,"href":"https:\/\/ivmtech.it\/en\/wp-json\/wp\/v2\/pages\/78476"}],"wp:attachment":[{"href":"https:\/\/ivmtech.it\/en\/wp-json\/wp\/v2\/media?parent=78503"}],"curies":[{"name":"wp","href":"https:\/\/api.w.org\/{rel}","templated":true}]}}