{"id":78527,"date":"2022-07-21T12:22:00","date_gmt":"2022-07-21T10:22:00","guid":{"rendered":"https:\/\/ivmtech.it\/?page_id=78527"},"modified":"2022-10-26T14:58:48","modified_gmt":"2022-10-26T12:58:48","slug":"manutenzione-materiale-rotabile","status":"publish","type":"page","link":"https:\/\/ivmtech.it\/en\/pillole-tecniche\/manutenzione-materiale-rotabile\/","title":{"rendered":"Rolling stock maintenance"},"content":{"rendered":"<p>[vc_row][vc_column][vc_text_separator title=&#8221;The importance of measuring the distribution of vertical forces per wheel in static conditions for maintenance&#8221; color=&#8221;custom&#8221; border_width=&#8221;2&#8243; accent_color=&#8221;#ffd200&#8243; el_class=&#8221;sticky&#8221;][vc_empty_space height=&#8221;20px&#8221;][vc_column_text css_animation=&#8221;left-to-right&#8221;]<span style=\"font-weight: 400;\">Maintenance is generally defined as: \u2018<\/span><b>\u2019Any activity\u2014such as tests, measurements, replacements, adjustments, and repairs\u2014intended to retain or restore a functional unit in or to a specified state in which the unit can perform its required functions\u2019\u2019<\/b><span style=\"font-weight: 400;\">.\u00a0<\/span><\/p>\n<p><span style=\"font-weight: 400;\">Without prejudice to the general meaning expressed by the aforementioned definition, it is quite clear that the evolution of technique and technological development, together with the ever-increasing search for greater technical-economic efficiency, have led to radical change of the operational practices related to the maintenance of a railway vehicle.<\/span><\/p>\n<p><span style=\"font-weight: 400;\">In the past, maintenance was essentially <\/span><b>&#8220;static&#8221;<\/b><span style=\"font-weight: 400;\">: it repeated cyclically the scheduled activities (usually based on kilometres or time intervals) indicated in the maintenance plans provided by the manufacturer, or the maintainer directly repaired the fault. It is quite evident that this type of maintenance, performed for years, was neither geared to cost awareness nor to the availability of rolling stock.<\/span><\/p>\n<p><span style=\"font-weight: 400;\">Today market conditions have changed radically, such as: cost, time, availability of the good for a service. All this and the enormous technological evolution of management and monitoring systems leads maintenance to become a complex system of connected activities to be managed at intervals, due to their complexity.<\/span><\/p>\n<p><span style=\"font-weight: 400;\">Even the organizational structure of the maintenance sectors has radically changed. Functions such as maintenance engineering, production engineering and increasingly sophisticated management systems have been introduced to manage the enormous volume of data that monitoring systems make available.<\/span><\/p>\n<p><span style=\"font-weight: 400;\">Today, maintenance is actually defined in the design and construction phase. Later, during the utilisation phase, it is managed and modified through a complex system of data analysis and feed-back, in order to implement the best strategy to always guarantee the parameters of reliability, maintainability, availability and safety (so-called RAMS parameters). Maintenance therefore becomes a real service that a company provides to its activities, a &#8220;provider of availability&#8221; where the term \u201cavailability\u201d takes on multiple meanings: <\/span><i><span style=\"font-weight: 400;\">availability for operation, availability of economic resources, availability of human resources<\/span><\/i><span style=\"font-weight: 400;\">.<\/span><\/p>\n<p><span style=\"font-weight: 400;\">Rolling stock, like all &#8220;machines&#8221; used to produce a good or provide a service, needs maintenance to avoid or solve breakdowns; ensure the operation, safety and adequate ride comfort; safeguard the integrity of the vehicle and the infrastructure to preserve the useful life of both. In addition, in the light of the &#8220;single European railway area&#8221; that the EU wanted to create with the implementation of the new Directives of the &#8220;4th Railway Package&#8221;, the task of maintenance is also to ensure compliance of rolling stock operating in the EU railway area to the requirements imposed by the Technical Specifications of Interoperability in force.<\/span><\/p>\n<p><span style=\"font-weight: 400;\">So, properly organizing the maintenance of rolling stock is essential.<\/span><\/p>\n<p><span style=\"font-weight: 400;\">We can identify two macro-categories of maintenance: Corrective, which consists in intervening after a fault has occurred; Preventive, which consists in the application of different strategies aimed at identifying the optimal time period for carrying out maintenance interventions to avoid failures.<\/span><\/p>\n<p><span style=\"font-weight: 400;\">For what has been said, it is clear that, among these, preventive maintenance is increasingly essential. Over time, several of its implementation strategies have changed and evolved, above all thanks to technological evolution.<\/span><\/p>\n<p><span style=\"font-weight: 400;\">In this context, the main strategies that can be implemented are:<\/span><\/p>\n<ul>\n<li><span style=\"font-weight: 400;\">Time-based or Periodic maintenance (TBM)\u00a0<\/span><\/li>\n<li><span style=\"font-weight: 400;\"> Condition Based maintenance (CBM)<\/span><\/li>\n<li><span style=\"font-weight: 400;\"> Predictive maintenance (PDM)<\/span><\/li>\n<\/ul>\n<p><span style=\"font-weight: 400;\">The three strategies are obviously not alternatives but, depending on the cases and the information available, they are usually applied in combination.<\/span><\/p>\n<p><b>PERIODIC MAINTENANCE: <\/b><span style=\"font-weight: 400;\">It is based, above all, on procedures dictated by the maintenance plan. For examples the check should be carried out when the train reaches a given mileage or a number of cycles, or operating time. By scheduling the maintenance, also the procurement of the necessary materials and the train inactivity can be planned.\u00a0<\/span><\/p>\n<p><b>CONDITION BASED MAINTENANCE<\/b><span style=\"font-weight: 400;\">: <\/span>it is only carried out when certain indicators, during checks, show signs of decreased performance, imminent failure or approaching expiry dates. Therefore, good operation is not guaranteed and such a component does not meet the technical specifications.<\/p>\n<p><b>PREDICTIVE MAINTENANCE<\/b><span style=\"font-weight: 400;\">: it is implemented by analysing the data made available by the operation analysis of the components and \/ or systems. This data essentially comes from diagnostic systems, normally installed both on board the train and along the line and \/ or in specific areas of the maintenance sites.<\/span><\/p>\n<p><span style=\"font-weight: 400;\">More information on these three maintenance strategies will be provided.\u00a0<\/span><\/p>\n<p><img loading=\"lazy\" class=\"aligncenter wp-image-78624 size-full\" src=\"https:\/\/ivmtech.it\/wp-content\/uploads\/2022\/07\/pills-6.png\" alt=\"\" width=\"1261\" height=\"441\" srcset=\"https:\/\/ivmtech.it\/wp-content\/uploads\/2022\/07\/pills-6.png 1261w, https:\/\/ivmtech.it\/wp-content\/uploads\/2022\/07\/pills-6-300x105.png 300w, https:\/\/ivmtech.it\/wp-content\/uploads\/2022\/07\/pills-6-768x269.png 768w, https:\/\/ivmtech.it\/wp-content\/uploads\/2022\/07\/pills-6-500x175.png 500w, https:\/\/ivmtech.it\/wp-content\/uploads\/2022\/07\/pills-6-800x280.png 800w\" sizes=\"(max-width: 1261px) 100vw, 1261px\" \/>[\/vc_column_text][\/vc_column][\/vc_row]<\/p>","protected":false},"excerpt":{"rendered":"<p>[vc_row][vc_column][vc_text_separator title=&#8221;The importance of measuring the distribution of vertical forces per wheel in static conditions for maintenance&#8221; color=&#8221;custom&#8221; border_width=&#8221;2&#8243; accent_color=&#8221;#ffd200&#8243; [&hellip;]<\/p>\n","protected":false},"author":3,"featured_media":0,"parent":78476,"menu_order":0,"comment_status":"closed","ping_status":"closed","template":"","meta":[],"yoast_head":"<!-- This site is optimized with the Yoast SEO plugin v15.9 - https:\/\/yoast.com\/wordpress\/plugins\/seo\/ -->\n<title>(Italiano) Rolling stock maintenance - IVM S.r.l %<\/title>\n<meta name=\"description\" content=\"Learn more about our mission!\" \/>\n<meta name=\"robots\" content=\"index, follow, max-snippet:-1, max-image-preview:large, max-video-preview:-1\" \/>\n<link rel=\"canonical\" href=\"https:\/\/ivmtech.it\/pillole-tecniche\/manutenzione-materiale-rotabile\/\" \/>\n<meta property=\"og:locale\" content=\"en_US\" \/>\n<meta property=\"og:type\" content=\"article\" \/>\n<meta property=\"og:title\" content=\"[:it]Rolling stock maintenance - IVM S.r.l %[:]\" \/>\n<meta property=\"og:description\" content=\"{:it}Scopri di pi\u00f9 sulla nostra mission!{:en}Learn more about our mission!{:fr}D\u00e9couvrez notre mission!{:es}Descubre nuestra misi\u00f3n!{:}\" \/>\n<meta property=\"og:url\" content=\"https:\/\/ivmtech.it\/pillole-tecniche\/manutenzione-materiale-rotabile\/\" \/>\n<meta property=\"og:site_name\" content=\"IVM S.r.l\" \/>\n<meta property=\"article:modified_time\" content=\"2022-10-26T12:58:48+00:00\" \/>\n<meta property=\"og:image\" content=\"https:\/\/ivmtech.it\/wp-content\/uploads\/2022\/07\/pill-6-ita.png\" \/>\n<meta name=\"twitter:card\" content=\"summary_large_image\" \/>\n<meta name=\"twitter:label1\" content=\"Est. reading time\">\n\t<meta name=\"twitter:data1\" content=\"4 minutes\">\n<script type=\"application\/ld+json\" class=\"yoast-schema-graph\">{\"@context\":\"https:\/\/schema.org\",\"@graph\":[{\"@type\":\"WebSite\",\"@id\":\"https:\/\/ivmtech.it\/#website\",\"url\":\"https:\/\/ivmtech.it\/\",\"name\":\"IVM S.r.l\",\"description\":\"Innovative Vibration Monitoring\",\"potentialAction\":[{\"@type\":\"SearchAction\",\"target\":\"https:\/\/ivmtech.it\/?s={search_term_string}\",\"query-input\":\"required name=search_term_string\"}],\"inLanguage\":\"en-US\"},{\"@type\":\"ImageObject\",\"@id\":\"https:\/\/ivmtech.it\/pillole-tecniche\/manutenzione-materiale-rotabile\/#primaryimage\",\"inLanguage\":\"en-US\",\"url\":\"https:\/\/ivmtech.it\/wp-content\/uploads\/2022\/07\/pill-6-ita.png\",\"width\":1132,\"height\":468},{\"@type\":\"WebPage\",\"@id\":\"https:\/\/ivmtech.it\/pillole-tecniche\/manutenzione-materiale-rotabile\/#webpage\",\"url\":\"https:\/\/ivmtech.it\/pillole-tecniche\/manutenzione-materiale-rotabile\/\",\"name\":\"[:it]Rolling stock maintenance - IVM S.r.l %[:]\",\"isPartOf\":{\"@id\":\"https:\/\/ivmtech.it\/#website\"},\"primaryImageOfPage\":{\"@id\":\"https:\/\/ivmtech.it\/pillole-tecniche\/manutenzione-materiale-rotabile\/#primaryimage\"},\"datePublished\":\"2022-07-21T10:22:00+00:00\",\"dateModified\":\"2022-10-26T12:58:48+00:00\",\"description\":\"{:it}Scopri di pi\\u00f9 sulla nostra mission!{:en}Learn more about our mission!{:fr}D\\u00e9couvrez notre mission!{:es}Descubre nuestra misi\\u00f3n!{:}\",\"breadcrumb\":{\"@id\":\"https:\/\/ivmtech.it\/pillole-tecniche\/manutenzione-materiale-rotabile\/#breadcrumb\"},\"inLanguage\":\"en-US\",\"potentialAction\":[{\"@type\":\"ReadAction\",\"target\":[\"https:\/\/ivmtech.it\/pillole-tecniche\/manutenzione-materiale-rotabile\/\"]}]},{\"@type\":\"BreadcrumbList\",\"@id\":\"https:\/\/ivmtech.it\/pillole-tecniche\/manutenzione-materiale-rotabile\/#breadcrumb\",\"itemListElement\":[{\"@type\":\"ListItem\",\"position\":1,\"item\":{\"@type\":\"WebPage\",\"@id\":\"https:\/\/ivmtech.it\/\",\"url\":\"https:\/\/ivmtech.it\/\",\"name\":\"Home\"}},{\"@type\":\"ListItem\",\"position\":2,\"item\":{\"@type\":\"WebPage\",\"@id\":\"https:\/\/ivmtech.it\/pillole-tecniche\/\",\"url\":\"https:\/\/ivmtech.it\/pillole-tecniche\/\",\"name\":\"Pillole tecniche\"}},{\"@type\":\"ListItem\",\"position\":3,\"item\":{\"@type\":\"WebPage\",\"@id\":\"https:\/\/ivmtech.it\/pillole-tecniche\/manutenzione-materiale-rotabile\/\",\"url\":\"https:\/\/ivmtech.it\/pillole-tecniche\/manutenzione-materiale-rotabile\/\",\"name\":\"La manutenzione del materiale rotabile\"}}]}]}<\/script>\n<!-- \/ Yoast SEO plugin. -->","_links":{"self":[{"href":"https:\/\/ivmtech.it\/en\/wp-json\/wp\/v2\/pages\/78527"}],"collection":[{"href":"https:\/\/ivmtech.it\/en\/wp-json\/wp\/v2\/pages"}],"about":[{"href":"https:\/\/ivmtech.it\/en\/wp-json\/wp\/v2\/types\/page"}],"author":[{"embeddable":true,"href":"https:\/\/ivmtech.it\/en\/wp-json\/wp\/v2\/users\/3"}],"replies":[{"embeddable":true,"href":"https:\/\/ivmtech.it\/en\/wp-json\/wp\/v2\/comments?post=78527"}],"version-history":[{"count":12,"href":"https:\/\/ivmtech.it\/en\/wp-json\/wp\/v2\/pages\/78527\/revisions"}],"predecessor-version":[{"id":78863,"href":"https:\/\/ivmtech.it\/en\/wp-json\/wp\/v2\/pages\/78527\/revisions\/78863"}],"up":[{"embeddable":true,"href":"https:\/\/ivmtech.it\/en\/wp-json\/wp\/v2\/pages\/78476"}],"wp:attachment":[{"href":"https:\/\/ivmtech.it\/en\/wp-json\/wp\/v2\/media?parent=78527"}],"curies":[{"name":"wp","href":"https:\/\/api.w.org\/{rel}","templated":true}]}}