{"id":78529,"date":"2022-07-21T12:30:25","date_gmt":"2022-07-21T10:30:25","guid":{"rendered":"https:\/\/ivmtech.it\/?page_id=78529"},"modified":"2022-10-21T11:55:57","modified_gmt":"2022-10-21T09:55:57","slug":"manutenzione-programmata-periodica","status":"publish","type":"page","link":"https:\/\/ivmtech.it\/en\/pillole-tecniche\/manutenzione-programmata-periodica\/","title":{"rendered":"Periodic Maintenance"},"content":{"rendered":"<p>[vc_row][vc_column][vc_text_separator title=&#8221;The importance of measuring the distribution of vertical forces per wheel in static conditions for maintenance&#8221; color=&#8221;custom&#8221; border_width=&#8221;2&#8243; accent_color=&#8221;#ffd200&#8243; el_class=&#8221;sticky&#8221;][vc_empty_space height=&#8221;20px&#8221;][vc_column_text css_animation=&#8221;left-to-right&#8221;]<span style=\"font-weight: 400;\">The definition of <\/span><b>PERIODIC MAINTENANCE<\/b><span style=\"font-weight: 400;\"> is: <\/span><\/p>\n<p><strong><em>any maintenance activity that allows to constantly monitor the status of all the parts of the train, to fix critical issues to maintain the efficiency and reliability of the rolling stock. <\/em><\/strong><\/p>\n<p><span style=\"font-weight: 400;\">It is based, above all, on procedures dictated by the maintenance plan. For example the check should be carried out when the train reaches a given mileage or a number of cycles, or operating time, w<\/span><span style=\"font-weight: 400;\">ithout a preliminary investigation on the condition of the rolling stock. By scheduling the maintenance, also the procurement of the necessary materials and the train inactivity can be planned.<\/span><\/p>\n<p><span style=\"font-weight: 400;\">This content is aimed at focusing on periodic maintenance that is usually scheduled to take place on planned cycles to be repeated one or more time.\u00a0<\/span><\/p>\n<p><span style=\"font-weight: 400;\">Periodic maintenance is based on interventions that are usually indicated with levels representing the degree of complexity, according to the following scheme:\u00a0<\/span><\/p>\n<ul>\n<li style=\"font-weight: 400;\" aria-level=\"1\"><span style=\"font-weight: 400;\">Level 1 maintenance\u00a0<\/span><\/li>\n<li style=\"font-weight: 400;\" aria-level=\"1\"><span style=\"font-weight: 400;\">Level 2 maintenance\u00a0<\/span><\/li>\n<li style=\"font-weight: 400;\" aria-level=\"1\"><span style=\"font-weight: 400;\">Level 3 maintenance\u00a0<\/span><\/li>\n<\/ul>\n<p><span style=\"font-weight: 400;\">The 1st level maintenance corresponds to simple interventions on rolling stock components. These operations do not require the dismantling but only visual inspection or wear checks of brake linings, checks of the levels of lubricants, functionality verification of some systems, etc.\u00a0\u00a0<\/span><\/p>\n<p><span style=\"font-weight: 400;\">During the maintenance intervention, the train usually stops for a few hours (4-6 hours) and the activities are carried out in railway workshops with workstations that allow access to the various parts of the train (underbody, ceiling, floor). Usually, the interval intervention depends on kilometres: between 5,000 and 15,000 km of operation.\u00a0<\/span><\/p>\n<p><span style=\"font-weight: 400;\">Level 2 maintenance is characterized by more consistent downtime (days) and involves the overhaul of some working systems, the scheduled replacement of components, the verification of safety systems, the execution of some so-called &#8220;non-destructive&#8221; tests (e.g. ultrasonic check of the axles). In some cases, in order to reduce the time of unavailability of the rolling stock, some sub-assemblies to be overhauled are replaced with other sub-assemblies already overhauled (e.g., traction motors).<\/span><\/p>\n<p><span style=\"font-weight: 400;\">The activities are carried out in railway depots that host the various parts of the train (the underbody, ceiling, floor). They are equipped with instrumentation capable of handling sub-assemblies even of considerable weight (bridge cranes, transhipment wagons, lifting jacks, etc.).<\/span><\/p>\n<p><span style=\"font-weight: 400;\">The intervention depends on kilometres: usually between 80,000 and 120,000 km of operation. This mileage on average corresponds to the annual mileage of a rolling stock, so that, in this phase, operations with an annual expiry date are also carried out.<\/span><\/p>\n<p><span style=\"font-weight: 400;\">The 2nd level maintenance interventions are the most complete ones that are carried out on rolling stock and involve the complete overhaul of some safety components (e.g., bogies, motors, door systems, braking systems, etc.). On average, every 3 or 4 interventions of 2nd level maintenance, this operation becomes more. This kind of intervention involves a series of major interventions which in most cases include the complete disassembly of all mechanical, electrical, pneumatic, set-up parts, etc. These operations require particular and specific equipment. This is the reason why they are normally carried out in dedicated areas of the railway workshops or in some specialized plants.<\/span><\/p>\n<p><span style=\"font-weight: 400;\">Below a standard schedule for periodic maintenance interventions:\u00a0<\/span><\/p>\n<p><span style=\"font-weight: 400;\"><img loading=\"lazy\" class=\"aligncenter wp-image-78530 size-full\" src=\"https:\/\/ivmtech.it\/wp-content\/uploads\/2022\/07\/pillola-7-img1.png\" alt=\"\" width=\"1540\" height=\"599\" srcset=\"https:\/\/ivmtech.it\/wp-content\/uploads\/2022\/07\/pillola-7-img1.png 1540w, https:\/\/ivmtech.it\/wp-content\/uploads\/2022\/07\/pillola-7-img1-300x117.png 300w, https:\/\/ivmtech.it\/wp-content\/uploads\/2022\/07\/pillola-7-img1-768x299.png 768w, https:\/\/ivmtech.it\/wp-content\/uploads\/2022\/07\/pillola-7-img1-1536x597.png 1536w, https:\/\/ivmtech.it\/wp-content\/uploads\/2022\/07\/pillola-7-img1-500x194.png 500w, https:\/\/ivmtech.it\/wp-content\/uploads\/2022\/07\/pillola-7-img1-800x311.png 800w, https:\/\/ivmtech.it\/wp-content\/uploads\/2022\/07\/pillola-7-img1-1280x498.png 1280w\" sizes=\"(max-width: 1540px) 100vw, 1540px\" \/>The main difficulty in applying this maintenance strategy lies in determining the most appropriate time intervals that must elapse between the various levels of periodic interventions. This choice must take into account various and complex technical-economic factors such as:<\/span><\/p>\n<ul>\n<li style=\"font-weight: 400;\" aria-level=\"1\"><span style=\"font-weight: 400;\">Life cycle and fatigue life of each component;<\/span><\/li>\n<li style=\"font-weight: 400;\" aria-level=\"1\"><span style=\"font-weight: 400;\">Tendency towards the progressive exaltation of wear, consumption and deterioration;<\/span><\/li>\n<li style=\"font-weight: 400;\" aria-level=\"1\"><span style=\"font-weight: 400;\">Optimization of maintenance costs with a trade-off between intervention management and unavailability of rolling stock.<\/span><\/li>\n<\/ul>\n<p><span style=\"font-weight: 400;\">Everything should be done in compliance with the main purposes of the maintenance process, that are:\u00a0<\/span><\/p>\n<ul>\n<li style=\"font-weight: 400;\" aria-level=\"1\"><span style=\"font-weight: 400;\">Keeping the rolling stock in perfect working order;<\/span><\/li>\n<li style=\"font-weight: 400;\" aria-level=\"1\"><span style=\"font-weight: 400;\">To guarantee the constant compliance of the rolling stock with the requirements imposed by the national and European regulations in force.<\/span><\/li>\n<\/ul>\n<p><span style=\"font-weight: 400;\">In fact, to respond more and more effectively to the need for the optimization of maintenance processes, there is an increasing tendency to combine the classic periodic maintenance to the on-condition and predictive maintenance approaches &#8211; thanks to the enormous and rapid technological developments in the field of diagnostic and monitoring systems.\u00a0<\/span><\/p>\n<p><span style=\"font-weight: 400;\">These maintenance strategies include monitoring the real conditions of critical components and in general the actual state of the rolling stock through measurements aimed at monitoring the state of wear \/ functionality of all the subsystems of the train.<\/span>[\/vc_column_text][\/vc_column][\/vc_row]<\/p>","protected":false},"excerpt":{"rendered":"<p>[vc_row][vc_column][vc_text_separator title=&#8221;The importance of measuring the distribution of vertical forces per wheel in static conditions for maintenance&#8221; color=&#8221;custom&#8221; border_width=&#8221;2&#8243; accent_color=&#8221;#ffd200&#8243; [&hellip;]<\/p>\n","protected":false},"author":3,"featured_media":0,"parent":78476,"menu_order":0,"comment_status":"closed","ping_status":"closed","template":"","meta":[],"yoast_head":"<!-- This site is optimized with the Yoast SEO plugin v15.9 - https:\/\/yoast.com\/wordpress\/plugins\/seo\/ -->\n<title>(Italiano) Periodic Maintenance - IVM S.r.l %<\/title>\n<meta name=\"description\" content=\"Learn more about our mission!\" \/>\n<meta name=\"robots\" content=\"index, follow, max-snippet:-1, max-image-preview:large, max-video-preview:-1\" \/>\n<link rel=\"canonical\" href=\"https:\/\/ivmtech.it\/pillole-tecniche\/manutenzione-programmata-periodica\/\" \/>\n<meta property=\"og:locale\" content=\"en_US\" \/>\n<meta property=\"og:type\" content=\"article\" \/>\n<meta property=\"og:title\" content=\"[:it]Periodic Maintenance - IVM S.r.l %[:]\" \/>\n<meta property=\"og:description\" content=\"{:it}Scopri di pi\u00f9 sulla nostra mission!{:en}Learn more about our mission!{:fr}D\u00e9couvrez notre mission!{:es}Descubre nuestra misi\u00f3n!{:}\" \/>\n<meta property=\"og:url\" content=\"https:\/\/ivmtech.it\/pillole-tecniche\/manutenzione-programmata-periodica\/\" \/>\n<meta property=\"og:site_name\" content=\"IVM S.r.l\" \/>\n<meta property=\"article:modified_time\" content=\"2022-10-21T09:55:57+00:00\" \/>\n<meta property=\"og:image\" content=\"https:\/\/ivmtech.it\/wp-content\/uploads\/2022\/07\/pillola-7-img1.png\" \/>\n<meta name=\"twitter:card\" content=\"summary_large_image\" \/>\n<meta name=\"twitter:label1\" content=\"Est. reading time\">\n\t<meta name=\"twitter:data1\" content=\"4 minutes\">\n<script type=\"application\/ld+json\" class=\"yoast-schema-graph\">{\"@context\":\"https:\/\/schema.org\",\"@graph\":[{\"@type\":\"WebSite\",\"@id\":\"https:\/\/ivmtech.it\/#website\",\"url\":\"https:\/\/ivmtech.it\/\",\"name\":\"IVM S.r.l\",\"description\":\"Innovative Vibration Monitoring\",\"potentialAction\":[{\"@type\":\"SearchAction\",\"target\":\"https:\/\/ivmtech.it\/?s={search_term_string}\",\"query-input\":\"required name=search_term_string\"}],\"inLanguage\":\"en-US\"},{\"@type\":\"ImageObject\",\"@id\":\"https:\/\/ivmtech.it\/pillole-tecniche\/manutenzione-programmata-periodica\/#primaryimage\",\"inLanguage\":\"en-US\",\"url\":\"https:\/\/ivmtech.it\/wp-content\/uploads\/2022\/07\/pillola-7-img1.png\",\"width\":1540,\"height\":599},{\"@type\":\"WebPage\",\"@id\":\"https:\/\/ivmtech.it\/pillole-tecniche\/manutenzione-programmata-periodica\/#webpage\",\"url\":\"https:\/\/ivmtech.it\/pillole-tecniche\/manutenzione-programmata-periodica\/\",\"name\":\"[:it]Periodic Maintenance - IVM S.r.l %[:]\",\"isPartOf\":{\"@id\":\"https:\/\/ivmtech.it\/#website\"},\"primaryImageOfPage\":{\"@id\":\"https:\/\/ivmtech.it\/pillole-tecniche\/manutenzione-programmata-periodica\/#primaryimage\"},\"datePublished\":\"2022-07-21T10:30:25+00:00\",\"dateModified\":\"2022-10-21T09:55:57+00:00\",\"description\":\"{:it}Scopri di pi\\u00f9 sulla nostra mission!{:en}Learn more about our mission!{:fr}D\\u00e9couvrez notre mission!{:es}Descubre nuestra misi\\u00f3n!{:}\",\"breadcrumb\":{\"@id\":\"https:\/\/ivmtech.it\/pillole-tecniche\/manutenzione-programmata-periodica\/#breadcrumb\"},\"inLanguage\":\"en-US\",\"potentialAction\":[{\"@type\":\"ReadAction\",\"target\":[\"https:\/\/ivmtech.it\/pillole-tecniche\/manutenzione-programmata-periodica\/\"]}]},{\"@type\":\"BreadcrumbList\",\"@id\":\"https:\/\/ivmtech.it\/pillole-tecniche\/manutenzione-programmata-periodica\/#breadcrumb\",\"itemListElement\":[{\"@type\":\"ListItem\",\"position\":1,\"item\":{\"@type\":\"WebPage\",\"@id\":\"https:\/\/ivmtech.it\/\",\"url\":\"https:\/\/ivmtech.it\/\",\"name\":\"Home\"}},{\"@type\":\"ListItem\",\"position\":2,\"item\":{\"@type\":\"WebPage\",\"@id\":\"https:\/\/ivmtech.it\/pillole-tecniche\/\",\"url\":\"https:\/\/ivmtech.it\/pillole-tecniche\/\",\"name\":\"Pillole tecniche\"}},{\"@type\":\"ListItem\",\"position\":3,\"item\":{\"@type\":\"WebPage\",\"@id\":\"https:\/\/ivmtech.it\/pillole-tecniche\/manutenzione-programmata-periodica\/\",\"url\":\"https:\/\/ivmtech.it\/pillole-tecniche\/manutenzione-programmata-periodica\/\",\"name\":\"La manutenzione periodica del materiale rotabile\"}}]}]}<\/script>\n<!-- \/ Yoast SEO plugin. -->","_links":{"self":[{"href":"https:\/\/ivmtech.it\/en\/wp-json\/wp\/v2\/pages\/78529"}],"collection":[{"href":"https:\/\/ivmtech.it\/en\/wp-json\/wp\/v2\/pages"}],"about":[{"href":"https:\/\/ivmtech.it\/en\/wp-json\/wp\/v2\/types\/page"}],"author":[{"embeddable":true,"href":"https:\/\/ivmtech.it\/en\/wp-json\/wp\/v2\/users\/3"}],"replies":[{"embeddable":true,"href":"https:\/\/ivmtech.it\/en\/wp-json\/wp\/v2\/comments?post=78529"}],"version-history":[{"count":8,"href":"https:\/\/ivmtech.it\/en\/wp-json\/wp\/v2\/pages\/78529\/revisions"}],"predecessor-version":[{"id":78826,"href":"https:\/\/ivmtech.it\/en\/wp-json\/wp\/v2\/pages\/78529\/revisions\/78826"}],"up":[{"embeddable":true,"href":"https:\/\/ivmtech.it\/en\/wp-json\/wp\/v2\/pages\/78476"}],"wp:attachment":[{"href":"https:\/\/ivmtech.it\/en\/wp-json\/wp\/v2\/media?parent=78529"}],"curies":[{"name":"wp","href":"https:\/\/api.w.org\/{rel}","templated":true}]}}