{"id":19,"date":"2015-06-24T07:48:05","date_gmt":"2015-06-24T07:48:05","guid":{"rendered":"http:\/\/transport.thememove.com\/demo\/?page_id=19"},"modified":"2023-07-17T11:45:59","modified_gmt":"2023-07-17T09:45:59","slug":"about-us","status":"publish","type":"page","link":"https:\/\/ivmtech.it\/es\/about-us\/","title":{"rendered":"Misi\u00f3n"},"content":{"rendered":"<p>[vc_row][vc_column][vc_custom_heading text=&#8221;Innovative Vibration Monitoring&#8221; font_container=&#8221;tag:h2|font_size:24|text_align:left|color:%23111111&#8243; use_theme_fonts=&#8221;yes&#8221; el_class=&#8221;style3&#8243; css=&#8221;.vc_custom_1524164928984{margin-bottom: 10px !important;}&#8221;][vc_column_text]IVM desarrolla equipos de monitoreo y diagn\u00f3stico para la industria del ferrocarril.<br \/>\nEl objetivo principal de sus productos es la <strong>medici\u00f3n de lo que se produce en la interfaz rueda-carril<\/strong>.<br \/>\nIVM elabora y mejora constantemente soluciones para estudiar esta interacci\u00f3n tanto en las condiciones est\u00e1ticas como en las din\u00e1micas, aprovechando al m\u00e1ximo la \u00faltima tecnolog\u00eda.<\/p>\n<p>IVM considera el progreso y la constante evoluci\u00f3n como la clave para actuar con \u00e9xito en el mundo ferroviario, altamente competitivo. Con este fin, la empresa valora la inovaci\u00f3n y est\u00e1 en condici\u00f3n de desarrollar todas las fases de la creaci\u00f3n de un producto: dise\u00f1o, producci\u00f3n, distribuci\u00f3n y an\u00e1lisis de los datos. \u00c9ste est\u00e1 realizado por recursos muy cualificados que trabajan en la empresa y adem\u00e1s por un inversi\u00f3n de 30% de los recursos en actividades de Investigaci\u00f3n y Desarrollo.<\/p>\n<p>Los productos de IVM necesitan competencias multidisciplinares y conocimientos de la \u00faltima Ingenier\u00eda. \u00c9sto es sumamente fundamental para la interacci\u00f3n rueda-carril que genera esfuerzos mec\u00e1nicos sobre los carriles y el material rodante. Adem\u00e1s estos esfuerzos dependen de leyes f\u00edsicas que no pueden asumirse como consecuencias distintas e individuales. Debido a su larga experencia, en cuanto al monitoreo, IVM cree que la medici\u00f3n debe realizarse en varios puntos y cada uno debe obtener datos de alta frecuencia; y que, sin embargo, para extraer el contenido informativo a efectos de diagn\u00f3stico, es necesario adoptar un enfoque anal\u00edtico m\u00e1s integrado.<\/p>\n<p>Las \u00faltimas tecnolog\u00edas permiten utilizar varios sensores que incrementan los datos disponibles. Sin embargo, s\u00f3lo el enfoque integrado y hol\u00edstico de IVM deja ampliar el contenido informativo que puede sacarse del fen\u00f3meno controlado y extraer la complicada actitud de la interacci\u00f3n rueda-carril.<\/p>\n<p>Por eso, IVM ha desarrollado algoritmos e infraestructuras cloud con el prop\u00f3sito de gestionar la dificultad mediante las tecnolog\u00edas modernas de macrodatos y las t\u00e9cninas de aprendizaje autom\u00e1tico.<\/p>\n<p>[\/vc_column_text][\/vc_column][\/vc_row]<\/p>","protected":false},"excerpt":{"rendered":"<p>[vc_row][vc_column][vc_custom_heading text=&#8221;Innovative Vibration Monitoring&#8221; font_container=&#8221;tag:h2|font_size:24|text_align:left|color:%23111111&#8243; use_theme_fonts=&#8221;yes&#8221; el_class=&#8221;style3&#8243; css=&#8221;.vc_custom_1524164928984{margin-bottom: 10px !important;}&#8221;][vc_column_text]IVM desarrolla equipos de monitoreo y diagn\u00f3stico para la industria del [&hellip;]<\/p>\n","protected":false},"author":1,"featured_media":79037,"parent":0,"menu_order":0,"comment_status":"closed","ping_status":"closed","template":"","meta":[],"yoast_head":"<!-- This site is optimized with the Yoast SEO plugin v15.9 - https:\/\/yoast.com\/wordpress\/plugins\/seo\/ -->\n<title>(Italiano) Misi\u00f3n - IVM S.r.l %<\/title>\n<meta name=\"description\" content=\"Descubre nuestra misi\u00f3n!\" \/>\n<meta name=\"robots\" content=\"index, follow, max-snippet:-1, max-image-preview:large, max-video-preview:-1\" \/>\n<link rel=\"canonical\" href=\"https:\/\/ivmtech.it\/about-us\/\" \/>\n<meta property=\"og:locale\" content=\"es_ES\" \/>\n<meta property=\"og:type\" content=\"article\" \/>\n<meta property=\"og:title\" content=\"[:it]Misi\u00f3n - IVM S.r.l %[:]\" \/>\n<meta property=\"og:description\" content=\"{:it}Scopri di pi\u00f9 sulla nostra mission!{:en}Learn more about our mission!{:fr}D\u00e9couvrez notre mission!{:es}Descubre nuestra misi\u00f3n!{:}\" \/>\n<meta property=\"og:url\" content=\"https:\/\/ivmtech.it\/about-us\/\" \/>\n<meta property=\"og:site_name\" content=\"IVM S.r.l\" \/>\n<meta property=\"article:modified_time\" content=\"2023-07-17T09:45:59+00:00\" \/>\n<meta property=\"og:image\" content=\"https:\/\/ivmtech.it\/wp-content\/uploads\/2023\/07\/Mission-IVM-srl.png\" \/>\n\t<meta property=\"og:image:width\" content=\"500\" \/>\n\t<meta property=\"og:image:height\" content=\"500\" \/>\n<meta name=\"twitter:card\" content=\"summary_large_image\" \/>\n<meta name=\"twitter:label1\" content=\"Tiempo de lectura\">\n\t<meta name=\"twitter:data1\" content=\"7 minutos\">\n<script type=\"application\/ld+json\" class=\"yoast-schema-graph\">{\"@context\":\"https:\/\/schema.org\",\"@graph\":[{\"@type\":\"WebSite\",\"@id\":\"https:\/\/ivmtech.it\/#website\",\"url\":\"https:\/\/ivmtech.it\/\",\"name\":\"IVM S.r.l\",\"description\":\"Innovative Vibration Monitoring\",\"potentialAction\":[{\"@type\":\"SearchAction\",\"target\":\"https:\/\/ivmtech.it\/?s={search_term_string}\",\"query-input\":\"required name=search_term_string\"}],\"inLanguage\":\"es\"},{\"@type\":\"ImageObject\",\"@id\":\"https:\/\/ivmtech.it\/about-us\/#primaryimage\",\"inLanguage\":\"es\",\"url\":\"https:\/\/ivmtech.it\/wp-content\/uploads\/2023\/07\/Mission-IVM-srl.png\",\"width\":500,\"height\":500},{\"@type\":\"WebPage\",\"@id\":\"https:\/\/ivmtech.it\/about-us\/#webpage\",\"url\":\"https:\/\/ivmtech.it\/about-us\/\",\"name\":\"[:it]Misi\\u00f3n - IVM S.r.l %[:]\",\"isPartOf\":{\"@id\":\"https:\/\/ivmtech.it\/#website\"},\"primaryImageOfPage\":{\"@id\":\"https:\/\/ivmtech.it\/about-us\/#primaryimage\"},\"datePublished\":\"2015-06-24T07:48:05+00:00\",\"dateModified\":\"2023-07-17T09:45:59+00:00\",\"description\":\"{:it}Scopri di pi\\u00f9 sulla nostra mission!{:en}Learn more about our mission!{:fr}D\\u00e9couvrez notre mission!{:es}Descubre nuestra misi\\u00f3n!{:}\",\"breadcrumb\":{\"@id\":\"https:\/\/ivmtech.it\/about-us\/#breadcrumb\"},\"inLanguage\":\"es\",\"potentialAction\":[{\"@type\":\"ReadAction\",\"target\":[\"https:\/\/ivmtech.it\/about-us\/\"]}]},{\"@type\":\"BreadcrumbList\",\"@id\":\"https:\/\/ivmtech.it\/about-us\/#breadcrumb\",\"itemListElement\":[{\"@type\":\"ListItem\",\"position\":1,\"item\":{\"@type\":\"WebPage\",\"@id\":\"https:\/\/ivmtech.it\/\",\"url\":\"https:\/\/ivmtech.it\/\",\"name\":\"Home\"}},{\"@type\":\"ListItem\",\"position\":2,\"item\":{\"@type\":\"WebPage\",\"@id\":\"https:\/\/ivmtech.it\/about-us\/\",\"url\":\"https:\/\/ivmtech.it\/about-us\/\",\"name\":\"Missione\"}}]}]}<\/script>\n<!-- \/ Yoast SEO plugin. -->","_links":{"self":[{"href":"https:\/\/ivmtech.it\/es\/wp-json\/wp\/v2\/pages\/19"}],"collection":[{"href":"https:\/\/ivmtech.it\/es\/wp-json\/wp\/v2\/pages"}],"about":[{"href":"https:\/\/ivmtech.it\/es\/wp-json\/wp\/v2\/types\/page"}],"author":[{"embeddable":true,"href":"https:\/\/ivmtech.it\/es\/wp-json\/wp\/v2\/users\/1"}],"replies":[{"embeddable":true,"href":"https:\/\/ivmtech.it\/es\/wp-json\/wp\/v2\/comments?post=19"}],"version-history":[{"count":40,"href":"https:\/\/ivmtech.it\/es\/wp-json\/wp\/v2\/pages\/19\/revisions"}],"predecessor-version":[{"id":77355,"href":"https:\/\/ivmtech.it\/es\/wp-json\/wp\/v2\/pages\/19\/revisions\/77355"}],"wp:featuredmedia":[{"embeddable":true,"href":"https:\/\/ivmtech.it\/es\/wp-json\/wp\/v2\/media\/79037"}],"wp:attachment":[{"href":"https:\/\/ivmtech.it\/es\/wp-json\/wp\/v2\/media?parent=19"}],"curies":[{"name":"wp","href":"https:\/\/api.w.org\/{rel}","templated":true}]}}