{"id":74999,"date":"2015-11-25T10:11:01","date_gmt":"2015-11-25T09:11:01","guid":{"rendered":"http:\/\/ivmtech.it\/?page_id=74999"},"modified":"2023-07-17T13:26:51","modified_gmt":"2023-07-17T11:26:51","slug":"vams-ubm","status":"publish","type":"page","link":"https:\/\/ivmtech.it\/es\/prodotti\/vams-ubm\/","title":{"rendered":"VAMS-UBM"},"content":{"rendered":"<p>[vc_row][vc_column][vc_custom_heading text=&#8221;Vibration Attenuation Monitoring System for Under Ballast Mats &#8211; VAMS-UBM&#8221; font_container=&#8221;tag:h2|text_align:left|color:%23111111&#8243; use_theme_fonts=&#8221;yes&#8221; el_class=&#8221;style3&#8243; css=&#8221;.vc_custom_1455539036259{margin-bottom: 10px !important;}&#8221;][vc_row_inner css=&#8221;.vc_custom_1448360454152{margin-bottom: 0px !important;}&#8221;][vc_column_inner][vc_column_text]<img style=\"float: left; margin-right: 15px; width: 100%; max-width: 555px;\" src=\"http:\/\/ivmtech.it\/wp-content\/uploads\/2015\/11\/tappetino-strumentato-2.jpg\" alt=\"\" \/><\/p>\n<p>La explotaci\u00f3n de una l\u00ednea del Metro subterr\u00e1neo en una zona urbana puede crear vibraciones al exterior. Eso representa un problema para cuerpos receptores particulares como edificios residenciales (molestia para las personas), estructuras de actividades sensibles a las vibraciones (por ej. hospitales) y edificios historicos y de importancia pol\u00edtica cultural ya sensibles a las vibraciones por s\u00ed mismos (edificios de ladrillo original). Una de las medidas m\u00e1s utilizadas para l\u00edneas reci\u00e9n construidas es el uso de esteras antivibraci\u00f3n posicionadas entre el armamento (v\u00edas, traviesas y balasto) y la estructura del t\u00fanel, de manera a absorbir y eliminar las vibraciones que causan la alteraci\u00f3n. Sin embargo con el tiempo, estos sistemas est\u00e1n sujetos a una degradaci\u00f3n que no puede ser prevista sobretodo si las condiciones reales se alejan de las condiciones ideales de las pruebas en laboratorio.<br \/>\nEl sistema <strong>VAMS-UBM<\/strong> consta de unas parejas de aceler\u00f3metros de tecnolog\u00eda MEMS colocados en la parte superior e inferior de las esteras antivibraci\u00f3n, alineados entre ellos. Cuando un tren del metro pasa por donde est\u00e1n las esteras instrumentadas, se produce una transmisi\u00f3n de ondas vibracionales de arriba (sed ferroviaria) abajo. La variaci\u00f3n de aceleraci\u00f3n obtenida por los dos sensores alineados en la cara superior e inferior es funci\u00f3n sobretodo de las propiedades el\u00e1sticas del material. Con el tiempo, si la estera cambia sus propiedas el\u00e1sticas (la goma se endurece) debido al desgaste, esta transmissi\u00f3n de ondas vibracionales debe necesariamente cambiar.<\/p>\n<p>[\/vc_column_text][vc_single_image image=&#8221;75197&#8243; img_size=&#8221;full&#8221; alignment=&#8221;center&#8221;][vc_column_text]<\/p>\n<p style=\"text-align: justify;\">El sistema funciona ya desde 2014 en el tramo de la Metro de Roma \u2018\u2019Flaminio \u2013 Lepanto\u2019\u2019 , L\u00ednea A y permite:<\/p>\n<ul class=\"lista\">\n<li>monitorear con el tiempo la degradaci\u00f3n de las esteras antivibraci\u00f3n;<\/li>\n<li>detectar se\u00f1ales an\u00f3malas relacionadas con las consecuencias del contacto rueda-carril;<\/li>\n<\/ul>\n<p>Adem\u00e1s del monitoreo de las vibraciones mediante las esteras, el sistema <strong>VAMS-UBM<\/strong> puede ser ampliado a\u00f1adiendo unos aceler\u00f3metros adicionales en el exterior de la estera para medir las vibraciones en los puntos circundantes. Por ejemplo, por el tramo Flaminio \u2013 Lepanto de la l\u00ednea A del Metro de Roma hay dos aceler\u00f3metros por secci\u00f3n instrumentada, posicionados en un lado del t\u00fanel y debajo de la b\u00f3veda, tanto para v\u00edas simples como para dobles.<\/p>\n<p>[\/vc_column_text][vc_single_image image=&#8221;75196&#8243; img_size=&#8221;full&#8221; alignment=&#8221;center&#8221;][\/vc_column_inner][\/vc_row_inner][vc_row_inner css=&#8221;.vc_custom_1448443348973{margin-top: 15px !important;}&#8221;][vc_column_inner][vc_custom_heading text=&#8221;PATENTE ITALIANA Y EUROPEA&#8221; font_container=&#8221;tag:h2|text_align:left|color:%23111111&#8243; use_theme_fonts=&#8221;yes&#8221; el_class=&#8221;style3&#8243; css=&#8221;.vc_custom_1448443111946{margin-bottom: 10px !important;}&#8221;][vc_column_text]<\/p>\n<p><strong>T\u00edtulo: <\/strong><em>Dispositivo attenuatore di vibrazioni e procedimento per valutare le prestazioni di detto dispositivo \/ <\/em>(Equipo de atenuaci\u00f3n de vibraciones y proceso para evaluar las prestaciones de dicho equipo)<br \/>\n<strong>Concesi\u00f3n de Patente italiana: <\/strong>3 de Abril de 2012 \u2013 Patente n. 0001392956<br \/>\n<strong>Concesi\u00f3n de Patente europea: <\/strong>6 de Mayo de 2015 &#8211; \u00a0Patente n. 2218934<\/p>\n<p>[\/vc_column_text][\/vc_column_inner][\/vc_row_inner][vc_row_inner css=&#8221;.vc_custom_1688050795522{margin-right: 0px !important;margin-left: 0px !important;padding-top: 15px !important;padding-bottom: 15px !important;background-color: #ffd200 !important;}&#8221;][vc_column_inner width=&#8221;5\/6&#8243;][vc_custom_heading text=&#8221;Descarga la documentaci\u00f3n del producto VAMS-UBM&#8221; font_container=&#8221;tag:h3|font_size:18|text_align:left|color:%23111111|line_height:1&#8243; use_theme_fonts=&#8221;yes&#8221; css=&#8221;.vc_custom_1456154028522{padding-left: 30px !important;}&#8221;][\/vc_column_inner][vc_column_inner width=&#8221;1\/6&#8243; css=&#8221;.vc_custom_1448357100884{margin-top: -15px !important;}&#8221;][vc_btn title=&#8221;Folleto&#8221; style=&#8221;outline&#8221; shape=&#8221;square&#8221; color=&#8221;black&#8221; align=&#8221;center&#8221; link=&#8221;url:http%3A%2F%2Fivmtech.it%2Fwp-content%2Fuploads%2Fbrochures%2F2015%2FBrochureVAMSUBM_ENG.pdf||&#8221;][\/vc_column_inner][\/vc_row_inner][vc_empty_space height=&#8221;20px&#8221;][\/vc_column][\/vc_row][vc_row full_width=&#8221;stretch_row&#8221; css=&#8221;.vc_custom_1448019018552{margin-bottom: 0px !important;border-top-width: 1px !important;padding-top: 50px !important;padding-bottom: 50px !important;background-color: #eeeeee !important;background-position: center !important;background-repeat: no-repeat !important;background-size: cover !important;border-top-color: #dddddd !important;border-top-style: solid !important;}&#8221; el_class=&#8221;align-right&#8221;][vc_column width=&#8221;2\/3&#8243;][vc_custom_heading text=&#8221;\u00bfNo sabes cu\u00e1l es la soluci\u00f3n apropriada para tu necesidad? &#8221; font_container=&#8221;tag:h3|font_size:18|text_align:left|color:%23111111&#8243; use_theme_fonts=&#8221;yes&#8221; css=&#8221;.vc_custom_1455550101582{margin-top: 10px !important;}&#8221;][\/vc_column][vc_column width=&#8221;1\/3&#8243;][thememove_button text=&#8221;Cont\u00e1ctenos &#8221; url=&#8221;http:\/\/ivmtech.it\/contatti\/&#8221;][\/vc_column][\/vc_row]<\/p>","protected":false},"excerpt":{"rendered":"<p>[vc_row][vc_column][vc_custom_heading text=&#8221;Vibration Attenuation Monitoring System for Under Ballast Mats &#8211; VAMS-UBM&#8221; font_container=&#8221;tag:h2|text_align:left|color:%23111111&#8243; use_theme_fonts=&#8221;yes&#8221; el_class=&#8221;style3&#8243; css=&#8221;.vc_custom_1455539036259{margin-bottom: 10px !important;}&#8221;][vc_row_inner css=&#8221;.vc_custom_1448360454152{margin-bottom: 0px !important;}&#8221;][vc_column_inner][vc_column_text] [&hellip;]<\/p>\n","protected":false},"author":1,"featured_media":79048,"parent":74861,"menu_order":0,"comment_status":"closed","ping_status":"closed","template":"","meta":[],"yoast_head":"<!-- This site is optimized with the Yoast SEO plugin v15.9 - https:\/\/yoast.com\/wordpress\/plugins\/seo\/ -->\n<title>VAMS-UBM - IVM S.r.l<\/title>\n<meta name=\"description\" content=\"Sistema para monitorear el rendimiento de esteras antivibraciones midiendo su degradaci\u00f3n con el tiempo\" \/>\n<meta name=\"robots\" content=\"index, follow, max-snippet:-1, max-image-preview:large, max-video-preview:-1\" \/>\n<link rel=\"canonical\" href=\"https:\/\/ivmtech.it\/prodotti\/vams-ubm\/\" \/>\n<meta property=\"og:locale\" content=\"es_ES\" \/>\n<meta property=\"og:type\" content=\"article\" \/>\n<meta property=\"og:title\" content=\"VAMS-UBM - IVM S.r.l\" \/>\n<meta property=\"og:description\" content=\"{:it}Sistema di monitoraggio delle prestazioni dei materassini antivibranti mediante la misurazione del loro degrado nel tempo{:en}Monitoring system of anti-vibration mats performances, by measuring the mats degradation over time{:fr}Syst\u00e8me de surveillance des performances des tapis anti-vibration en mesurant leur d\u00e9gradation dans le temps{:es}Sistema para monitorear el rendimiento de esteras antivibraciones midiendo su degradaci\u00f3n con el tiempo{:}\" \/>\n<meta property=\"og:url\" content=\"https:\/\/ivmtech.it\/prodotti\/vams-ubm\/\" \/>\n<meta property=\"og:site_name\" content=\"IVM S.r.l\" \/>\n<meta property=\"article:modified_time\" content=\"2023-07-17T11:26:51+00:00\" \/>\n<meta property=\"og:image\" content=\"https:\/\/ivmtech.it\/wp-content\/uploads\/2023\/07\/VAMS-UBM-IVM-srl.png\" \/>\n\t<meta property=\"og:image:width\" content=\"500\" \/>\n\t<meta property=\"og:image:height\" content=\"500\" \/>\n<meta name=\"twitter:card\" content=\"summary_large_image\" \/>\n<meta name=\"twitter:label1\" content=\"Tiempo de lectura\">\n\t<meta name=\"twitter:data1\" content=\"3 minutos\">\n<script type=\"application\/ld+json\" class=\"yoast-schema-graph\">{\"@context\":\"https:\/\/schema.org\",\"@graph\":[{\"@type\":\"WebSite\",\"@id\":\"https:\/\/ivmtech.it\/#website\",\"url\":\"https:\/\/ivmtech.it\/\",\"name\":\"IVM S.r.l\",\"description\":\"Innovative Vibration Monitoring\",\"potentialAction\":[{\"@type\":\"SearchAction\",\"target\":\"https:\/\/ivmtech.it\/?s={search_term_string}\",\"query-input\":\"required name=search_term_string\"}],\"inLanguage\":\"es\"},{\"@type\":\"ImageObject\",\"@id\":\"https:\/\/ivmtech.it\/prodotti\/vams-ubm\/#primaryimage\",\"inLanguage\":\"es\",\"url\":\"https:\/\/ivmtech.it\/wp-content\/uploads\/2023\/07\/VAMS-UBM-IVM-srl.png\",\"width\":500,\"height\":500},{\"@type\":\"WebPage\",\"@id\":\"https:\/\/ivmtech.it\/prodotti\/vams-ubm\/#webpage\",\"url\":\"https:\/\/ivmtech.it\/prodotti\/vams-ubm\/\",\"name\":\"VAMS-UBM - IVM S.r.l\",\"isPartOf\":{\"@id\":\"https:\/\/ivmtech.it\/#website\"},\"primaryImageOfPage\":{\"@id\":\"https:\/\/ivmtech.it\/prodotti\/vams-ubm\/#primaryimage\"},\"datePublished\":\"2015-11-25T09:11:01+00:00\",\"dateModified\":\"2023-07-17T11:26:51+00:00\",\"description\":\"{:it}Sistema di monitoraggio delle prestazioni dei materassini antivibranti mediante la misurazione del loro degrado nel tempo{:en}Monitoring system of anti-vibration mats performances, by measuring the mats degradation over time{:fr}Syst\\u00e8me de surveillance des performances des tapis anti-vibration en mesurant leur d\\u00e9gradation dans le temps{:es}Sistema para monitorear el rendimiento de esteras antivibraciones midiendo su degradaci\\u00f3n con el tiempo{:}\",\"breadcrumb\":{\"@id\":\"https:\/\/ivmtech.it\/prodotti\/vams-ubm\/#breadcrumb\"},\"inLanguage\":\"es\",\"potentialAction\":[{\"@type\":\"ReadAction\",\"target\":[\"https:\/\/ivmtech.it\/prodotti\/vams-ubm\/\"]}]},{\"@type\":\"BreadcrumbList\",\"@id\":\"https:\/\/ivmtech.it\/prodotti\/vams-ubm\/#breadcrumb\",\"itemListElement\":[{\"@type\":\"ListItem\",\"position\":1,\"item\":{\"@type\":\"WebPage\",\"@id\":\"https:\/\/ivmtech.it\/\",\"url\":\"https:\/\/ivmtech.it\/\",\"name\":\"Home\"}},{\"@type\":\"ListItem\",\"position\":2,\"item\":{\"@type\":\"WebPage\",\"@id\":\"https:\/\/ivmtech.it\/prodotti\/\",\"url\":\"https:\/\/ivmtech.it\/prodotti\/\",\"name\":\"Prodotti\"}},{\"@type\":\"ListItem\",\"position\":3,\"item\":{\"@type\":\"WebPage\",\"@id\":\"https:\/\/ivmtech.it\/prodotti\/vams-ubm\/\",\"url\":\"https:\/\/ivmtech.it\/prodotti\/vams-ubm\/\",\"name\":\"VAMS-UBM\"}}]}]}<\/script>\n<!-- \/ Yoast SEO plugin. -->","_links":{"self":[{"href":"https:\/\/ivmtech.it\/es\/wp-json\/wp\/v2\/pages\/74999"}],"collection":[{"href":"https:\/\/ivmtech.it\/es\/wp-json\/wp\/v2\/pages"}],"about":[{"href":"https:\/\/ivmtech.it\/es\/wp-json\/wp\/v2\/types\/page"}],"author":[{"embeddable":true,"href":"https:\/\/ivmtech.it\/es\/wp-json\/wp\/v2\/users\/1"}],"replies":[{"embeddable":true,"href":"https:\/\/ivmtech.it\/es\/wp-json\/wp\/v2\/comments?post=74999"}],"version-history":[{"count":49,"href":"https:\/\/ivmtech.it\/es\/wp-json\/wp\/v2\/pages\/74999\/revisions"}],"predecessor-version":[{"id":79019,"href":"https:\/\/ivmtech.it\/es\/wp-json\/wp\/v2\/pages\/74999\/revisions\/79019"}],"up":[{"embeddable":true,"href":"https:\/\/ivmtech.it\/es\/wp-json\/wp\/v2\/pages\/74861"}],"wp:featuredmedia":[{"embeddable":true,"href":"https:\/\/ivmtech.it\/es\/wp-json\/wp\/v2\/media\/79048"}],"wp:attachment":[{"href":"https:\/\/ivmtech.it\/es\/wp-json\/wp\/v2\/media?parent=74999"}],"curies":[{"name":"wp","href":"https:\/\/api.w.org\/{rel}","templated":true}]}}