{"id":75044,"date":"2015-11-25T12:38:18","date_gmt":"2015-11-25T11:38:18","guid":{"rendered":"http:\/\/ivmtech.it\/?page_id=75044"},"modified":"2023-07-17T13:24:41","modified_gmt":"2023-07-17T11:24:41","slug":"swan","status":"publish","type":"page","link":"https:\/\/ivmtech.it\/es\/prodotti\/swan\/","title":{"rendered":"SWAN"},"content":{"rendered":"<p>[vc_row][vc_column][vc_custom_heading text=&#8221;SWAN &#8211; Smart Wayside Accelerometric Network&#8221; font_container=&#8221;tag:h2|text_align:left|color:%23111111&#8243; use_theme_fonts=&#8221;yes&#8221; el_class=&#8221;style3&#8243; css=&#8221;.vc_custom_1596463792417{margin-bottom: 10px !important;}&#8221;][vc_row_inner css=&#8221;.vc_custom_1448360454152{margin-bottom: 0px !important;}&#8221;][vc_column_inner width=&#8221;1\/2&#8243;][vc_column_text]<\/p>\n<p style=\"text-align: justify;\"><strong>SWAN<\/strong> es un sistema WCM (Wheelset Condition Monitoring \u2013 Monitoreo de condici\u00f3n de rieles). Gracias a una arquitectura constructiva y una elaboraci\u00f3n innovadora de los datos, puede extraer contenidos informativos mediante la medici\u00f3n de las aceleraciones ejercidas sobre la v\u00eda al pasar de cada rueda, proporcionando en autom\u00e1tico tanto una evaluaci\u00f3n cuantitativa de los esfuerzos ejercidos sobre los rieles como un \u00edndice sint\u00e9tico de calidad de la rueda (QWI \u2013 Quality Wheel Index).<\/p>\n<p>[\/vc_column_text][\/vc_column_inner][vc_column_inner width=&#8221;1\/2&#8243;][vc_gallery type=&#8221;nivo&#8221; interval=&#8221;5&#8243; images=&#8221;75284,75047&#8243; img_size=&#8221;full&#8221; onclick=&#8221;link_no&#8221;][\/vc_column_inner][\/vc_row_inner][vc_single_image image=&#8221;75252&#8243; img_size=&#8221;full&#8221; alignment=&#8221;center&#8221; css=&#8221;.vc_custom_1452612235823{margin-top: 20px !important;margin-bottom: 20px !important;}&#8221;][vc_row_inner css=&#8221;.vc_custom_1448443348973{margin-top: 15px !important;}&#8221;][vc_column_inner]<br \/>\n[\/vc_column_inner][\/vc_row_inner][vc_single_image image=&#8221;75058&#8243; img_size=&#8221;full&#8221; alignment=&#8221;center&#8221;][vc_row_inner css=&#8221;.vc_custom_1448443348973{margin-top: 15px !important;}&#8221;][vc_column_inner][vc_custom_heading text=&#8221;CARACTER\u00cdSTICAS PRINCIPALES&#8221; font_container=&#8221;tag:h2|text_align:left|color:%23111111&#8243; use_theme_fonts=&#8221;yes&#8221; el_class=&#8221;style3&#8243; css=&#8221;.vc_custom_1456218259880{margin-bottom: 10px !important;}&#8221;][vc_column_text]<\/p>\n<div style=\"float: right; margin-left: 15px; width: 100%; max-width: 555px;\"><img style=\"width: 100%;\" src=\"http:\/\/ivmtech.it\/wp-content\/uploads\/2015\/12\/wheel.png\" alt=\"\" \/><br \/>\n<img style=\"margin-top: 15px; width: 100%;\" src=\"http:\/\/ivmtech.it\/wp-content\/uploads\/2015\/12\/SwantWeb.jpg\" alt=\"\" \/><\/div>\n<p>SWAN proporciona un \u00edndice (QWI) por cada rueda de un tren que pasa, clasificandolos en 3 n\u00edveles sint\u00e9ticos, L0-L1-L2 y de color verde-amarillo-rojo.<\/p>\n<p>SWAN puede reconocer el n\u00famero de placa del tren pasado y entonces sabe identificar una rueda de manera \u00fanica para monitorearla con el tiempo.<\/p>\n<p style=\"text-align: justify;\">\u00a0SWAN proporciona informaciones importantes sobre la calidad de la banda de rodadura de cada rueda para realizar el mantenimiento de una flota en caso necesario, reduciendo los costes de mantenimiento y aumentando la seguridad de la explotaci\u00f3n.<\/p>\n<p>Las caracter\u00edsticas primeras del sistema son:<\/p>\n<ul>\n<li>Adquisici\u00f3n, validaci\u00f3n y elaboraci\u00f3n autom\u00e1tica de los datos relativos a los sensores por el campo;<\/li>\n<li>C\u00e1lculo autom\u00e1tico QWI y producci\u00f3n de alarmas por rueda;<\/li>\n<li>Almacenamiento de los datos obtenidos y env\u00edo en autom\u00e1tico a un servidor dedicado;<\/li>\n<li>Identificaci\u00f3n mediante huella din\u00e1mica de cada rueda;<\/li>\n<li>Identificaci\u00f3n mediante foto tomada en autom\u00e1tico al pasar del veh\u00edculo;<\/li>\n<li>Identificaci\u00f3n autom\u00e1tica del tipo de veh\u00edculo mediante medici\u00f3n de las distancias entre los ejes;<\/li>\n<li>Control del sistema de forma remota mediante conexi\u00f3n HSDPA;<\/li>\n<li>Fotograf\u00edas al pasar del veh\u00edculo;<\/li>\n<li>Diagn\u00f3stico autom\u00e1tico y capacidad de funcionamiento degradado;<\/li>\n<li>Plataforma basada en la web para visualizar los datos obtenidos;<\/li>\n<li>Interfaz de gesti\u00f3n de los datos f\u00e1cil para usar;<\/li>\n<li>Umbrales de alerta configurados por el usuario seg\u00fan procesos operativos particulares;<\/li>\n<li>Tr\u00e1fico bidireccional;<\/li>\n<li>Mantenimiento y gesti\u00f3n sencilla;<\/li>\n<li>Sin l\u00edmites de longitud del tren;<\/li>\n<li>Alimentaci\u00f3n opcional mediante instalaci\u00f3n fotovoltaica;<\/li>\n<li>Ning\u00fana modificaci\u00f3n a los carriles para instalar los sensores;<\/li>\n<li>Resistencia en posibles entornos hostiles.<\/li>\n<\/ul>\n<p>[\/vc_column_text][\/vc_column_inner][\/vc_row_inner][vc_row_inner css=&#8221;.vc_custom_1688051502326{margin-right: 0px !important;margin-left: 0px !important;border-top-width: 1px !important;padding-top: 15px !important;padding-bottom: 15px !important;background-color: #ffd200 !important;}&#8221;][vc_column_inner width=&#8221;5\/6&#8243;][vc_custom_heading text=&#8221;Descarga la documentaci\u00f3n de SWAN&#8221; font_container=&#8221;tag:h3|font_size:18|text_align:left|color:%23111111|line_height:1&#8243; use_theme_fonts=&#8221;yes&#8221; css=&#8221;.vc_custom_1688051785543{padding-left: 30px !important;}&#8221;][\/vc_column_inner][vc_column_inner width=&#8221;1\/6&#8243; css=&#8221;.vc_custom_1448357100884{margin-top: -15px !important;}&#8221;][vc_btn title=&#8221;Folleto&#8221; style=&#8221;outline&#8221; shape=&#8221;square&#8221; color=&#8221;black&#8221; align=&#8221;center&#8221; link=&#8221;url:http%3A%2F%2Fivmtech.it%2Fwp-content%2Fuploads%2F2019%2F11%2FBrochure-SWAN_ENG.pdf|||&#8221;][\/vc_column_inner][\/vc_row_inner][vc_empty_space height=&#8221;20px&#8221;][\/vc_column][\/vc_row][vc_row full_width=&#8221;stretch_row&#8221; css=&#8221;.vc_custom_1688051494277{margin-bottom: 0px !important;border-top-width: 1px !important;padding-top: 25px !important;padding-bottom: 25px !important;background-color: #eeeeee !important;background-position: center !important;background-repeat: no-repeat !important;background-size: cover !important;border-top-color: #dddddd !important;border-top-style: solid !important;}&#8221; el_class=&#8221;align-right&#8221;][vc_column width=&#8221;2\/3&#8243;][vc_custom_heading text=&#8221;\u00bfNo sabes cu\u00e1l es la soluci\u00f3n apropriada para tu necesidad?&#8221; font_container=&#8221;tag:h3|font_size:18|text_align:left|color:%23111111&#8243; use_theme_fonts=&#8221;yes&#8221; css=&#8221;.vc_custom_1448018593183{margin-top: 10px !important;}&#8221;][\/vc_column][vc_column width=&#8221;1\/3&#8243;][thememove_button text=&#8221;Cont\u00e1ctenos&#8221; url=&#8221;http:\/\/ivmtech.it\/contatti\/&#8221;][\/vc_column][\/vc_row]<\/p>","protected":false},"excerpt":{"rendered":"<p>[vc_row][vc_column][vc_custom_heading text=&#8221;SWAN &#8211; Smart Wayside Accelerometric Network&#8221; font_container=&#8221;tag:h2|text_align:left|color:%23111111&#8243; use_theme_fonts=&#8221;yes&#8221; el_class=&#8221;style3&#8243; css=&#8221;.vc_custom_1596463792417{margin-bottom: 10px !important;}&#8221;][vc_row_inner css=&#8221;.vc_custom_1448360454152{margin-bottom: 0px !important;}&#8221;][vc_column_inner width=&#8221;1\/2&#8243;][vc_column_text] SWAN es un [&hellip;]<\/p>\n","protected":false},"author":1,"featured_media":79045,"parent":74861,"menu_order":0,"comment_status":"closed","ping_status":"closed","template":"","meta":[],"yoast_head":"<!-- This site is optimized with the Yoast SEO plugin v15.9 - https:\/\/yoast.com\/wordpress\/plugins\/seo\/ -->\n<title>SWAN - IVM S.r.l<\/title>\n<meta name=\"description\" content=\"Wheelset Condition Monitoring System (WCM) - Mantenimiento Predictivo y Basado en Condici\u00f3n de las ruedas del tren y Prevenci\u00f3n de desgaste de la v\u00eda\" \/>\n<meta name=\"robots\" content=\"index, follow, max-snippet:-1, max-image-preview:large, max-video-preview:-1\" \/>\n<link rel=\"canonical\" href=\"https:\/\/ivmtech.it\/prodotti\/swan\/\" \/>\n<meta property=\"og:locale\" content=\"es_ES\" \/>\n<meta property=\"og:type\" content=\"article\" \/>\n<meta property=\"og:title\" content=\"SWAN - IVM S.r.l\" \/>\n<meta property=\"og:description\" content=\"{:it}Wheel Conditioning Monitoring (WCM) - Manutenzione On-Condition e Predittiva delle Ruote dei Treni e Prevenzione Usura Binario{:en}Wheelset Condition Monitoring System (WCM) - Predictive and Condition-based Maintenance of any Train&#039;s Wheel &amp; Track Wear Prevention{:fr}Wheelset Condition Monitoring System (WCM) - Maintenance Pr\u00e9dictive et Conditionnelle des roues du train et Pr\u00e9vention de l&#039;usure des voies{:es}Wheelset Condition Monitoring System (WCM) - Mantenimiento Predictivo y Basado en Condici\u00f3n de las ruedas del tren y Prevenci\u00f3n de desgaste de la v\u00eda{:}\" \/>\n<meta property=\"og:url\" content=\"https:\/\/ivmtech.it\/prodotti\/swan\/\" \/>\n<meta property=\"og:site_name\" content=\"IVM S.r.l\" \/>\n<meta property=\"article:modified_time\" content=\"2023-07-17T11:24:41+00:00\" \/>\n<meta property=\"og:image\" content=\"https:\/\/ivmtech.it\/wp-content\/uploads\/2023\/07\/SWAN-IVM-srl.png\" \/>\n\t<meta property=\"og:image:width\" content=\"500\" \/>\n\t<meta property=\"og:image:height\" content=\"500\" \/>\n<meta name=\"twitter:card\" content=\"summary_large_image\" \/>\n<meta name=\"twitter:label1\" content=\"Tiempo de lectura\">\n\t<meta name=\"twitter:data1\" content=\"3 minutos\">\n<script type=\"application\/ld+json\" class=\"yoast-schema-graph\">{\"@context\":\"https:\/\/schema.org\",\"@graph\":[{\"@type\":\"WebSite\",\"@id\":\"https:\/\/ivmtech.it\/#website\",\"url\":\"https:\/\/ivmtech.it\/\",\"name\":\"IVM S.r.l\",\"description\":\"Innovative Vibration Monitoring\",\"potentialAction\":[{\"@type\":\"SearchAction\",\"target\":\"https:\/\/ivmtech.it\/?s={search_term_string}\",\"query-input\":\"required name=search_term_string\"}],\"inLanguage\":\"es\"},{\"@type\":\"ImageObject\",\"@id\":\"https:\/\/ivmtech.it\/prodotti\/swan\/#primaryimage\",\"inLanguage\":\"es\",\"url\":\"https:\/\/ivmtech.it\/wp-content\/uploads\/2023\/07\/SWAN-IVM-srl.png\",\"width\":500,\"height\":500},{\"@type\":\"WebPage\",\"@id\":\"https:\/\/ivmtech.it\/prodotti\/swan\/#webpage\",\"url\":\"https:\/\/ivmtech.it\/prodotti\/swan\/\",\"name\":\"SWAN - IVM S.r.l\",\"isPartOf\":{\"@id\":\"https:\/\/ivmtech.it\/#website\"},\"primaryImageOfPage\":{\"@id\":\"https:\/\/ivmtech.it\/prodotti\/swan\/#primaryimage\"},\"datePublished\":\"2015-11-25T11:38:18+00:00\",\"dateModified\":\"2023-07-17T11:24:41+00:00\",\"description\":\"{:it}Wheel Conditioning Monitoring (WCM) - Manutenzione On-Condition e Predittiva delle Ruote dei Treni e Prevenzione Usura Binario{:en}Wheelset Condition Monitoring System (WCM) - Predictive and Condition-based Maintenance of any Train's Wheel & Track Wear Prevention{:fr}Wheelset Condition Monitoring System (WCM) - Maintenance Pr\\u00e9dictive et Conditionnelle des roues du train et Pr\\u00e9vention de l'usure des voies{:es}Wheelset Condition Monitoring System (WCM) - Mantenimiento Predictivo y Basado en Condici\\u00f3n de las ruedas del tren y Prevenci\\u00f3n de desgaste de la v\\u00eda{:}\",\"breadcrumb\":{\"@id\":\"https:\/\/ivmtech.it\/prodotti\/swan\/#breadcrumb\"},\"inLanguage\":\"es\",\"potentialAction\":[{\"@type\":\"ReadAction\",\"target\":[\"https:\/\/ivmtech.it\/prodotti\/swan\/\"]}]},{\"@type\":\"BreadcrumbList\",\"@id\":\"https:\/\/ivmtech.it\/prodotti\/swan\/#breadcrumb\",\"itemListElement\":[{\"@type\":\"ListItem\",\"position\":1,\"item\":{\"@type\":\"WebPage\",\"@id\":\"https:\/\/ivmtech.it\/\",\"url\":\"https:\/\/ivmtech.it\/\",\"name\":\"Home\"}},{\"@type\":\"ListItem\",\"position\":2,\"item\":{\"@type\":\"WebPage\",\"@id\":\"https:\/\/ivmtech.it\/prodotti\/\",\"url\":\"https:\/\/ivmtech.it\/prodotti\/\",\"name\":\"Prodotti\"}},{\"@type\":\"ListItem\",\"position\":3,\"item\":{\"@type\":\"WebPage\",\"@id\":\"https:\/\/ivmtech.it\/prodotti\/swan\/\",\"url\":\"https:\/\/ivmtech.it\/prodotti\/swan\/\",\"name\":\"SWAN\"}}]}]}<\/script>\n<!-- \/ Yoast SEO plugin. -->","_links":{"self":[{"href":"https:\/\/ivmtech.it\/es\/wp-json\/wp\/v2\/pages\/75044"}],"collection":[{"href":"https:\/\/ivmtech.it\/es\/wp-json\/wp\/v2\/pages"}],"about":[{"href":"https:\/\/ivmtech.it\/es\/wp-json\/wp\/v2\/types\/page"}],"author":[{"embeddable":true,"href":"https:\/\/ivmtech.it\/es\/wp-json\/wp\/v2\/users\/1"}],"replies":[{"embeddable":true,"href":"https:\/\/ivmtech.it\/es\/wp-json\/wp\/v2\/comments?post=75044"}],"version-history":[{"count":50,"href":"https:\/\/ivmtech.it\/es\/wp-json\/wp\/v2\/pages\/75044\/revisions"}],"predecessor-version":[{"id":79026,"href":"https:\/\/ivmtech.it\/es\/wp-json\/wp\/v2\/pages\/75044\/revisions\/79026"}],"up":[{"embeddable":true,"href":"https:\/\/ivmtech.it\/es\/wp-json\/wp\/v2\/pages\/74861"}],"wp:featuredmedia":[{"embeddable":true,"href":"https:\/\/ivmtech.it\/es\/wp-json\/wp\/v2\/media\/79045"}],"wp:attachment":[{"href":"https:\/\/ivmtech.it\/es\/wp-json\/wp\/v2\/media?parent=75044"}],"curies":[{"name":"wp","href":"https:\/\/api.w.org\/{rel}","templated":true}]}}