{"id":76705,"date":"2019-08-27T14:44:49","date_gmt":"2019-08-27T12:44:49","guid":{"rendered":"http:\/\/ivmtech.it\/?page_id=76705"},"modified":"2023-07-17T13:31:46","modified_gmt":"2023-07-17T11:31:46","slug":"weighing-service","status":"publish","type":"page","link":"https:\/\/ivmtech.it\/es\/weighing-service\/","title":{"rendered":"Servicio de Pesaje"},"content":{"rendered":"<p>[vc_row][vc_column][vc_custom_heading text=&#8221;Servicio de pesaje mundial in situ&#8221; use_theme_fonts=&#8221;yes&#8221; el_class=&#8221;style3&#8243;][vc_empty_space height=&#8221;20px&#8221;][vc_column_text]<\/p>\n<p style=\"font-weight: 400;\">La medici\u00f3n del balanceo del material rodante en la v\u00eda es uno de los par\u00e1metros m\u00e1s importantes que se deben verificar antes de poner en servicio cualquier material rodante, al garantizar una reducci\u00f3n del riesgo de descarrilamiento y una mejora de la din\u00e1mica de ejecuci\u00f3n.<\/p>\n<p style=\"font-weight: 400;\">Seg\u00fan lo especificado por la norma EN 15654-2: 2019, las actividades de prueba deben llevarse a cabo no solo al final de la producci\u00f3n de material rodante, sino tambi\u00e9n despu\u00e9s de una modificaci\u00f3n (variaci\u00f3n de masa) o procesos de mantenimiento pesado.<\/p>\n<p>[\/vc_column_text][vc_text_separator title=&#8221;\u00bfNecesita medir el balanceo de su material rodante de acuerdo con la norma EN 15654-2: 2019?&#8221; color=&#8221;custom&#8221; border_width=&#8221;2&#8243; accent_color=&#8221;#ffde22&#8243;][vc_column_text]<\/p>\n<p style=\"font-weight: 400;\">\u00a0A partir de ahora, IVM se complace en brindarle asistencia completa, ofreci\u00e9ndole tambi\u00e9n servicios de medici\u00f3n in situ, con cobertura mundial.<\/p>\n<p style=\"font-weight: 400;\">Gracias al sistema port\u00e1til <a href=\"http:\/\/ivmtech.it\/prodotti\/powerve\/\">POWERVE<\/a>, nuestros t\u00e9cnicos altamente especializados pueden volar a cualquier parte del mundo, trayendo el equipo con ellos y brindando el mejor y m\u00e1s f\u00e1cil servicio de medici\u00f3n en el sitio, directamente a sus instalaciones.<\/p>\n<p>[\/vc_column_text][\/vc_column][\/vc_row][vc_row][vc_column][vc_gallery type=&#8221;nivo&#8221; interval=&#8221;5&#8243; images=&#8221;77114,77115,77116,77117,77118,77119,77120,77121,77123&#8243; img_size=&#8221;full&#8221; onclick=&#8221;&#8221;][\/vc_column][\/vc_row][vc_row][vc_column][vc_btn title=&#8221;Cont\u00e1ctenos para m\u00e1s informaci\u00f3n &#8221; style=&#8221;custom&#8221; custom_background=&#8221;#ffdd20&#8243; custom_text=&#8221;#000000&#8243; align=&#8221;center&#8221; link=&#8221;url:https%3A%2F%2Fivmtech.it%2Fcontatti%2F|title:%5B%3Ait%5DContatti%5B%3Aen%5DContacts%5B%3Afr%5DContact%5B%3Aes%5DContacto%5B%3Aar%5D%D8%A7%D8%AA%D8%B5%D9%84%D9%88%D8%A7%20%D8%A8%D9%86%D8%A7%5B%3A%5D||&#8221; el_class=&#8221;style3&#8243;][\/vc_column][\/vc_row]<\/p>","protected":false},"excerpt":{"rendered":"<p>[vc_row][vc_column][vc_custom_heading text=&#8221;Servicio de pesaje mundial in situ&#8221; use_theme_fonts=&#8221;yes&#8221; el_class=&#8221;style3&#8243;][vc_empty_space height=&#8221;20px&#8221;][vc_column_text] La medici\u00f3n del balanceo del material rodante en la v\u00eda [&hellip;]<\/p>\n","protected":false},"author":1,"featured_media":79049,"parent":0,"menu_order":0,"comment_status":"closed","ping_status":"closed","template":"","meta":[],"yoast_head":"<!-- This site is optimized with the Yoast SEO plugin v15.9 - https:\/\/yoast.com\/wordpress\/plugins\/seo\/ -->\n<title>Servicio de Pesaje - IVM S.r.l<\/title>\n<meta name=\"description\" content=\"Servicio de pesaje in situ con POWERVE para cualquier material rodante, en todo el mundo\" \/>\n<meta name=\"robots\" content=\"index, follow, max-snippet:-1, max-image-preview:large, max-video-preview:-1\" \/>\n<link rel=\"canonical\" href=\"https:\/\/ivmtech.it\/weighing-service\/\" \/>\n<meta property=\"og:locale\" content=\"es_ES\" \/>\n<meta property=\"og:type\" content=\"article\" \/>\n<meta property=\"og:title\" content=\"Servicio de Pesaje - IVM S.r.l\" \/>\n<meta property=\"og:description\" content=\"{:it}Servizio di pesatura POWERVE in loco, in tutto il mondo e per qualsiasi rotabile{:en}POWERVE Weighing Service on-site for any rolling stock all around the world{:fr}Service de pesage sur place avec POWERVE, pour tout mat\u00e9riel roulant, dans le monde entier{:es}Servicio de pesaje in situ con POWERVE para cualquier material rodante, en todo el mundo{:}\" \/>\n<meta property=\"og:url\" content=\"https:\/\/ivmtech.it\/weighing-service\/\" \/>\n<meta property=\"og:site_name\" content=\"IVM S.r.l\" \/>\n<meta property=\"article:modified_time\" content=\"2023-07-17T11:31:46+00:00\" \/>\n<meta property=\"og:image\" content=\"https:\/\/ivmtech.it\/wp-content\/uploads\/2023\/07\/WEIGHING-SERVICE-IVM-srl.png\" \/>\n\t<meta property=\"og:image:width\" content=\"250\" \/>\n\t<meta property=\"og:image:height\" content=\"250\" \/>\n<meta name=\"twitter:card\" content=\"summary_large_image\" \/>\n<meta name=\"twitter:label1\" content=\"Tiempo de lectura\">\n\t<meta name=\"twitter:data1\" content=\"1 minuto\">\n<script type=\"application\/ld+json\" class=\"yoast-schema-graph\">{\"@context\":\"https:\/\/schema.org\",\"@graph\":[{\"@type\":\"WebSite\",\"@id\":\"https:\/\/ivmtech.it\/#website\",\"url\":\"https:\/\/ivmtech.it\/\",\"name\":\"IVM S.r.l\",\"description\":\"Innovative Vibration Monitoring\",\"potentialAction\":[{\"@type\":\"SearchAction\",\"target\":\"https:\/\/ivmtech.it\/?s={search_term_string}\",\"query-input\":\"required name=search_term_string\"}],\"inLanguage\":\"es\"},{\"@type\":\"ImageObject\",\"@id\":\"https:\/\/ivmtech.it\/weighing-service\/#primaryimage\",\"inLanguage\":\"es\",\"url\":\"https:\/\/ivmtech.it\/wp-content\/uploads\/2023\/07\/WEIGHING-SERVICE-IVM-srl.png\",\"width\":250,\"height\":250},{\"@type\":\"WebPage\",\"@id\":\"https:\/\/ivmtech.it\/weighing-service\/#webpage\",\"url\":\"https:\/\/ivmtech.it\/weighing-service\/\",\"name\":\"Servicio de Pesaje - IVM S.r.l\",\"isPartOf\":{\"@id\":\"https:\/\/ivmtech.it\/#website\"},\"primaryImageOfPage\":{\"@id\":\"https:\/\/ivmtech.it\/weighing-service\/#primaryimage\"},\"datePublished\":\"2019-08-27T12:44:49+00:00\",\"dateModified\":\"2023-07-17T11:31:46+00:00\",\"description\":\"{:it}Servizio di pesatura POWERVE in loco, in tutto il mondo e per qualsiasi rotabile{:en}POWERVE Weighing Service on-site for any rolling stock all around the world{:fr}Service de pesage sur place avec POWERVE, pour tout mat\\u00e9riel roulant, dans le monde entier{:es}Servicio de pesaje in situ con POWERVE para cualquier material rodante, en todo el mundo{:}\",\"breadcrumb\":{\"@id\":\"https:\/\/ivmtech.it\/weighing-service\/#breadcrumb\"},\"inLanguage\":\"es\",\"potentialAction\":[{\"@type\":\"ReadAction\",\"target\":[\"https:\/\/ivmtech.it\/weighing-service\/\"]}]},{\"@type\":\"BreadcrumbList\",\"@id\":\"https:\/\/ivmtech.it\/weighing-service\/#breadcrumb\",\"itemListElement\":[{\"@type\":\"ListItem\",\"position\":1,\"item\":{\"@type\":\"WebPage\",\"@id\":\"https:\/\/ivmtech.it\/\",\"url\":\"https:\/\/ivmtech.it\/\",\"name\":\"Home\"}},{\"@type\":\"ListItem\",\"position\":2,\"item\":{\"@type\":\"WebPage\",\"@id\":\"https:\/\/ivmtech.it\/weighing-service\/\",\"url\":\"https:\/\/ivmtech.it\/weighing-service\/\",\"name\":\"Servizio di Pesatura\"}}]}]}<\/script>\n<!-- \/ Yoast SEO plugin. -->","_links":{"self":[{"href":"https:\/\/ivmtech.it\/es\/wp-json\/wp\/v2\/pages\/76705"}],"collection":[{"href":"https:\/\/ivmtech.it\/es\/wp-json\/wp\/v2\/pages"}],"about":[{"href":"https:\/\/ivmtech.it\/es\/wp-json\/wp\/v2\/types\/page"}],"author":[{"embeddable":true,"href":"https:\/\/ivmtech.it\/es\/wp-json\/wp\/v2\/users\/1"}],"replies":[{"embeddable":true,"href":"https:\/\/ivmtech.it\/es\/wp-json\/wp\/v2\/comments?post=76705"}],"version-history":[{"count":30,"href":"https:\/\/ivmtech.it\/es\/wp-json\/wp\/v2\/pages\/76705\/revisions"}],"predecessor-version":[{"id":77426,"href":"https:\/\/ivmtech.it\/es\/wp-json\/wp\/v2\/pages\/76705\/revisions\/77426"}],"wp:featuredmedia":[{"embeddable":true,"href":"https:\/\/ivmtech.it\/es\/wp-json\/wp\/v2\/media\/79049"}],"wp:attachment":[{"href":"https:\/\/ivmtech.it\/es\/wp-json\/wp\/v2\/media?parent=76705"}],"curies":[{"name":"wp","href":"https:\/\/api.w.org\/{rel}","templated":true}]}}