{"id":78476,"date":"2022-07-19T16:49:29","date_gmt":"2022-07-19T14:49:29","guid":{"rendered":"https:\/\/ivmtech.it\/?page_id=78476"},"modified":"2023-07-17T11:05:07","modified_gmt":"2023-07-17T09:05:07","slug":"pillole-tecniche","status":"publish","type":"page","link":"https:\/\/ivmtech.it\/es\/pillole-tecniche\/","title":{"rendered":"P\u00edldoras t\u00e9cnicas"},"content":{"rendered":"<p>[vc_row][vc_column][vc_column_text]<\/p>\n<p style=\"text-align: justify;\">En el mundo ferroviario, los par\u00e1metros a controlar para garantizar una din\u00e1mica de circulaci\u00f3n segura y sostenible en cuanto al desgaste del material rodante y las infraestructuras son diferentes.<br \/>\nEn esta secci\u00f3n ofrecemos una serie de contenidos que pretenden tanto compartir consideraciones t\u00e9cnicas, derivadas de nuestra experiencia en el sector, como estimular a nuestra audiencia a un debate en torno a los temas propuestos:<\/p>\n<p>[\/vc_column_text][vc_custom_heading text=&#8221;LA IMPORTANCIA DE LA MEDICI\u00d3N EST\u00c1TICA DE LA DISTRIBUCI\u00d3N DE LA FUERZA VERTICAL EN RUEDA PARA FINES DE MANTENIMIENTO&#8221; font_container=&#8221;tag:h2|font_size:18|text_align:left|color:%23111111&#8243; use_theme_fonts=&#8221;yes&#8221; el_class=&#8221;style3&#8243; css=&#8221;.vc_custom_1666609005652{margin-bottom: 10px !important;}&#8221;][vc_empty_space height=&#8221;20px&#8221;][vc_column_text css_animation=&#8221;left-to-right&#8221;]La definici\u00f3n de mantenimiento en UNI EN 13306:2018 es:<\/p>\n<p style=\"text-align: center;\"><em>\u201ccombinaci\u00f3n de todas las acciones t\u00e9cnicas, administrativas y gerenciales durante el ciclo de vida de un item con el fin de mantenerlo, o restaurarlo, a un estado en el cual pueda desempe\u00f1ar la funci\u00f3n requerida\u201d<\/em><\/p>\n<p>Por lo tanto, el objetivo del mantenimiento es asegurar que el material rodante, durante su vida \u00fatil, se mantenga en conformidad con sus requisitos de dise\u00f1o.<\/p>\n<p>Para el correcto y seguro comportamiento del material rodante, un requisito de dise\u00f1o muy importante es la <a href=\"https:\/\/ivmtech.it\/es\/pillole-tecniche\/distribuzione-della-forza-peso\/\"><strong>distribuci\u00f3n uniforme de la carga<\/strong> <\/a>ejercida por cada rueda sobre el carril.<\/p>\n<p>Este aspecto se ve reforzado por la existencia de diversas <strong><a href=\"https:\/\/ivmtech.it\/es\/pillole-tecniche\/normativa\/\">normas<\/a> <\/strong>que imponen l\u00edmites a las fuerzas verticales que el material rodante ejerce sobre la infraestructura.<\/p>\n<p>Adem\u00e1s, varias <a href=\"https:\/\/ivmtech.it\/es\/pillole-tecniche\/indagini-deragliamento\/\"><strong>investigaciones tras el descarrilamiento<\/strong><\/a> han resaltado la correlaci\u00f3n entre estos episodios y las condiciones de distribuci\u00f3n desigual de la carga.<\/p>\n<p>Pero, \u00bf<a href=\"https:\/\/ivmtech.it\/es\/pillole-tecniche\/en-156542-vertical-forces-measurements\/\"><strong>Cu\u00e1ndo y c\u00f3mo realizar las mediciones<\/strong><\/a> para obtener un <a href=\"https:\/\/ivmtech.it\/es\/pillole-tecniche\/monitoraggio-accurato-manutenzione\/\"><strong>monitoreo suficientemente exacto<\/strong><\/a> de la correcta distribuci\u00f3n?<\/p>\n<p>Para llevar a cabo <a href=\"https:\/\/ivmtech.it\/es\/pillole-tecniche\/manutenzione-materiale-rotabile\/\"><strong>el mantenimiento del material rodante<\/strong><\/a>, existen varios procedimientos. Actualmente, por el momento, en el mundo ferroviario se aplica principalmente el mantenimiento programado o sistem\u00e1tico.<\/p>\n<p>\u00bfEn qu\u00e9 medida es concebible y ventajosa la aplicaci\u00f3n del mantenimiento predictivo y basado en la condici\u00f3n?[\/vc_column_text][vc_separator color=&#8221;custom&#8221; border_width=&#8221;2&#8243; accent_color=&#8221;#ffd200&#8243;][\/vc_column][\/vc_row]<\/p>","protected":false},"excerpt":{"rendered":"<p>[vc_row][vc_column][vc_column_text] En el mundo ferroviario, los par\u00e1metros a controlar para garantizar una din\u00e1mica de circulaci\u00f3n segura y sostenible en cuanto [&hellip;]<\/p>\n","protected":false},"author":3,"featured_media":79031,"parent":0,"menu_order":0,"comment_status":"closed","ping_status":"closed","template":"","meta":[],"yoast_head":"<!-- This site is optimized with the Yoast SEO plugin v15.9 - https:\/\/yoast.com\/wordpress\/plugins\/seo\/ -->\n<title>(Italiano) P\u00edldoras t\u00e9cnicas<\/title>\n<meta name=\"description\" content=\"Descubre nuestra misi\u00f3n!\" \/>\n<meta name=\"robots\" content=\"index, follow, max-snippet:-1, max-image-preview:large, max-video-preview:-1\" \/>\n<link rel=\"canonical\" href=\"https:\/\/ivmtech.it\/pillole-tecniche\/\" \/>\n<meta property=\"og:locale\" content=\"es_ES\" \/>\n<meta property=\"og:type\" content=\"article\" \/>\n<meta property=\"og:title\" content=\"[:it]P\u00edldoras t\u00e9cnicas [:]\" \/>\n<meta property=\"og:description\" content=\"{:it}How to ensure maintenance and safe and sustainable railway dynamics in terms of wear on rolling stock and infrastructure?{:en}D\u00e9couvrez notre mission!{:fr}Descubre nuestra misi\u00f3n!{:es}Descubre nuestra misi\u00f3n!{:}\" \/>\n<meta property=\"og:url\" content=\"https:\/\/ivmtech.it\/pillole-tecniche\/\" \/>\n<meta property=\"og:site_name\" content=\"IVM S.r.l\" \/>\n<meta property=\"article:modified_time\" content=\"2023-07-17T09:05:07+00:00\" \/>\n<meta property=\"og:image\" content=\"https:\/\/ivmtech.it\/wp-content\/uploads\/2023\/07\/IVMsrl.png\" \/>\n\t<meta property=\"og:image:width\" content=\"500\" \/>\n\t<meta property=\"og:image:height\" content=\"500\" \/>\n<meta name=\"twitter:card\" content=\"summary_large_image\" \/>\n<meta name=\"twitter:label1\" content=\"Tiempo de lectura\">\n\t<meta name=\"twitter:data1\" content=\"2 minutos\">\n<script type=\"application\/ld+json\" class=\"yoast-schema-graph\">{\"@context\":\"https:\/\/schema.org\",\"@graph\":[{\"@type\":\"WebSite\",\"@id\":\"https:\/\/ivmtech.it\/#website\",\"url\":\"https:\/\/ivmtech.it\/\",\"name\":\"IVM S.r.l\",\"description\":\"Innovative Vibration Monitoring\",\"potentialAction\":[{\"@type\":\"SearchAction\",\"target\":\"https:\/\/ivmtech.it\/?s={search_term_string}\",\"query-input\":\"required name=search_term_string\"}],\"inLanguage\":\"es\"},{\"@type\":\"ImageObject\",\"@id\":\"https:\/\/ivmtech.it\/pillole-tecniche\/#primaryimage\",\"inLanguage\":\"es\",\"url\":\"https:\/\/ivmtech.it\/wp-content\/uploads\/2023\/07\/IVMsrl.png\",\"width\":500,\"height\":500},{\"@type\":\"WebPage\",\"@id\":\"https:\/\/ivmtech.it\/pillole-tecniche\/#webpage\",\"url\":\"https:\/\/ivmtech.it\/pillole-tecniche\/\",\"name\":\"[:it]P\\u00edldoras t\\u00e9cnicas [:]\",\"isPartOf\":{\"@id\":\"https:\/\/ivmtech.it\/#website\"},\"primaryImageOfPage\":{\"@id\":\"https:\/\/ivmtech.it\/pillole-tecniche\/#primaryimage\"},\"datePublished\":\"2022-07-19T14:49:29+00:00\",\"dateModified\":\"2023-07-17T09:05:07+00:00\",\"description\":\"{:it}How to ensure maintenance and safe and sustainable railway dynamics in terms of wear on rolling stock and infrastructure?{:en}D\\u00e9couvrez notre mission!{:fr}Descubre nuestra misi\\u00f3n!{:es}Descubre nuestra misi\\u00f3n!{:}\",\"breadcrumb\":{\"@id\":\"https:\/\/ivmtech.it\/pillole-tecniche\/#breadcrumb\"},\"inLanguage\":\"es\",\"potentialAction\":[{\"@type\":\"ReadAction\",\"target\":[\"https:\/\/ivmtech.it\/pillole-tecniche\/\"]}]},{\"@type\":\"BreadcrumbList\",\"@id\":\"https:\/\/ivmtech.it\/pillole-tecniche\/#breadcrumb\",\"itemListElement\":[{\"@type\":\"ListItem\",\"position\":1,\"item\":{\"@type\":\"WebPage\",\"@id\":\"https:\/\/ivmtech.it\/\",\"url\":\"https:\/\/ivmtech.it\/\",\"name\":\"Home\"}},{\"@type\":\"ListItem\",\"position\":2,\"item\":{\"@type\":\"WebPage\",\"@id\":\"https:\/\/ivmtech.it\/pillole-tecniche\/\",\"url\":\"https:\/\/ivmtech.it\/pillole-tecniche\/\",\"name\":\"Pillole tecniche\"}}]}]}<\/script>\n<!-- \/ Yoast SEO plugin. -->","_links":{"self":[{"href":"https:\/\/ivmtech.it\/es\/wp-json\/wp\/v2\/pages\/78476"}],"collection":[{"href":"https:\/\/ivmtech.it\/es\/wp-json\/wp\/v2\/pages"}],"about":[{"href":"https:\/\/ivmtech.it\/es\/wp-json\/wp\/v2\/types\/page"}],"author":[{"embeddable":true,"href":"https:\/\/ivmtech.it\/es\/wp-json\/wp\/v2\/users\/3"}],"replies":[{"embeddable":true,"href":"https:\/\/ivmtech.it\/es\/wp-json\/wp\/v2\/comments?post=78476"}],"version-history":[{"count":72,"href":"https:\/\/ivmtech.it\/es\/wp-json\/wp\/v2\/pages\/78476\/revisions"}],"predecessor-version":[{"id":78994,"href":"https:\/\/ivmtech.it\/es\/wp-json\/wp\/v2\/pages\/78476\/revisions\/78994"}],"wp:featuredmedia":[{"embeddable":true,"href":"https:\/\/ivmtech.it\/es\/wp-json\/wp\/v2\/media\/79031"}],"wp:attachment":[{"href":"https:\/\/ivmtech.it\/es\/wp-json\/wp\/v2\/media?parent=78476"}],"curies":[{"name":"wp","href":"https:\/\/api.w.org\/{rel}","templated":true}]}}