{"id":78527,"date":"2022-07-21T12:22:00","date_gmt":"2022-07-21T10:22:00","guid":{"rendered":"https:\/\/ivmtech.it\/?page_id=78527"},"modified":"2022-10-26T14:58:48","modified_gmt":"2022-10-26T12:58:48","slug":"manutenzione-materiale-rotabile","status":"publish","type":"page","link":"https:\/\/ivmtech.it\/es\/pillole-tecniche\/manutenzione-materiale-rotabile\/","title":{"rendered":"El mantenimiento del material rodante"},"content":{"rendered":"<p>[vc_row][vc_column][vc_text_separator title=&#8221;La importancia de la medici\u00f3n est\u00e1tica de la distribuci\u00f3n de la fuerza vertical en rueda para fines de mantenimiento&#8221; color=&#8221;custom&#8221; border_width=&#8221;2&#8243; accent_color=&#8221;#ffd200&#8243; el_class=&#8221;sticky&#8221;][vc_empty_space height=&#8221;20px&#8221;][vc_column_text css_animation=&#8221;left-to-right&#8221;]El mantenimiento generalmente se define como: <strong>\u00abCualquier actividad, como pruebas, mediciones, reemplazos, ajustes y reparaciones, destinada a retener o restaurar una unidad funcional en o a un estado espec\u00edfico en el que la unidad puede realizar sus funciones requeridas\u00bb<\/strong>.<\/p>\n<p>Sin perjuicio del sentido general expresado por la definici\u00f3n anterior, es bastante claro que la evoluci\u00f3n de la t\u00e9cnica y el desarrollo tecnol\u00f3gico, junto con la b\u00fasqueda cada vez mayor de una mayor eficiencia t\u00e9cnico-econ\u00f3mica, han hecho que las pr\u00e1cticas operativas relacionadas con el mantenimiento de un veh\u00edculo ferroviario han cambiado radicalmente.<\/p>\n<p>En el pasado, el mantenimiento era esencialmente <strong>\u00abstatique\u00bb<\/strong>, es decir, se reparaba directamente la falla o repet\u00eda c\u00edclicamente las actividades programadas (generalmente basadas en kil\u00f3metros o intervalos de tiempo) indicadas en los planes de mantenimiento del fabricante. Es bastante evidente que este tipo de mantenimiento, realizado durante a\u00f1os, no estaba orientado a la conciencia de costes ni a la disponibilidad de material rodante.<\/p>\n<p>Hoy las condiciones del mercado han cambiado radicalmente, tales como: costo, tiempo, disponibilidad del bien para un servicio. Todo ello y la enorme evoluci\u00f3n tecnol\u00f3gica de los sistemas de gesti\u00f3n y monitorizaci\u00f3n hacen que el mantenimiento se convierta en un complejo sistema de actividades conectadas que deben gestionarse a intervalos debido a su complejidad.<\/p>\n<p>Incluso la estructura organizativa de los sectores de mantenimiento ha cambiado radicalmente. Se han introducido funciones como ingenier\u00eda de mantenimiento, ingenier\u00eda de producci\u00f3n y sistemas de gesti\u00f3n cada vez m\u00e1s sofisticados para gestionar el enorme volumen de datos que los sistemas de monitoreo ponen a disposici\u00f3n.<\/p>\n<p>Hoy en d\u00eda, el mantenimiento se define realmente en la fase de dise\u00f1o y construcci\u00f3n. Posteriormente, durante la fase de utilizaci\u00f3n, se gestiona y modifica a trav\u00e9s de un complejo sistema de an\u00e1lisis y retroalimentaci\u00f3n de datos, con el fin de implementar la mejor estrategia para garantizar siempre los par\u00e1metros de fiabilidad, mantenibilidad, disponibilidad y seguridad (los llamados par\u00e1metros RAMS). El mantenimiento se convierte as\u00ed en un verdadero servicio que una empresa presta a sus actividades, un <strong>\u00abproveedor de disponibilidad\u00bb<\/strong>\u00a0donde el t\u00e9rmino disponibilidad adquiere m\u00faltiples significados: <em>disponibilidad para la operaci\u00f3n, disponibilidad de recursos econ\u00f3micos, disponibilidad de recursos humanos<\/em>.<\/p>\n<p>El material rodante, como todas las &#8220;m\u00e1quinas&#8221; utilizadas para producir un bien o prestar un servicio, necesita mantenimiento para evitar o solucionar aver\u00edas; garantizar el funcionamiento, la seguridad y el adecuado confort de marcha; salvaguardar la integridad del veh\u00edculo y de la infraestructura para preservar la vida \u00fatil de ambos. Adem\u00e1s, a la luz del &#8220;espacio ferroviario europeo \u00fanico&#8221; que la UE quer\u00eda crear con la implementaci\u00f3n de las nuevas Directivas del &#8220;Cuarto Paquete Ferroviario&#8221;, la tarea del mantenimiento tambi\u00e9n es asegurar el cumplimiento del material rodante que opera en el zona ferroviaria de la UE a los requisitos impuestos por las Especificaciones T\u00e9cnicas de Interoperabilidad vigentes.<\/p>\n<p>Por lo tanto, es fundamental organizar adecuadamente el mantenimiento del material rodante.<\/p>\n<p>Podemos identificar dos macrocategor\u00edas de mantenimiento: Correctivo, realizado luego del reconocimiento de una falla; Preventivo, realizado en intervalos predeterminados o de acuerdo a criterios prescritos y con el fin de reducir la probabilidad de falla o la degradaci\u00f3n de la funcionalidad.<\/p>\n<p>Entre estos, el mantenimiento preventivo es cada vez m\u00e1s imprescindible. Con el tiempo, varias de sus estrategias de implementaci\u00f3n han cambiado y evolucionado, sobre todo gracias a la evoluci\u00f3n tecnol\u00f3gica.<\/p>\n<p>Entre estos, el mantenimiento preventivo es cada vez m\u00e1s imprescindible. Con el tiempo, varias de sus estrategias de implementaci\u00f3n han cambiado y evolucionado, sobre todo gracias a la evoluci\u00f3n tecnol\u00f3gica.<\/p>\n<p>En este contexto, las principales estrategias que se pueden implementar son:<\/p>\n<ul>\n<li>Mantenimiento predeterminado<\/li>\n<li>Mantenimiento basado en condici\u00f3n<\/li>\n<li>Mantenimiento predictivo<\/li>\n<\/ul>\n<p>Las tres estrategias obviamente no son alternativas pero, seg\u00fan los casos y la informaci\u00f3n disponible, se suelen aplicar de forma combinada<\/p>\n<p><strong>MANTENIMIENTO PREDETERMINADO: <\/strong>Le permite monitorear constantemente el estado de todas las partes del tren, para solucionar problemas cr\u00edticos mientras mantiene alta la eficiencia y confiabilidad del material rodante. Se basa sobre todo en los procedimientos dictados por el plan de mantenimiento. Por ejemplo, la verificaci\u00f3n debe llevarse a cabo cuando el tren alcanza un kilometraje dado o un n\u00famero de ciclos, o tiempo de funcionamiento. Al programar el mantenimiento, tambi\u00e9n se puede planificar la adquisici\u00f3n de los materiales necesarios y la inactividad del tren.<\/p>\n<p><strong>MANTENIMIENTO BASADO EN LA CONDICI\u00d3N<\/strong>: solo se lleva a cabo cuando ciertos indicadores, durante las inspecciones, muestran signos de disminuci\u00f3n del rendimiento, falla inminente o fechas de vencimiento pr\u00f3ximas. Por lo tanto, no se garantiza un buen funcionamiento y dicho componente no cumple con las especificaciones t\u00e9cnicas.<\/p>\n<p><strong>MANTENIMIENTO PREDICTIVO<\/strong>: se implementa analizando los datos puestos a disposici\u00f3n por el an\u00e1lisis de funcionamiento de los componentes y\/o sistemas. Estos datos provienen esencialmente de sistemas de diagn\u00f3stico, normalmente instalados tanto a bordo del tren como a lo largo de la l\u00ednea y\/o en \u00e1reas espec\u00edficas de los sitios de mantenimiento.<\/p>\n<p>M\u00e1s adelante daremos m\u00e1s informaci\u00f3n sobre estas tres estrategias de mantenimiento.<\/p>\n<p><img loading=\"lazy\" class=\"aligncenter wp-image-78624 size-full\" src=\"https:\/\/ivmtech.it\/wp-content\/uploads\/2022\/07\/pills-6.png\" alt=\"\" width=\"1261\" height=\"441\" srcset=\"https:\/\/ivmtech.it\/wp-content\/uploads\/2022\/07\/pills-6.png 1261w, https:\/\/ivmtech.it\/wp-content\/uploads\/2022\/07\/pills-6-300x105.png 300w, https:\/\/ivmtech.it\/wp-content\/uploads\/2022\/07\/pills-6-768x269.png 768w, https:\/\/ivmtech.it\/wp-content\/uploads\/2022\/07\/pills-6-500x175.png 500w, https:\/\/ivmtech.it\/wp-content\/uploads\/2022\/07\/pills-6-800x280.png 800w\" sizes=\"(max-width: 1261px) 100vw, 1261px\" \/>[\/vc_column_text][\/vc_column][\/vc_row]<\/p>","protected":false},"excerpt":{"rendered":"<p>[vc_row][vc_column][vc_text_separator title=&#8221;La importancia de la medici\u00f3n est\u00e1tica de la distribuci\u00f3n de la fuerza vertical en rueda para fines de mantenimiento&#8221; [&hellip;]<\/p>\n","protected":false},"author":3,"featured_media":0,"parent":78476,"menu_order":0,"comment_status":"closed","ping_status":"closed","template":"","meta":[],"yoast_head":"<!-- This site is optimized with the Yoast SEO plugin v15.9 - https:\/\/yoast.com\/wordpress\/plugins\/seo\/ -->\n<title>(Italiano) El mantenimiento del material rodante - IVM S.r.l %<\/title>\n<meta name=\"description\" content=\"Descubre nuestra misi\u00f3n!\" \/>\n<meta name=\"robots\" content=\"index, follow, max-snippet:-1, max-image-preview:large, max-video-preview:-1\" \/>\n<link rel=\"canonical\" href=\"https:\/\/ivmtech.it\/pillole-tecniche\/manutenzione-materiale-rotabile\/\" \/>\n<meta property=\"og:locale\" content=\"es_ES\" \/>\n<meta property=\"og:type\" content=\"article\" \/>\n<meta property=\"og:title\" content=\"[:it]El mantenimiento del material rodante - IVM S.r.l %[:]\" \/>\n<meta property=\"og:description\" content=\"{:it}Scopri di pi\u00f9 sulla nostra mission!{:en}Learn more about our mission!{:fr}D\u00e9couvrez notre mission!{:es}Descubre nuestra misi\u00f3n!{:}\" \/>\n<meta property=\"og:url\" content=\"https:\/\/ivmtech.it\/pillole-tecniche\/manutenzione-materiale-rotabile\/\" \/>\n<meta property=\"og:site_name\" content=\"IVM S.r.l\" \/>\n<meta property=\"article:modified_time\" content=\"2022-10-26T12:58:48+00:00\" \/>\n<meta property=\"og:image\" content=\"https:\/\/ivmtech.it\/wp-content\/uploads\/2022\/07\/pill-6-ita.png\" \/>\n<meta name=\"twitter:card\" content=\"summary_large_image\" \/>\n<meta name=\"twitter:label1\" content=\"Tiempo de lectura\">\n\t<meta name=\"twitter:data1\" content=\"4 minutos\">\n<script type=\"application\/ld+json\" class=\"yoast-schema-graph\">{\"@context\":\"https:\/\/schema.org\",\"@graph\":[{\"@type\":\"WebSite\",\"@id\":\"https:\/\/ivmtech.it\/#website\",\"url\":\"https:\/\/ivmtech.it\/\",\"name\":\"IVM S.r.l\",\"description\":\"Innovative Vibration Monitoring\",\"potentialAction\":[{\"@type\":\"SearchAction\",\"target\":\"https:\/\/ivmtech.it\/?s={search_term_string}\",\"query-input\":\"required name=search_term_string\"}],\"inLanguage\":\"es\"},{\"@type\":\"ImageObject\",\"@id\":\"https:\/\/ivmtech.it\/pillole-tecniche\/manutenzione-materiale-rotabile\/#primaryimage\",\"inLanguage\":\"es\",\"url\":\"https:\/\/ivmtech.it\/wp-content\/uploads\/2022\/07\/pill-6-ita.png\",\"width\":1132,\"height\":468},{\"@type\":\"WebPage\",\"@id\":\"https:\/\/ivmtech.it\/pillole-tecniche\/manutenzione-materiale-rotabile\/#webpage\",\"url\":\"https:\/\/ivmtech.it\/pillole-tecniche\/manutenzione-materiale-rotabile\/\",\"name\":\"[:it]El mantenimiento del material rodante - IVM S.r.l %[:]\",\"isPartOf\":{\"@id\":\"https:\/\/ivmtech.it\/#website\"},\"primaryImageOfPage\":{\"@id\":\"https:\/\/ivmtech.it\/pillole-tecniche\/manutenzione-materiale-rotabile\/#primaryimage\"},\"datePublished\":\"2022-07-21T10:22:00+00:00\",\"dateModified\":\"2022-10-26T12:58:48+00:00\",\"description\":\"{:it}Scopri di pi\\u00f9 sulla nostra mission!{:en}Learn more about our mission!{:fr}D\\u00e9couvrez notre mission!{:es}Descubre nuestra misi\\u00f3n!{:}\",\"breadcrumb\":{\"@id\":\"https:\/\/ivmtech.it\/pillole-tecniche\/manutenzione-materiale-rotabile\/#breadcrumb\"},\"inLanguage\":\"es\",\"potentialAction\":[{\"@type\":\"ReadAction\",\"target\":[\"https:\/\/ivmtech.it\/pillole-tecniche\/manutenzione-materiale-rotabile\/\"]}]},{\"@type\":\"BreadcrumbList\",\"@id\":\"https:\/\/ivmtech.it\/pillole-tecniche\/manutenzione-materiale-rotabile\/#breadcrumb\",\"itemListElement\":[{\"@type\":\"ListItem\",\"position\":1,\"item\":{\"@type\":\"WebPage\",\"@id\":\"https:\/\/ivmtech.it\/\",\"url\":\"https:\/\/ivmtech.it\/\",\"name\":\"Home\"}},{\"@type\":\"ListItem\",\"position\":2,\"item\":{\"@type\":\"WebPage\",\"@id\":\"https:\/\/ivmtech.it\/pillole-tecniche\/\",\"url\":\"https:\/\/ivmtech.it\/pillole-tecniche\/\",\"name\":\"Pillole tecniche\"}},{\"@type\":\"ListItem\",\"position\":3,\"item\":{\"@type\":\"WebPage\",\"@id\":\"https:\/\/ivmtech.it\/pillole-tecniche\/manutenzione-materiale-rotabile\/\",\"url\":\"https:\/\/ivmtech.it\/pillole-tecniche\/manutenzione-materiale-rotabile\/\",\"name\":\"La manutenzione del materiale rotabile\"}}]}]}<\/script>\n<!-- \/ Yoast SEO plugin. -->","_links":{"self":[{"href":"https:\/\/ivmtech.it\/es\/wp-json\/wp\/v2\/pages\/78527"}],"collection":[{"href":"https:\/\/ivmtech.it\/es\/wp-json\/wp\/v2\/pages"}],"about":[{"href":"https:\/\/ivmtech.it\/es\/wp-json\/wp\/v2\/types\/page"}],"author":[{"embeddable":true,"href":"https:\/\/ivmtech.it\/es\/wp-json\/wp\/v2\/users\/3"}],"replies":[{"embeddable":true,"href":"https:\/\/ivmtech.it\/es\/wp-json\/wp\/v2\/comments?post=78527"}],"version-history":[{"count":12,"href":"https:\/\/ivmtech.it\/es\/wp-json\/wp\/v2\/pages\/78527\/revisions"}],"predecessor-version":[{"id":78863,"href":"https:\/\/ivmtech.it\/es\/wp-json\/wp\/v2\/pages\/78527\/revisions\/78863"}],"up":[{"embeddable":true,"href":"https:\/\/ivmtech.it\/es\/wp-json\/wp\/v2\/pages\/78476"}],"wp:attachment":[{"href":"https:\/\/ivmtech.it\/es\/wp-json\/wp\/v2\/media?parent=78527"}],"curies":[{"name":"wp","href":"https:\/\/api.w.org\/{rel}","templated":true}]}}