{"id":78532,"date":"2022-07-21T12:44:31","date_gmt":"2022-07-21T10:44:31","guid":{"rendered":"https:\/\/ivmtech.it\/?page_id=78532"},"modified":"2022-10-21T16:14:29","modified_gmt":"2022-10-21T14:14:29","slug":"manutenzione-oncondition-predittiva-materiale-rotabile","status":"publish","type":"page","link":"https:\/\/ivmtech.it\/es\/pillole-tecniche\/manutenzione-oncondition-predittiva-materiale-rotabile\/","title":{"rendered":"Distribuzione della forza peso"},"content":{"rendered":"<p>[vc_row][vc_column][vc_custom_heading text=&#8221;Innovative Vibration Monitoring&#8221; font_container=&#8221;tag:h2|font_size:24|text_align:left|color:%23111111&#8243; use_theme_fonts=&#8221;yes&#8221; el_class=&#8221;style3&#8243; css=&#8221;.vc_custom_1524164928984{margin-bottom: 10px !important;}&#8221;][vc_column_text][\/vc_column_text][\/vc_column][\/vc_row]<\/p>","protected":false},"excerpt":{"rendered":"<p>[vc_row][vc_column][vc_custom_heading text=&#8221;Innovative Vibration Monitoring&#8221; font_container=&#8221;tag:h2|font_size:24|text_align:left|color:%23111111&#8243; use_theme_fonts=&#8221;yes&#8221; el_class=&#8221;style3&#8243; css=&#8221;.vc_custom_1524164928984{margin-bottom: 10px !important;}&#8221;][vc_column_text][\/vc_column_text][\/vc_column][\/vc_row]<\/p>\n","protected":false},"author":3,"featured_media":0,"parent":78476,"menu_order":0,"comment_status":"closed","ping_status":"closed","template":"","meta":[],"yoast_head":"<!-- This site is optimized with the Yoast SEO plugin v15.9 - https:\/\/yoast.com\/wordpress\/plugins\/seo\/ -->\n<title>(Italiano) Distribuzione della forza peso - IVM S.r.l %<\/title>\n<meta name=\"description\" content=\"Descubre nuestra misi\u00f3n!\" \/>\n<meta name=\"robots\" content=\"index, follow, max-snippet:-1, max-image-preview:large, max-video-preview:-1\" \/>\n<link rel=\"canonical\" href=\"https:\/\/ivmtech.it\/pillole-tecniche\/manutenzione-oncondition-predittiva-materiale-rotabile\/\" \/>\n<meta property=\"og:locale\" content=\"es_ES\" \/>\n<meta property=\"og:type\" content=\"article\" \/>\n<meta property=\"og:title\" content=\"[:it]Distribuzione della forza peso - IVM S.r.l %[:]\" \/>\n<meta property=\"og:description\" content=\"{:it}Scopri di pi\u00f9 sulla nostra mission!{:en}Learn more about our mission!{:fr}D\u00e9couvrez notre mission!{:es}Descubre nuestra misi\u00f3n!{:}\" \/>\n<meta property=\"og:url\" content=\"https:\/\/ivmtech.it\/pillole-tecniche\/manutenzione-oncondition-predittiva-materiale-rotabile\/\" \/>\n<meta property=\"og:site_name\" content=\"IVM S.r.l\" \/>\n<meta property=\"article:modified_time\" content=\"2022-10-21T14:14:29+00:00\" \/>\n<meta property=\"og:image\" content=\"https:\/\/ivmtech.it\/wp-content\/uploads\/2022\/07\/Pill-8-img-1-ita-e1658483803289.jpg\" \/>\n<meta name=\"twitter:card\" content=\"summary_large_image\" \/>\n<meta name=\"twitter:label1\" content=\"Tiempo de lectura\">\n\t<meta name=\"twitter:data1\" content=\"4 minutos\">\n<script type=\"application\/ld+json\" class=\"yoast-schema-graph\">{\"@context\":\"https:\/\/schema.org\",\"@graph\":[{\"@type\":\"WebSite\",\"@id\":\"https:\/\/ivmtech.it\/#website\",\"url\":\"https:\/\/ivmtech.it\/\",\"name\":\"IVM S.r.l\",\"description\":\"Innovative Vibration Monitoring\",\"potentialAction\":[{\"@type\":\"SearchAction\",\"target\":\"https:\/\/ivmtech.it\/?s={search_term_string}\",\"query-input\":\"required name=search_term_string\"}],\"inLanguage\":\"es\"},{\"@type\":\"ImageObject\",\"@id\":\"https:\/\/ivmtech.it\/pillole-tecniche\/manutenzione-oncondition-predittiva-materiale-rotabile\/#primaryimage\",\"inLanguage\":\"es\",\"url\":\"https:\/\/ivmtech.it\/wp-content\/uploads\/2022\/07\/Pill-8-img-1-ita-e1658483803289.jpg\",\"width\":717,\"height\":499},{\"@type\":\"WebPage\",\"@id\":\"https:\/\/ivmtech.it\/pillole-tecniche\/manutenzione-oncondition-predittiva-materiale-rotabile\/#webpage\",\"url\":\"https:\/\/ivmtech.it\/pillole-tecniche\/manutenzione-oncondition-predittiva-materiale-rotabile\/\",\"name\":\"[:it]Distribuzione della forza peso - IVM S.r.l %[:]\",\"isPartOf\":{\"@id\":\"https:\/\/ivmtech.it\/#website\"},\"primaryImageOfPage\":{\"@id\":\"https:\/\/ivmtech.it\/pillole-tecniche\/manutenzione-oncondition-predittiva-materiale-rotabile\/#primaryimage\"},\"datePublished\":\"2022-07-21T10:44:31+00:00\",\"dateModified\":\"2022-10-21T14:14:29+00:00\",\"description\":\"{:it}Scopri di pi\\u00f9 sulla nostra mission!{:en}Learn more about our mission!{:fr}D\\u00e9couvrez notre mission!{:es}Descubre nuestra misi\\u00f3n!{:}\",\"breadcrumb\":{\"@id\":\"https:\/\/ivmtech.it\/pillole-tecniche\/manutenzione-oncondition-predittiva-materiale-rotabile\/#breadcrumb\"},\"inLanguage\":\"es\",\"potentialAction\":[{\"@type\":\"ReadAction\",\"target\":[\"https:\/\/ivmtech.it\/pillole-tecniche\/manutenzione-oncondition-predittiva-materiale-rotabile\/\"]}]},{\"@type\":\"BreadcrumbList\",\"@id\":\"https:\/\/ivmtech.it\/pillole-tecniche\/manutenzione-oncondition-predittiva-materiale-rotabile\/#breadcrumb\",\"itemListElement\":[{\"@type\":\"ListItem\",\"position\":1,\"item\":{\"@type\":\"WebPage\",\"@id\":\"https:\/\/ivmtech.it\/\",\"url\":\"https:\/\/ivmtech.it\/\",\"name\":\"Home\"}},{\"@type\":\"ListItem\",\"position\":2,\"item\":{\"@type\":\"WebPage\",\"@id\":\"https:\/\/ivmtech.it\/pillole-tecniche\/\",\"url\":\"https:\/\/ivmtech.it\/pillole-tecniche\/\",\"name\":\"Pillole tecniche\"}},{\"@type\":\"ListItem\",\"position\":3,\"item\":{\"@type\":\"WebPage\",\"@id\":\"https:\/\/ivmtech.it\/pillole-tecniche\/manutenzione-oncondition-predittiva-materiale-rotabile\/\",\"url\":\"https:\/\/ivmtech.it\/pillole-tecniche\/manutenzione-oncondition-predittiva-materiale-rotabile\/\",\"name\":\"La manutenzione on-condition e predittiva del materiale rotabile\"}}]}]}<\/script>\n<!-- \/ Yoast SEO plugin. -->","_links":{"self":[{"href":"https:\/\/ivmtech.it\/es\/wp-json\/wp\/v2\/pages\/78532"}],"collection":[{"href":"https:\/\/ivmtech.it\/es\/wp-json\/wp\/v2\/pages"}],"about":[{"href":"https:\/\/ivmtech.it\/es\/wp-json\/wp\/v2\/types\/page"}],"author":[{"embeddable":true,"href":"https:\/\/ivmtech.it\/es\/wp-json\/wp\/v2\/users\/3"}],"replies":[{"embeddable":true,"href":"https:\/\/ivmtech.it\/es\/wp-json\/wp\/v2\/comments?post=78532"}],"version-history":[{"count":12,"href":"https:\/\/ivmtech.it\/es\/wp-json\/wp\/v2\/pages\/78532\/revisions"}],"predecessor-version":[{"id":78832,"href":"https:\/\/ivmtech.it\/es\/wp-json\/wp\/v2\/pages\/78532\/revisions\/78832"}],"up":[{"embeddable":true,"href":"https:\/\/ivmtech.it\/es\/wp-json\/wp\/v2\/pages\/78476"}],"wp:attachment":[{"href":"https:\/\/ivmtech.it\/es\/wp-json\/wp\/v2\/media?parent=78532"}],"curies":[{"name":"wp","href":"https:\/\/api.w.org\/{rel}","templated":true}]}}