{"id":19,"date":"2015-06-24T07:48:05","date_gmt":"2015-06-24T07:48:05","guid":{"rendered":"http:\/\/transport.thememove.com\/demo\/?page_id=19"},"modified":"2023-07-17T11:45:59","modified_gmt":"2023-07-17T09:45:59","slug":"about-us","status":"publish","type":"page","link":"https:\/\/ivmtech.it\/fr\/about-us\/","title":{"rendered":"Mission"},"content":{"rendered":"<p>[vc_row][vc_column][vc_custom_heading text=&#8221;Innovative Vibration Monitoring&#8221; font_container=&#8221;tag:h2|font_size:24|text_align:left|color:%23111111&#8243; use_theme_fonts=&#8221;yes&#8221; el_class=&#8221;style3&#8243; css=&#8221;.vc_custom_1524164928984{margin-bottom: 10px !important;}&#8221;][vc_column_text]IVM d\u00e9veloppe des syst\u00e8mes de surveillance et de diagnostic pour l\u2019industrie ferroviaire.<br \/>\nLe principal objectif de ses produits est le <strong>mesurage de ce qu\u2019il arrive \u00e0 l\u2019interface roue-rail<\/strong>.<br \/>\nIVM \u00e9labore et am\u00e9liore constamment des solutions pour analyser cette interaction soit dans les conditions statiques soit dynamiques, en exploitant des technologies de pointe.<\/p>\n<p>IVM estime que l\u2019am\u00e9lioration et l\u2019\u00e9volution continue repr\u00e9sentent la cl\u00e9 pour le succ\u00e8s sur le march\u00e9 ferroviaire, fortement concurrentiel. \u00c0 cet effet, IVM embrasse l\u2019innovation et est en mesure de d\u00e9velopper toutes les phases de la cr\u00e9ation d\u2019un nouveau produit\u00a0: conception, production, distribution et analyse des donn\u00e9es. Le produit est r\u00e9alis\u00e9 \u00e0 l\u2019aide de ressources humaines hautement qualifi\u00e9es qui travaillent avec nous et par un investissement de 30% dans les activit\u00e9s de Recherche et D\u00e9veloppement.<\/p>\n<p>Les produits de IVM demandent des comp\u00e9tences pluridisciplinaires et en mati\u00e8re d\u2019ing\u00e9nierie de point.\u00a0 Cela vaut particuli\u00e8rement pour l\u2019interaction roue-rail\u00a0qui provoque des contraintes m\u00e9caniques aux rails et au mat\u00e9riel roulant. Ceux-ci sont r\u00e9gl\u00e9es par des lois physiques qui ne peuvent pas \u00eatre divis\u00e9s en cons\u00e9quences individuelles et distinctes. Gr\u00e2ce \u00e0 leur exp\u00e9rience sur le terrain, IVM est persuad\u00e9e que pour ce qui concerne la surveillance, il faut mesurer \u00e0 plusieurs points, que chaque point doit acqu\u00e9rir des donn\u00e9es \u00e0 haute fr\u00e9quence\u00a0et que cependant, pour extraire la teneur informative \u00e0 des fins diagnostiques, il faut adopter une approche analytique int\u00e9gr\u00e9.<\/p>\n<p>Les technologies modernes permettent l\u2019adoption de capteurs augmentant les donn\u00e9es disponibles, mais seulement la vision holistique et int\u00e9gr\u00e9e de IVM accro\u00eet la teneur informative extractible du ph\u00e9nom\u00e8ne \u00e9tudi\u00e9 et montrent les pratiques compliqu\u00e9es de l\u2019interaction roue-rail.<\/p>\n<p>A cette fin, IVM a d\u00e9velopp\u00e9 des algorithmes et des infrastructures Cloud pour g\u00e9rer la complexit\u00e9 \u00e0 l\u2019aide des technologies modernes de Big Data et des techniques de Machine Learning.[\/vc_column_text][\/vc_column][\/vc_row]<\/p>","protected":false},"excerpt":{"rendered":"<p>[vc_row][vc_column][vc_custom_heading text=&#8221;Innovative Vibration Monitoring&#8221; font_container=&#8221;tag:h2|font_size:24|text_align:left|color:%23111111&#8243; use_theme_fonts=&#8221;yes&#8221; el_class=&#8221;style3&#8243; css=&#8221;.vc_custom_1524164928984{margin-bottom: 10px !important;}&#8221;][vc_column_text]IVM d\u00e9veloppe des syst\u00e8mes de surveillance et de diagnostic pour l\u2019industrie [&hellip;]<\/p>\n","protected":false},"author":1,"featured_media":79037,"parent":0,"menu_order":0,"comment_status":"closed","ping_status":"closed","template":"","meta":[],"yoast_head":"<!-- This site is optimized with the Yoast SEO plugin v15.9 - https:\/\/yoast.com\/wordpress\/plugins\/seo\/ -->\n<title>(Italiano) Mission - IVM S.r.l %<\/title>\n<meta name=\"description\" content=\"D\u00e9couvrez notre mission!\" \/>\n<meta name=\"robots\" content=\"index, follow, max-snippet:-1, max-image-preview:large, max-video-preview:-1\" \/>\n<link rel=\"canonical\" href=\"https:\/\/ivmtech.it\/about-us\/\" \/>\n<meta property=\"og:locale\" content=\"fr_FR\" \/>\n<meta property=\"og:type\" content=\"article\" \/>\n<meta property=\"og:title\" content=\"[:it]Mission - IVM S.r.l %[:]\" \/>\n<meta property=\"og:description\" content=\"{:it}Scopri di pi\u00f9 sulla nostra mission!{:en}Learn more about our mission!{:fr}D\u00e9couvrez notre mission!{:es}Descubre nuestra misi\u00f3n!{:}\" \/>\n<meta property=\"og:url\" content=\"https:\/\/ivmtech.it\/about-us\/\" \/>\n<meta property=\"og:site_name\" content=\"IVM S.r.l\" \/>\n<meta property=\"article:modified_time\" content=\"2023-07-17T09:45:59+00:00\" \/>\n<meta property=\"og:image\" content=\"https:\/\/ivmtech.it\/wp-content\/uploads\/2023\/07\/Mission-IVM-srl.png\" \/>\n\t<meta property=\"og:image:width\" content=\"500\" \/>\n\t<meta property=\"og:image:height\" content=\"500\" \/>\n<meta name=\"twitter:card\" content=\"summary_large_image\" \/>\n<meta name=\"twitter:label1\" content=\"Dur\u00e9e de lecture est.\">\n\t<meta name=\"twitter:data1\" content=\"7 minutes\">\n<script type=\"application\/ld+json\" class=\"yoast-schema-graph\">{\"@context\":\"https:\/\/schema.org\",\"@graph\":[{\"@type\":\"WebSite\",\"@id\":\"https:\/\/ivmtech.it\/#website\",\"url\":\"https:\/\/ivmtech.it\/\",\"name\":\"IVM S.r.l\",\"description\":\"Innovative Vibration Monitoring\",\"potentialAction\":[{\"@type\":\"SearchAction\",\"target\":\"https:\/\/ivmtech.it\/?s={search_term_string}\",\"query-input\":\"required name=search_term_string\"}],\"inLanguage\":\"fr-FR\"},{\"@type\":\"ImageObject\",\"@id\":\"https:\/\/ivmtech.it\/about-us\/#primaryimage\",\"inLanguage\":\"fr-FR\",\"url\":\"https:\/\/ivmtech.it\/wp-content\/uploads\/2023\/07\/Mission-IVM-srl.png\",\"width\":500,\"height\":500},{\"@type\":\"WebPage\",\"@id\":\"https:\/\/ivmtech.it\/about-us\/#webpage\",\"url\":\"https:\/\/ivmtech.it\/about-us\/\",\"name\":\"[:it]Mission - IVM S.r.l %[:]\",\"isPartOf\":{\"@id\":\"https:\/\/ivmtech.it\/#website\"},\"primaryImageOfPage\":{\"@id\":\"https:\/\/ivmtech.it\/about-us\/#primaryimage\"},\"datePublished\":\"2015-06-24T07:48:05+00:00\",\"dateModified\":\"2023-07-17T09:45:59+00:00\",\"description\":\"{:it}Scopri di pi\\u00f9 sulla nostra mission!{:en}Learn more about our mission!{:fr}D\\u00e9couvrez notre mission!{:es}Descubre nuestra misi\\u00f3n!{:}\",\"breadcrumb\":{\"@id\":\"https:\/\/ivmtech.it\/about-us\/#breadcrumb\"},\"inLanguage\":\"fr-FR\",\"potentialAction\":[{\"@type\":\"ReadAction\",\"target\":[\"https:\/\/ivmtech.it\/about-us\/\"]}]},{\"@type\":\"BreadcrumbList\",\"@id\":\"https:\/\/ivmtech.it\/about-us\/#breadcrumb\",\"itemListElement\":[{\"@type\":\"ListItem\",\"position\":1,\"item\":{\"@type\":\"WebPage\",\"@id\":\"https:\/\/ivmtech.it\/\",\"url\":\"https:\/\/ivmtech.it\/\",\"name\":\"Home\"}},{\"@type\":\"ListItem\",\"position\":2,\"item\":{\"@type\":\"WebPage\",\"@id\":\"https:\/\/ivmtech.it\/about-us\/\",\"url\":\"https:\/\/ivmtech.it\/about-us\/\",\"name\":\"Missione\"}}]}]}<\/script>\n<!-- \/ Yoast SEO plugin. -->","_links":{"self":[{"href":"https:\/\/ivmtech.it\/fr\/wp-json\/wp\/v2\/pages\/19"}],"collection":[{"href":"https:\/\/ivmtech.it\/fr\/wp-json\/wp\/v2\/pages"}],"about":[{"href":"https:\/\/ivmtech.it\/fr\/wp-json\/wp\/v2\/types\/page"}],"author":[{"embeddable":true,"href":"https:\/\/ivmtech.it\/fr\/wp-json\/wp\/v2\/users\/1"}],"replies":[{"embeddable":true,"href":"https:\/\/ivmtech.it\/fr\/wp-json\/wp\/v2\/comments?post=19"}],"version-history":[{"count":40,"href":"https:\/\/ivmtech.it\/fr\/wp-json\/wp\/v2\/pages\/19\/revisions"}],"predecessor-version":[{"id":77355,"href":"https:\/\/ivmtech.it\/fr\/wp-json\/wp\/v2\/pages\/19\/revisions\/77355"}],"wp:featuredmedia":[{"embeddable":true,"href":"https:\/\/ivmtech.it\/fr\/wp-json\/wp\/v2\/media\/79037"}],"wp:attachment":[{"href":"https:\/\/ivmtech.it\/fr\/wp-json\/wp\/v2\/media?parent=19"}],"curies":[{"name":"wp","href":"https:\/\/api.w.org\/{rel}","templated":true}]}}