{"id":75044,"date":"2015-11-25T12:38:18","date_gmt":"2015-11-25T11:38:18","guid":{"rendered":"http:\/\/ivmtech.it\/?page_id=75044"},"modified":"2023-07-17T13:24:41","modified_gmt":"2023-07-17T11:24:41","slug":"swan","status":"publish","type":"page","link":"https:\/\/ivmtech.it\/fr\/prodotti\/swan\/","title":{"rendered":"SWAN"},"content":{"rendered":"<p>[vc_row][vc_column][vc_custom_heading text=&#8221;SWAN &#8211; Smart Wayside Accelerometric Network&#8221; font_container=&#8221;tag:h2|text_align:left|color:%23111111&#8243; use_theme_fonts=&#8221;yes&#8221; el_class=&#8221;style3&#8243; css=&#8221;.vc_custom_1596463781148{margin-bottom: 10px !important;}&#8221;][vc_row_inner css=&#8221;.vc_custom_1448360454152{margin-bottom: 0px !important;}&#8221;][vc_column_inner width=&#8221;1\/2&#8243;][vc_column_text]<\/p>\n<p style=\"text-align: justify;\"><strong>SWAN<\/strong> est un syst\u00e8me WCM (Wheel Condition Monitoring). Il pr\u00e9sente une forme particuli\u00e8re et une \u00e9laboration des donn\u00e9es innovantes gr\u00e2ce auxquelles il peut extraire des contenus d\u2019information \u00e0 partir de la mesure des acc\u00e9l\u00e9rations exerc\u00e9es sur la voie et en fournissant en automatique soit une \u00e9valuation quantitative de l\u2019effort exerc\u00e9 sur le rail, soit un index de la qualit\u00e9 de la roue (QWI \u2013 Quality Wheel Index).<\/p>\n<p>[\/vc_column_text][\/vc_column_inner][vc_column_inner width=&#8221;1\/2&#8243;][vc_gallery type=&#8221;nivo&#8221; interval=&#8221;5&#8243; images=&#8221;75284,75047&#8243; img_size=&#8221;full&#8221; onclick=&#8221;link_no&#8221;][\/vc_column_inner][\/vc_row_inner][vc_single_image image=&#8221;75252&#8243; img_size=&#8221;full&#8221; alignment=&#8221;center&#8221; css=&#8221;.vc_custom_1452612235823{margin-top: 20px !important;margin-bottom: 20px !important;}&#8221;][vc_row_inner css=&#8221;.vc_custom_1448443348973{margin-top: 15px !important;}&#8221;][vc_column_inner]<br \/>\n[\/vc_column_inner][\/vc_row_inner][vc_single_image image=&#8221;75058&#8243; img_size=&#8221;full&#8221; alignment=&#8221;center&#8221;][vc_row_inner css=&#8221;.vc_custom_1448443348973{margin-top: 15px !important;}&#8221;][vc_column_inner][vc_custom_heading text=&#8221;PRINCIPALES CARACT\u00c9RISTIQUES&#8221; font_container=&#8221;tag:h2|text_align:left|color:%23111111&#8243; use_theme_fonts=&#8221;yes&#8221; el_class=&#8221;style3&#8243; css=&#8221;.vc_custom_1456218259880{margin-bottom: 10px !important;}&#8221;][vc_column_text]<\/p>\n<div style=\"float: right; margin-left: 15px; width: 100%; max-width: 555px;\"><img style=\"width: 100%;\" src=\"http:\/\/ivmtech.it\/wp-content\/uploads\/2015\/12\/wheel.png\" alt=\"\" \/><br \/>\n<img style=\"margin-top: 15px; width: 100%;\" src=\"http:\/\/ivmtech.it\/wp-content\/uploads\/2015\/12\/SwantWeb.jpg\" alt=\"\" \/><\/div>\n<p>SWAN fournit un QWI par roue du train passant et il le classe en 3 niveaux synth\u00e9tiques, L0-L1-L2 et de couleur vert-jaune-rouge.<\/p>\n<p>SWAN peut reconna\u00eetre le num\u00e9ro de plaque du train passant et il classe une roue de mani\u00e8re univoque afin de la surveiller avec le temps.<\/p>\n<p style=\"text-align: justify;\">SWAN donne des informations importantes sur la qualit\u00e9 de la bande de roulement de chaque roue pour r\u00e9aliser la maintenance d\u2019une flotte sous r\u00e9serve, en r\u00e9duisant les co\u00fbts de la maintenance et en augmentant la s\u00e9curit\u00e9 de marche.<\/p>\n<p>Les principales caract\u00e9ristiques du Syst\u00e8me sont :<\/p>\n<ul class=\"lista\">\n<li>Acquisition, validation et \u00e9laboration automatique des donn\u00e9es relatives aux capteurs sur le terrain ;<\/li>\n<li>Calcule automatique de QWI et cr\u00e9ation d\u2019alarmes par roue\u00a0;<\/li>\n<li>Stockage local des donn\u00e9es obtenues et envoi automatique vers un serveur appropri\u00e9\u00a0;<\/li>\n<li>Reconnaissance \u00e0 travers l\u2019empreinte dynamique de chaque roue\u00a0;<\/li>\n<li>Reconnaissance \u00e0 travers une photo prise en automatique au passage du v\u00e9hicule ;<\/li>\n<li>Reconnaissance automatique du type de v\u00e9hicule \u00e0 travers le mesurage des distance d\u2019entraxe ;<\/li>\n<li>Contr\u00f4le du syst\u00e8me \u00e0 distance \u00e0 travers connexion HSDPA ;<\/li>\n<li>Photographies en temps r\u00e9el au passage du train ;<\/li>\n<li>Auto diagnostic et modes d\u2019op\u00e9ration r\u00e9duits\u00a0;<\/li>\n<li>Plateforme web pour afficher les donn\u00e9es obtenues\u00a0;<\/li>\n<li>Interface de gestion des donn\u00e9es facile \u00e0 utiliser\u00a0;<\/li>\n<li>Seuils d\u2019alerte \u00e9tablis par l\u2019utilisateur en fonction de particuli\u00e8res proc\u00e9dures op\u00e9rationnelles\u00a0;<\/li>\n<li>Circulation bidirectionnelle\u00a0;<\/li>\n<li>Facile \u00e0 g\u00e9rer et maintenir\u00a0;<\/li>\n<li>Aucune limite de longueur du train\u00a0;<\/li>\n<li>Alimentation facultatif par installation photovolta\u00efque\u00a0;<\/li>\n<li>Aucune modification demand\u00e9e aux rails pour installer les capteurs\u00a0;<\/li>\n<li>R\u00e9sistance dans les environnements potentiellement hostiles.<\/li>\n<\/ul>\n<p>[\/vc_column_text][\/vc_column_inner][\/vc_row_inner][vc_row_inner css=&#8221;.vc_custom_1688051539704{margin-right: 0px !important;margin-left: 0px !important;border-top-width: 1px !important;padding-top: 15px !important;padding-bottom: 15px !important;background-color: #ffd200 !important;}&#8221;][vc_column_inner width=&#8221;5\/6&#8243;][vc_custom_heading text=&#8221;T\u00e9l\u00e9chargez la documentation du produit SWAN&#8221; font_container=&#8221;tag:h3|font_size:18|text_align:left|color:%23111111|line_height:1&#8243; use_theme_fonts=&#8221;yes&#8221; css=&#8221;.vc_custom_1448356744902{padding-left: 30px !important;}&#8221;][\/vc_column_inner][vc_column_inner width=&#8221;1\/6&#8243; css=&#8221;.vc_custom_1448357100884{margin-top: -15px !important;}&#8221;][vc_btn title=&#8221;Plaquette&#8221; style=&#8221;outline&#8221; shape=&#8221;square&#8221; color=&#8221;black&#8221; align=&#8221;center&#8221; link=&#8221;url:http%3A%2F%2Fivmtech.it%2Fwp-content%2Fuploads%2F2019%2F11%2FBrochure-SWAN_ENG.pdf|||&#8221;][\/vc_column_inner][\/vc_row_inner][vc_empty_space height=&#8221;20px&#8221;][\/vc_column][\/vc_row][vc_row full_width=&#8221;stretch_row&#8221; css=&#8221;.vc_custom_1688051522588{margin-bottom: 0px !important;border-top-width: 1px !important;padding-top: 25px !important;padding-bottom: 25px !important;background-color: #eeeeee !important;background-position: center !important;background-repeat: no-repeat !important;background-size: cover !important;border-top-color: #dddddd !important;border-top-style: solid !important;}&#8221; el_class=&#8221;align-right&#8221;][vc_column width=&#8221;2\/3&#8243;][vc_custom_heading text=&#8221;Vous n\u2019\u00eates pas s\u00fbr de la solution parfaite pour vos besoins ?&#8221; font_container=&#8221;tag:h3|font_size:18|text_align:left|color:%23111111&#8243; use_theme_fonts=&#8221;yes&#8221; css=&#8221;.vc_custom_1448018593183{margin-top: 10px !important;}&#8221;][\/vc_column][vc_column width=&#8221;1\/3&#8243;][thememove_button text=&#8221;CONTACTEZ-NOUS !&#8221; url=&#8221;http:\/\/ivmtech.it\/contatti\/&#8221;][\/vc_column][\/vc_row]<\/p>","protected":false},"excerpt":{"rendered":"<p>[vc_row][vc_column][vc_custom_heading text=&#8221;SWAN &#8211; Smart Wayside Accelerometric Network&#8221; font_container=&#8221;tag:h2|text_align:left|color:%23111111&#8243; use_theme_fonts=&#8221;yes&#8221; el_class=&#8221;style3&#8243; css=&#8221;.vc_custom_1596463781148{margin-bottom: 10px !important;}&#8221;][vc_row_inner css=&#8221;.vc_custom_1448360454152{margin-bottom: 0px !important;}&#8221;][vc_column_inner width=&#8221;1\/2&#8243;][vc_column_text] SWAN est un [&hellip;]<\/p>\n","protected":false},"author":1,"featured_media":79045,"parent":74861,"menu_order":0,"comment_status":"closed","ping_status":"closed","template":"","meta":[],"yoast_head":"<!-- This site is optimized with the Yoast SEO plugin v15.9 - https:\/\/yoast.com\/wordpress\/plugins\/seo\/ -->\n<title>SWAN - IVM S.r.l<\/title>\n<meta name=\"description\" content=\"Wheelset Condition Monitoring System (WCM) - Maintenance Pr\u00e9dictive et Conditionnelle des roues du train et Pr\u00e9vention de l&#039;usure des voies\" \/>\n<meta name=\"robots\" content=\"index, follow, max-snippet:-1, max-image-preview:large, max-video-preview:-1\" \/>\n<link rel=\"canonical\" href=\"https:\/\/ivmtech.it\/prodotti\/swan\/\" \/>\n<meta property=\"og:locale\" content=\"fr_FR\" \/>\n<meta property=\"og:type\" content=\"article\" \/>\n<meta property=\"og:title\" content=\"SWAN - IVM S.r.l\" \/>\n<meta property=\"og:description\" content=\"{:it}Wheel Conditioning Monitoring (WCM) - Manutenzione On-Condition e Predittiva delle Ruote dei Treni e Prevenzione Usura Binario{:en}Wheelset Condition Monitoring System (WCM) - Predictive and Condition-based Maintenance of any Train&#039;s Wheel &amp; Track Wear Prevention{:fr}Wheelset Condition Monitoring System (WCM) - Maintenance Pr\u00e9dictive et Conditionnelle des roues du train et Pr\u00e9vention de l&#039;usure des voies{:es}Wheelset Condition Monitoring System (WCM) - Mantenimiento Predictivo y Basado en Condici\u00f3n de las ruedas del tren y Prevenci\u00f3n de desgaste de la v\u00eda{:}\" \/>\n<meta property=\"og:url\" content=\"https:\/\/ivmtech.it\/prodotti\/swan\/\" \/>\n<meta property=\"og:site_name\" content=\"IVM S.r.l\" \/>\n<meta property=\"article:modified_time\" content=\"2023-07-17T11:24:41+00:00\" \/>\n<meta property=\"og:image\" content=\"https:\/\/ivmtech.it\/wp-content\/uploads\/2023\/07\/SWAN-IVM-srl.png\" \/>\n\t<meta property=\"og:image:width\" content=\"500\" \/>\n\t<meta property=\"og:image:height\" content=\"500\" \/>\n<meta name=\"twitter:card\" content=\"summary_large_image\" \/>\n<meta name=\"twitter:label1\" content=\"Dur\u00e9e de lecture est.\">\n\t<meta name=\"twitter:data1\" content=\"3 minutes\">\n<script type=\"application\/ld+json\" class=\"yoast-schema-graph\">{\"@context\":\"https:\/\/schema.org\",\"@graph\":[{\"@type\":\"WebSite\",\"@id\":\"https:\/\/ivmtech.it\/#website\",\"url\":\"https:\/\/ivmtech.it\/\",\"name\":\"IVM S.r.l\",\"description\":\"Innovative Vibration Monitoring\",\"potentialAction\":[{\"@type\":\"SearchAction\",\"target\":\"https:\/\/ivmtech.it\/?s={search_term_string}\",\"query-input\":\"required name=search_term_string\"}],\"inLanguage\":\"fr-FR\"},{\"@type\":\"ImageObject\",\"@id\":\"https:\/\/ivmtech.it\/prodotti\/swan\/#primaryimage\",\"inLanguage\":\"fr-FR\",\"url\":\"https:\/\/ivmtech.it\/wp-content\/uploads\/2023\/07\/SWAN-IVM-srl.png\",\"width\":500,\"height\":500},{\"@type\":\"WebPage\",\"@id\":\"https:\/\/ivmtech.it\/prodotti\/swan\/#webpage\",\"url\":\"https:\/\/ivmtech.it\/prodotti\/swan\/\",\"name\":\"SWAN - IVM S.r.l\",\"isPartOf\":{\"@id\":\"https:\/\/ivmtech.it\/#website\"},\"primaryImageOfPage\":{\"@id\":\"https:\/\/ivmtech.it\/prodotti\/swan\/#primaryimage\"},\"datePublished\":\"2015-11-25T11:38:18+00:00\",\"dateModified\":\"2023-07-17T11:24:41+00:00\",\"description\":\"{:it}Wheel Conditioning Monitoring (WCM) - Manutenzione On-Condition e Predittiva delle Ruote dei Treni e Prevenzione Usura Binario{:en}Wheelset Condition Monitoring System (WCM) - Predictive and Condition-based Maintenance of any Train's Wheel & Track Wear Prevention{:fr}Wheelset Condition Monitoring System (WCM) - Maintenance Pr\\u00e9dictive et Conditionnelle des roues du train et Pr\\u00e9vention de l'usure des voies{:es}Wheelset Condition Monitoring System (WCM) - Mantenimiento Predictivo y Basado en Condici\\u00f3n de las ruedas del tren y Prevenci\\u00f3n de desgaste de la v\\u00eda{:}\",\"breadcrumb\":{\"@id\":\"https:\/\/ivmtech.it\/prodotti\/swan\/#breadcrumb\"},\"inLanguage\":\"fr-FR\",\"potentialAction\":[{\"@type\":\"ReadAction\",\"target\":[\"https:\/\/ivmtech.it\/prodotti\/swan\/\"]}]},{\"@type\":\"BreadcrumbList\",\"@id\":\"https:\/\/ivmtech.it\/prodotti\/swan\/#breadcrumb\",\"itemListElement\":[{\"@type\":\"ListItem\",\"position\":1,\"item\":{\"@type\":\"WebPage\",\"@id\":\"https:\/\/ivmtech.it\/\",\"url\":\"https:\/\/ivmtech.it\/\",\"name\":\"Home\"}},{\"@type\":\"ListItem\",\"position\":2,\"item\":{\"@type\":\"WebPage\",\"@id\":\"https:\/\/ivmtech.it\/prodotti\/\",\"url\":\"https:\/\/ivmtech.it\/prodotti\/\",\"name\":\"Prodotti\"}},{\"@type\":\"ListItem\",\"position\":3,\"item\":{\"@type\":\"WebPage\",\"@id\":\"https:\/\/ivmtech.it\/prodotti\/swan\/\",\"url\":\"https:\/\/ivmtech.it\/prodotti\/swan\/\",\"name\":\"SWAN\"}}]}]}<\/script>\n<!-- \/ Yoast SEO plugin. -->","_links":{"self":[{"href":"https:\/\/ivmtech.it\/fr\/wp-json\/wp\/v2\/pages\/75044"}],"collection":[{"href":"https:\/\/ivmtech.it\/fr\/wp-json\/wp\/v2\/pages"}],"about":[{"href":"https:\/\/ivmtech.it\/fr\/wp-json\/wp\/v2\/types\/page"}],"author":[{"embeddable":true,"href":"https:\/\/ivmtech.it\/fr\/wp-json\/wp\/v2\/users\/1"}],"replies":[{"embeddable":true,"href":"https:\/\/ivmtech.it\/fr\/wp-json\/wp\/v2\/comments?post=75044"}],"version-history":[{"count":50,"href":"https:\/\/ivmtech.it\/fr\/wp-json\/wp\/v2\/pages\/75044\/revisions"}],"predecessor-version":[{"id":79026,"href":"https:\/\/ivmtech.it\/fr\/wp-json\/wp\/v2\/pages\/75044\/revisions\/79026"}],"up":[{"embeddable":true,"href":"https:\/\/ivmtech.it\/fr\/wp-json\/wp\/v2\/pages\/74861"}],"wp:featuredmedia":[{"embeddable":true,"href":"https:\/\/ivmtech.it\/fr\/wp-json\/wp\/v2\/media\/79045"}],"wp:attachment":[{"href":"https:\/\/ivmtech.it\/fr\/wp-json\/wp\/v2\/media?parent=75044"}],"curies":[{"name":"wp","href":"https:\/\/api.w.org\/{rel}","templated":true}]}}