{"id":76705,"date":"2019-08-27T14:44:49","date_gmt":"2019-08-27T12:44:49","guid":{"rendered":"http:\/\/ivmtech.it\/?page_id=76705"},"modified":"2023-07-17T13:31:46","modified_gmt":"2023-07-17T11:31:46","slug":"weighing-service","status":"publish","type":"page","link":"https:\/\/ivmtech.it\/fr\/weighing-service\/","title":{"rendered":"Service de Pesage"},"content":{"rendered":"<p>[vc_row][vc_column][vc_custom_heading text=&#8221;Service de pesage partout sur place&#8221; use_theme_fonts=&#8221;yes&#8221; el_class=&#8221;style3&#8243;][vc_empty_space height=&#8221;20px&#8221;][vc_column_text]<\/p>\n<p style=\"font-weight: 400;\">La mesure de l\u2019\u00e9quilibrage du mat\u00e9riel roulant sur la voie est l\u2019un des param\u00e8tres les plus importants \u00e0 v\u00e9rifier avant la mise en service de tout mat\u00e9riel roulant, en garantissant une r\u00e9duction du risque de d\u00e9raillement et une am\u00e9lioration de la dynamique de roulement.<\/p>\n<p style=\"font-weight: 400;\">Conform\u00e9ment \u00e0 la norme EN 15654-2: 2019, les activit\u00e9s de test doivent \u00eatre effectu\u00e9es non seulement \u00e0 la fin de la production du mat\u00e9riel roulant, mais \u00e9galement apr\u00e8s une modification (variation de masse) ou des processus de maintenance lourde.<\/p>\n<p style=\"font-weight: 400;\">[\/vc_column_text][vc_text_separator title=&#8221;Avez-vous besoin de mesurer l&#8217;\u00e9quilibrage de votre mat\u00e9riel roulant conform\u00e9ment \u00e0 la norme EN 15654-2: 2019?&#8221; color=&#8221;custom&#8221; border_width=&#8221;2&#8243; accent_color=&#8221;#ffde22&#8243;][vc_column_text]<\/p>\n<p style=\"font-weight: 400;\">\u00a0\u00c0 partir de maintenant, IVM est heureuse de vous soutenir pleinement, en offrant \u00e9galement des services de mesure sur site, avec une couverture mondiale.<\/p>\n<p style=\"font-weight: 400;\">Gr\u00e2ce \u00e0 la portabilit\u00e9 du syst\u00e8me <a href=\"http:\/\/ivmtech.it\/prodotti\/powerve\/\">POWERVE<\/a>, nos techniciens hautement sp\u00e9cialis\u00e9s peuvent voyager partout dans le monde, emportant l&#8217;\u00e9quipement et fournissant le meilleur service de mesure sur site, directement chez vous.<\/p>\n<p>[\/vc_column_text][\/vc_column][\/vc_row][vc_row][vc_column][vc_gallery type=&#8221;nivo&#8221; interval=&#8221;5&#8243; images=&#8221;77114,77115,77116,77117,77118,77119,77120,77121,77123&#8243; img_size=&#8221;full&#8221; onclick=&#8221;&#8221;][\/vc_column][\/vc_row][vc_row][vc_column][vc_btn title=&#8221;Contactez-nous pour plus d&#8217;information &#8221; style=&#8221;custom&#8221; custom_background=&#8221;#ffdd20&#8243; custom_text=&#8221;#000000&#8243; align=&#8221;center&#8221; link=&#8221;url:https%3A%2F%2Fivmtech.it%2Fcontatti%2F|title:%5B%3Ait%5DContatti%5B%3Aen%5DContacts%5B%3Afr%5DContact%5B%3Aes%5DContacto%5B%3Aar%5D%D8%A7%D8%AA%D8%B5%D9%84%D9%88%D8%A7%20%D8%A8%D9%86%D8%A7%5B%3A%5D||&#8221; el_class=&#8221;style3&#8243;][\/vc_column][\/vc_row]<\/p>","protected":false},"excerpt":{"rendered":"<p>[vc_row][vc_column][vc_custom_heading text=&#8221;Service de pesage partout sur place&#8221; use_theme_fonts=&#8221;yes&#8221; el_class=&#8221;style3&#8243;][vc_empty_space height=&#8221;20px&#8221;][vc_column_text] La mesure de l\u2019\u00e9quilibrage du mat\u00e9riel roulant sur la voie [&hellip;]<\/p>\n","protected":false},"author":1,"featured_media":79049,"parent":0,"menu_order":0,"comment_status":"closed","ping_status":"closed","template":"","meta":[],"yoast_head":"<!-- This site is optimized with the Yoast SEO plugin v15.9 - https:\/\/yoast.com\/wordpress\/plugins\/seo\/ -->\n<title>Service de Pesage - IVM S.r.l<\/title>\n<meta name=\"description\" content=\"Service de pesage sur place avec POWERVE, pour tout mat\u00e9riel roulant, dans le monde entier\" \/>\n<meta name=\"robots\" content=\"index, follow, max-snippet:-1, max-image-preview:large, max-video-preview:-1\" \/>\n<link rel=\"canonical\" href=\"https:\/\/ivmtech.it\/weighing-service\/\" \/>\n<meta property=\"og:locale\" content=\"fr_FR\" \/>\n<meta property=\"og:type\" content=\"article\" \/>\n<meta property=\"og:title\" content=\"Service de Pesage - IVM S.r.l\" \/>\n<meta property=\"og:description\" content=\"{:it}Servizio di pesatura POWERVE in loco, in tutto il mondo e per qualsiasi rotabile{:en}POWERVE Weighing Service on-site for any rolling stock all around the world{:fr}Service de pesage sur place avec POWERVE, pour tout mat\u00e9riel roulant, dans le monde entier{:es}Servicio de pesaje in situ con POWERVE para cualquier material rodante, en todo el mundo{:}\" \/>\n<meta property=\"og:url\" content=\"https:\/\/ivmtech.it\/weighing-service\/\" \/>\n<meta property=\"og:site_name\" content=\"IVM S.r.l\" \/>\n<meta property=\"article:modified_time\" content=\"2023-07-17T11:31:46+00:00\" \/>\n<meta property=\"og:image\" content=\"https:\/\/ivmtech.it\/wp-content\/uploads\/2023\/07\/WEIGHING-SERVICE-IVM-srl.png\" \/>\n\t<meta property=\"og:image:width\" content=\"250\" \/>\n\t<meta property=\"og:image:height\" content=\"250\" \/>\n<meta name=\"twitter:card\" content=\"summary_large_image\" \/>\n<meta name=\"twitter:label1\" content=\"Dur\u00e9e de lecture est.\">\n\t<meta name=\"twitter:data1\" content=\"1 minute\">\n<script type=\"application\/ld+json\" class=\"yoast-schema-graph\">{\"@context\":\"https:\/\/schema.org\",\"@graph\":[{\"@type\":\"WebSite\",\"@id\":\"https:\/\/ivmtech.it\/#website\",\"url\":\"https:\/\/ivmtech.it\/\",\"name\":\"IVM S.r.l\",\"description\":\"Innovative Vibration Monitoring\",\"potentialAction\":[{\"@type\":\"SearchAction\",\"target\":\"https:\/\/ivmtech.it\/?s={search_term_string}\",\"query-input\":\"required name=search_term_string\"}],\"inLanguage\":\"fr-FR\"},{\"@type\":\"ImageObject\",\"@id\":\"https:\/\/ivmtech.it\/weighing-service\/#primaryimage\",\"inLanguage\":\"fr-FR\",\"url\":\"https:\/\/ivmtech.it\/wp-content\/uploads\/2023\/07\/WEIGHING-SERVICE-IVM-srl.png\",\"width\":250,\"height\":250},{\"@type\":\"WebPage\",\"@id\":\"https:\/\/ivmtech.it\/weighing-service\/#webpage\",\"url\":\"https:\/\/ivmtech.it\/weighing-service\/\",\"name\":\"Service de Pesage - IVM S.r.l\",\"isPartOf\":{\"@id\":\"https:\/\/ivmtech.it\/#website\"},\"primaryImageOfPage\":{\"@id\":\"https:\/\/ivmtech.it\/weighing-service\/#primaryimage\"},\"datePublished\":\"2019-08-27T12:44:49+00:00\",\"dateModified\":\"2023-07-17T11:31:46+00:00\",\"description\":\"{:it}Servizio di pesatura POWERVE in loco, in tutto il mondo e per qualsiasi rotabile{:en}POWERVE Weighing Service on-site for any rolling stock all around the world{:fr}Service de pesage sur place avec POWERVE, pour tout mat\\u00e9riel roulant, dans le monde entier{:es}Servicio de pesaje in situ con POWERVE para cualquier material rodante, en todo el mundo{:}\",\"breadcrumb\":{\"@id\":\"https:\/\/ivmtech.it\/weighing-service\/#breadcrumb\"},\"inLanguage\":\"fr-FR\",\"potentialAction\":[{\"@type\":\"ReadAction\",\"target\":[\"https:\/\/ivmtech.it\/weighing-service\/\"]}]},{\"@type\":\"BreadcrumbList\",\"@id\":\"https:\/\/ivmtech.it\/weighing-service\/#breadcrumb\",\"itemListElement\":[{\"@type\":\"ListItem\",\"position\":1,\"item\":{\"@type\":\"WebPage\",\"@id\":\"https:\/\/ivmtech.it\/\",\"url\":\"https:\/\/ivmtech.it\/\",\"name\":\"Home\"}},{\"@type\":\"ListItem\",\"position\":2,\"item\":{\"@type\":\"WebPage\",\"@id\":\"https:\/\/ivmtech.it\/weighing-service\/\",\"url\":\"https:\/\/ivmtech.it\/weighing-service\/\",\"name\":\"Servizio di Pesatura\"}}]}]}<\/script>\n<!-- \/ Yoast SEO plugin. -->","_links":{"self":[{"href":"https:\/\/ivmtech.it\/fr\/wp-json\/wp\/v2\/pages\/76705"}],"collection":[{"href":"https:\/\/ivmtech.it\/fr\/wp-json\/wp\/v2\/pages"}],"about":[{"href":"https:\/\/ivmtech.it\/fr\/wp-json\/wp\/v2\/types\/page"}],"author":[{"embeddable":true,"href":"https:\/\/ivmtech.it\/fr\/wp-json\/wp\/v2\/users\/1"}],"replies":[{"embeddable":true,"href":"https:\/\/ivmtech.it\/fr\/wp-json\/wp\/v2\/comments?post=76705"}],"version-history":[{"count":30,"href":"https:\/\/ivmtech.it\/fr\/wp-json\/wp\/v2\/pages\/76705\/revisions"}],"predecessor-version":[{"id":77426,"href":"https:\/\/ivmtech.it\/fr\/wp-json\/wp\/v2\/pages\/76705\/revisions\/77426"}],"wp:featuredmedia":[{"embeddable":true,"href":"https:\/\/ivmtech.it\/fr\/wp-json\/wp\/v2\/media\/79049"}],"wp:attachment":[{"href":"https:\/\/ivmtech.it\/fr\/wp-json\/wp\/v2\/media?parent=76705"}],"curies":[{"name":"wp","href":"https:\/\/api.w.org\/{rel}","templated":true}]}}