{"id":78496,"date":"2022-07-20T17:02:42","date_gmt":"2022-07-20T15:02:42","guid":{"rendered":"https:\/\/ivmtech.it\/?page_id=78496"},"modified":"2022-10-24T12:54:28","modified_gmt":"2022-10-24T10:54:28","slug":"normativa","status":"publish","type":"page","link":"https:\/\/ivmtech.it\/fr\/pillole-tecniche\/normativa\/","title":{"rendered":"R\u00e8glements"},"content":{"rendered":"<p>[vc_row][vc_column][vc_text_separator title=&#8221;L&#8217;importance de la mesure statique de la r\u00e9partition des forces verticales \u00e0 la roue \u00e0 des fins de maintenance&#8221; color=&#8221;custom&#8221; border_width=&#8221;2&#8243; accent_color=&#8221;#ffd200&#8243; el_class=&#8221;sticky&#8221;][vc_empty_space height=&#8221;20px&#8221;][vc_column_text css_animation=&#8221;left-to-right&#8221;]Au cours des 20 derni\u00e8res ann\u00e9es, la Communaut\u00e9 europ\u00e9enne est devenue le protagoniste d&#8217;une succession d&#8217;actions visant \u00e0 cr\u00e9er un espace ferroviaire communautaire unique. Cela a n\u00e9cessit\u00e9 l&#8217;harmonisation des normes techniques, administratives et de s\u00e9curit\u00e9, indispensable pour parvenir \u00e0 l&#8217;interop\u00e9rabilit\u00e9 des diff\u00e9rents syst\u00e8mes ferroviaires nationaux. Le processus r\u00e9glementaire a d\u00e9but\u00e9 en 2001 avec la publication du premier paquet ferroviaire. A ce jour, les Etats membres de la communaut\u00e9 europ\u00e9enne sont aux prises avec la transposition des derni\u00e8res directives publi\u00e9es au Journal Officiel dans le cadre de la mise en \u0153uvre du IVe paquet ferroviaire : la <strong>Directive<\/strong> <strong>UE 2016\/797<\/strong> <strong>relative \u00e0 l&#8217;interop\u00e9rabilit\u00e9 du syst\u00e8me ferroviaire <\/strong>et <strong>la Directive UE 2016\/798 relative \u00e0 la s\u00e9curit\u00e9 ferroviaire<\/strong>.<\/p>\n<p>Dans la foul\u00e9e de l&#8217;affirmation de l&#8217;interop\u00e9rabilit\u00e9, il fallait aussi harmoniser les param\u00e8tres de s\u00e9curit\u00e9 caract\u00e9ristiques des trains circulant au sein de l&#8217;espace ferroviaire europ\u00e9en. C&#8217;est pourquoi, au cours de ces ann\u00e9es de construction d&#8217;un syst\u00e8me ferroviaire unique, se sont succ\u00e9d\u00e9 plusieurs R\u00e8glements europ\u00e9ens qui, en phase avec les innovations continues du domaine ferroviaire, \u00e9num\u00e8rent et r\u00e9glementent les exigences essentielles qu&#8217;un mat\u00e9riel roulant, destin\u00e9 \u00e0 circuler sur r\u00e9seau europ\u00e9en, est tenu de respecter selon la cat\u00e9gorie \u00e0 laquelle il appartient. Ces r\u00e9glementations sont appel\u00e9es Sp\u00e9cifications techniques d&#8217;interop\u00e9rabilit\u00e9 (STI).<\/p>\n<p>Les STI actuellement en vigueur pour les deux principales cat\u00e9gories de mat\u00e9riel roulant sont\u00a0:<\/p>\n<ul>\n<li><strong>R\u00e8glement (UE) no. 321\/2013<\/strong> de la Commission relatif \u00e0 la sp\u00e9cification technique d&#8217;interop\u00e9rabilit\u00e9 concernant le sous-syst\u00e8me &#8220;Mat\u00e9riel roulant &#8211; Wagons pour le fret&#8221; du syst\u00e8me ferroviaire dans l&#8217;Union europ\u00e9enne (<strong>STI WAG<\/strong>)<\/li>\n<li><strong>R\u00e8glement (UE) no. 1302\/2014<\/strong> de la Commission concernant une sp\u00e9cification technique d&#8217;interop\u00e9rabilit\u00e9 relative au sous-syst\u00e8me \u00abMat\u00e9riel roulant &#8211; Locomotives et mat\u00e9riel roulant destin\u00e9 au transport de passagers\u00bb du syst\u00e8me ferroviaire dans l&#8217;Union europ\u00e9enne (<strong>STI LOC &amp; PAS<\/strong>)<\/li>\n<\/ul>\n<p>Pour les deux, la derni\u00e8re version consolid\u00e9e en vigueur est dat\u00e9e du 11\/03\/2020.<\/p>\n<p>La r\u00e9partition correcte du poids exerc\u00e9 sur le rail par chaque roue est l&#8217;une des exigences essentielles qu&#8217;un mat\u00e9riel roulant destin\u00e9 \u00e0 circuler sur le r\u00e9seau europ\u00e9en est tenu de respecter. \u00c9tant un param\u00e8tre crucial, qui entre en jeu lors des moments critiques de la circulation tels que le freinage, la circulation en courbes ou en biais. Pour cette raison, la r\u00e9partition statique des forces verticales \u00e0 la roue d&#8217;un m\u00eame essieu est r\u00e9gie par des limites particuli\u00e8rement strictes.<\/p>\n<p>Le r\u00e8glement 1302\/2014 r\u00e9git et prend en compte le param\u00e8tre de la force verticale statique par roue dans le cadre de deux exigences essentielles :<\/p>\n<ul>\n<li>Charge \u00e0 la roue<\/li>\n<li>S\u00e9curit\u00e9 contre les risques de d\u00e9raillement sur gauche de voie<\/li>\n<\/ul>\n<p>&nbsp;<\/p>\n<p><strong>Charge \u00e0 la roue<\/strong><\/p>\n<p>Pour cette exigence, le paragraphe 4.2.3.2.2 du R\u00e8glement \u00e9tablit :<\/p>\n<p><em>&#8220;Le rapport de la diff\u00e9rence de charge \u00e0 la roue pour chaque essieu \u0394qj= (Ql-Qr)\/(Ql+Qr) doit \u00eatre \u00e9valu\u00e9 \u00e0 l&#8217;aide de la mesure de la charge \u00e0 la roue, en consid\u00e9rant la condition de charge \u00abmasse de conception en ordre de marche\u00bb. Une diff\u00e9rence de charge \u00e0 la roue sup\u00e9rieure \u00e0 5 % de la charge l&#8217;essieu \u00e0 pour cet essieu mont\u00e9 est autoris\u00e9e uniquement s&#8217;il est d\u00e9montr\u00e9 que cette diff\u00e9rence est acceptable par l&#8217;essai de s\u00e9curit\u00e9 contre les risques de d\u00e9raillement sur gauches de voie [&#8230;] &#8220;<\/em><\/p>\n<p>Ainsi, sauf cas exceptionnel, l\u2019\u00e9cart relatif de charge \u00e0 la roue pour chaque essieu est limit\u00e9 \u00e0 <strong>5 %.<\/strong><\/p>\n<p>&nbsp;<\/p>\n<p><strong>S\u00e9curit\u00e9 contre les risques de d\u00e9raillement sur gauche de voie<\/strong><\/p>\n<p>Sur cet aspect, le paragraphe 4.2.3.4.1 de la STI LOC &amp; PAS stipule que :<\/p>\n<p>&#8221; <em>L&#8217;unit\u00e9 doit \u00eatre con\u00e7ue de mani\u00e8re \u00e0 pouvoir circuler en toute s\u00e9curit\u00e9 sur des gauches de voies, en tenant compte notamment des transitions entre voies en d\u00e9vers et voies en alignement, et des \u00e9carts de nivellement transversal.&#8221;<\/em><\/p>\n<p>Il est \u00e9galement envisag\u00e9 que :<\/p>\n<p><em>&#8221; La proc\u00e9dure d&#8217;\u00e9valuation de la conformit\u00e9 est d\u00e9crite dans la clause 6.2.3.3 de la pr\u00e9sente STI.&#8221;<\/em><\/p>\n<p>&nbsp;<\/p>\n<p><strong>6.2.3.3<\/strong><\/p>\n<p><em>&#8221; La d\u00e9monstration de conformit\u00e9 doit \u00eatre r\u00e9alis\u00e9e conform\u00e9ment \u00e0 l&#8217;une des m\u00e9thodes indiqu\u00e9es dans la sp\u00e9cification mentionn\u00e9e \u00e0 <strong>l&#8217;appendice J-1, index 83<\/strong>.&#8221;<\/em><\/p>\n<p>&nbsp;<\/p>\n<p><strong>Tableau de l&#8217;appendice J-1, index 83<\/strong><\/p>\n<p><img loading=\"lazy\" class=\"aligncenter wp-image-78759 size-full\" src=\"https:\/\/ivmtech.it\/wp-content\/uploads\/2022\/10\/OK.png\" alt=\"\" width=\"1026\" height=\"204\" srcset=\"https:\/\/ivmtech.it\/wp-content\/uploads\/2022\/10\/OK.png 1026w, https:\/\/ivmtech.it\/wp-content\/uploads\/2022\/10\/OK-300x60.png 300w, https:\/\/ivmtech.it\/wp-content\/uploads\/2022\/10\/OK-768x153.png 768w, https:\/\/ivmtech.it\/wp-content\/uploads\/2022\/10\/OK-500x99.png 500w, https:\/\/ivmtech.it\/wp-content\/uploads\/2022\/10\/OK-800x159.png 800w\" sizes=\"(max-width: 1026px) 100vw, 1026px\" \/><\/p>\n<p>&nbsp;<\/p>\n<p>Le point 5.3.3 de la norme EN 14363 pr\u00e9voit la mesure de la r\u00e9partition des forces verticales statiques \u00e0 la roue.<\/p>\n<p>Le respect de l&#8217;exigence essentielle de <em>s\u00e9curit\u00e9 contre les risques de d\u00e9raillement sur gauche de voie <\/em>n\u00e9cessite donc \u00e9galement la mesure des forces exerc\u00e9es par chaque roue.[\/vc_column_text][\/vc_column][\/vc_row]<\/p>","protected":false},"excerpt":{"rendered":"<p>[vc_row][vc_column][vc_text_separator title=&#8221;L&#8217;importance de la mesure statique de la r\u00e9partition des forces verticales \u00e0 la roue \u00e0 des fins de maintenance&#8221; [&hellip;]<\/p>\n","protected":false},"author":3,"featured_media":0,"parent":78476,"menu_order":0,"comment_status":"closed","ping_status":"closed","template":"","meta":[],"yoast_head":"<!-- This site is optimized with the Yoast SEO plugin v15.9 - https:\/\/yoast.com\/wordpress\/plugins\/seo\/ -->\n<title>(Italiano) R\u00e8glements - IVM S.r.l %<\/title>\n<meta name=\"description\" content=\"D\u00e9couvrez notre mission!\" \/>\n<meta name=\"robots\" content=\"index, follow, max-snippet:-1, max-image-preview:large, max-video-preview:-1\" \/>\n<link rel=\"canonical\" href=\"https:\/\/ivmtech.it\/pillole-tecniche\/normativa\/\" \/>\n<meta property=\"og:locale\" content=\"fr_FR\" \/>\n<meta property=\"og:type\" content=\"article\" \/>\n<meta property=\"og:title\" content=\"[:it]R\u00e8glements - IVM S.r.l %[:]\" \/>\n<meta property=\"og:description\" content=\"{:it}Scopri di pi\u00f9 sulla nostra mission!{:en}Learn more about our mission!{:fr}D\u00e9couvrez notre mission!{:es}Descubre nuestra misi\u00f3n!{:}\" \/>\n<meta property=\"og:url\" content=\"https:\/\/ivmtech.it\/pillole-tecniche\/normativa\/\" \/>\n<meta property=\"og:site_name\" content=\"IVM S.r.l\" \/>\n<meta property=\"article:modified_time\" content=\"2022-10-24T10:54:28+00:00\" \/>\n<meta property=\"og:image\" content=\"https:\/\/ivmtech.it\/wp-content\/uploads\/2022\/07\/ita.png\" \/>\n<meta name=\"twitter:card\" content=\"summary_large_image\" \/>\n<meta name=\"twitter:label1\" content=\"Dur\u00e9e de lecture est.\">\n\t<meta name=\"twitter:data1\" content=\"4 minutes\">\n<script type=\"application\/ld+json\" class=\"yoast-schema-graph\">{\"@context\":\"https:\/\/schema.org\",\"@graph\":[{\"@type\":\"WebSite\",\"@id\":\"https:\/\/ivmtech.it\/#website\",\"url\":\"https:\/\/ivmtech.it\/\",\"name\":\"IVM S.r.l\",\"description\":\"Innovative Vibration Monitoring\",\"potentialAction\":[{\"@type\":\"SearchAction\",\"target\":\"https:\/\/ivmtech.it\/?s={search_term_string}\",\"query-input\":\"required name=search_term_string\"}],\"inLanguage\":\"fr-FR\"},{\"@type\":\"ImageObject\",\"@id\":\"https:\/\/ivmtech.it\/pillole-tecniche\/normativa\/#primaryimage\",\"inLanguage\":\"fr-FR\",\"url\":\"https:\/\/ivmtech.it\/wp-content\/uploads\/2022\/07\/ita.png\",\"width\":1641,\"height\":307},{\"@type\":\"WebPage\",\"@id\":\"https:\/\/ivmtech.it\/pillole-tecniche\/normativa\/#webpage\",\"url\":\"https:\/\/ivmtech.it\/pillole-tecniche\/normativa\/\",\"name\":\"[:it]R\\u00e8glements - IVM S.r.l %[:]\",\"isPartOf\":{\"@id\":\"https:\/\/ivmtech.it\/#website\"},\"primaryImageOfPage\":{\"@id\":\"https:\/\/ivmtech.it\/pillole-tecniche\/normativa\/#primaryimage\"},\"datePublished\":\"2022-07-20T15:02:42+00:00\",\"dateModified\":\"2022-10-24T10:54:28+00:00\",\"description\":\"{:it}Scopri di pi\\u00f9 sulla nostra mission!{:en}Learn more about our mission!{:fr}D\\u00e9couvrez notre mission!{:es}Descubre nuestra misi\\u00f3n!{:}\",\"breadcrumb\":{\"@id\":\"https:\/\/ivmtech.it\/pillole-tecniche\/normativa\/#breadcrumb\"},\"inLanguage\":\"fr-FR\",\"potentialAction\":[{\"@type\":\"ReadAction\",\"target\":[\"https:\/\/ivmtech.it\/pillole-tecniche\/normativa\/\"]}]},{\"@type\":\"BreadcrumbList\",\"@id\":\"https:\/\/ivmtech.it\/pillole-tecniche\/normativa\/#breadcrumb\",\"itemListElement\":[{\"@type\":\"ListItem\",\"position\":1,\"item\":{\"@type\":\"WebPage\",\"@id\":\"https:\/\/ivmtech.it\/\",\"url\":\"https:\/\/ivmtech.it\/\",\"name\":\"Home\"}},{\"@type\":\"ListItem\",\"position\":2,\"item\":{\"@type\":\"WebPage\",\"@id\":\"https:\/\/ivmtech.it\/pillole-tecniche\/\",\"url\":\"https:\/\/ivmtech.it\/pillole-tecniche\/\",\"name\":\"Pillole tecniche\"}},{\"@type\":\"ListItem\",\"position\":3,\"item\":{\"@type\":\"WebPage\",\"@id\":\"https:\/\/ivmtech.it\/pillole-tecniche\/normativa\/\",\"url\":\"https:\/\/ivmtech.it\/pillole-tecniche\/normativa\/\",\"name\":\"Normativa\"}}]}]}<\/script>\n<!-- \/ Yoast SEO plugin. -->","_links":{"self":[{"href":"https:\/\/ivmtech.it\/fr\/wp-json\/wp\/v2\/pages\/78496"}],"collection":[{"href":"https:\/\/ivmtech.it\/fr\/wp-json\/wp\/v2\/pages"}],"about":[{"href":"https:\/\/ivmtech.it\/fr\/wp-json\/wp\/v2\/types\/page"}],"author":[{"embeddable":true,"href":"https:\/\/ivmtech.it\/fr\/wp-json\/wp\/v2\/users\/3"}],"replies":[{"embeddable":true,"href":"https:\/\/ivmtech.it\/fr\/wp-json\/wp\/v2\/comments?post=78496"}],"version-history":[{"count":21,"href":"https:\/\/ivmtech.it\/fr\/wp-json\/wp\/v2\/pages\/78496\/revisions"}],"predecessor-version":[{"id":78837,"href":"https:\/\/ivmtech.it\/fr\/wp-json\/wp\/v2\/pages\/78496\/revisions\/78837"}],"up":[{"embeddable":true,"href":"https:\/\/ivmtech.it\/fr\/wp-json\/wp\/v2\/pages\/78476"}],"wp:attachment":[{"href":"https:\/\/ivmtech.it\/fr\/wp-json\/wp\/v2\/media?parent=78496"}],"curies":[{"name":"wp","href":"https:\/\/api.w.org\/{rel}","templated":true}]}}