{"id":78527,"date":"2022-07-21T12:22:00","date_gmt":"2022-07-21T10:22:00","guid":{"rendered":"https:\/\/ivmtech.it\/?page_id=78527"},"modified":"2022-10-26T14:58:48","modified_gmt":"2022-10-26T12:58:48","slug":"manutenzione-materiale-rotabile","status":"publish","type":"page","link":"https:\/\/ivmtech.it\/fr\/pillole-tecniche\/manutenzione-materiale-rotabile\/","title":{"rendered":"La maintenance du mat\u00e9riel roulant"},"content":{"rendered":"<p>[vc_row][vc_column][vc_text_separator title=&#8221;L&#8217;importance de la mesure statique de la r\u00e9partition des forces verticales \u00e0 la roue \u00e0 des fins de maintenance&#8221; color=&#8221;custom&#8221; border_width=&#8221;2&#8243; accent_color=&#8221;#ffd200&#8243; el_class=&#8221;sticky&#8221;][vc_empty_space height=&#8221;20px&#8221;][vc_column_text css_animation=&#8221;left-to-right&#8221;]La maintenance est normalement d\u00e9finie comme &#8220;<strong>ensemble de toutes les actions techniques, administratives et de management durant le cycle de vie d&#8217;un bien, destin\u00e9es \u00e0 le maintenir ou \u00e0 le r\u00e9tablir dans un \u00e9tat dans lequel il peut accomplir la fonction requise<\/strong>&#8220;.<\/p>\n<p>Sans pr\u00e9judice du principe g\u00e9n\u00e9ral exprim\u00e9 par la d\u00e9finition pr\u00e9cit\u00e9e, il est tout \u00e0 fait clair que l&#8217;\u00e9volution de la technologie et le d\u00e9veloppement technologique, ainsi que la recherche de plus en plus croissante d&#8217;une plus grande efficacit\u00e9 technico-\u00e9conomique, ont radicalement chang\u00e9 les pratiques op\u00e9rationnelles li\u00e9es au maintien d&#8217;un v\u00e9hicule ferroviaire.<\/p>\n<p>Dans le pass\u00e9, la maintenance \u00e9tait essentiellement \u00ab <strong>statique<\/strong> \u00bb, c&#8217;est-\u00e0-dire qu&#8217;elle r\u00e9p\u00e9tait cycliquement les activit\u00e9s planifi\u00e9es (g\u00e9n\u00e9ralement bas\u00e9es sur des kilom\u00e8tres ou des intervalles de temps) indiqu\u00e9es dans le plan d\u2019entretien fournis par le constructeur, ou que le mainteneur r\u00e9parait directement la panne. Il est bien \u00e9vident que ce type d&#8217;entretien, effectu\u00e9 pendant des ann\u00e9es, n&#8217;\u00e9tait ax\u00e9 ni sur la ma\u00eetrise des co\u00fbts ni sur la disponibilit\u00e9 du mat\u00e9riel roulant.<\/p>\n<p>Aujourd&#8217;hui, les conditions du march\u00e9 telles que le co\u00fbt, le temps, la disponibilit\u00e9 du bien pour un service, ont radicalement chang\u00e9. Tout cela et l&#8217;\u00e9norme \u00e9volution technologique des syst\u00e8mes de gestion et de surveillance font de la maintenance un syst\u00e8me complexe d&#8217;activit\u00e9s connect\u00e9es, \u00e0 g\u00e9rer par intervalles en raison de leur complexit\u00e9.<\/p>\n<p>M\u00eame la structure organisationnelle des secteurs de la maintenance a radicalement chang\u00e9. Des fonctions telles que l&#8217;ing\u00e9nieur de maintenance, l&#8217;ing\u00e9nieur de production et des syst\u00e8mes de gestion de plus en plus sophistiqu\u00e9s ont \u00e9t\u00e9 introduits pour g\u00e9rer l&#8217;\u00e9norme volume de donn\u00e9es que les syst\u00e8mes de surveillance mettent \u00e0 disposition.<\/p>\n<p>Aujourd&#8217;hui, la maintenance est en effet d\u00e9finie en phase de conception et de construction, g\u00e9r\u00e9e et modifi\u00e9e en cours d&#8217;utilisation \u00e0 travers un syst\u00e8me complexe d&#8217;analyse de donn\u00e9es et de remont\u00e9e d&#8217;informations afin de mettre en \u0153uvre la meilleure strat\u00e9gie pour toujours garantir les param\u00e8tres de fiabilit\u00e9, maintenabilit\u00e9, disponibilit\u00e9 et s\u00e9curit\u00e9 (param\u00e8tres RAMS). La maintenance devient alors un v\u00e9ritable service que l&#8217;entreprise rend elle-m\u00eame \u00e0 ses activit\u00e9s, un \u00ab <strong>fournisseur de disponibilit\u00e9<\/strong> \u00bb o\u00f9 le terme disponibilit\u00e9 prend plusieurs sens : <em>disponibilit\u00e9 pour l&#8217;exploitation<\/em>, <em>disponibilit\u00e9 des ressources \u00e9conomiques<\/em>, <em>disponibilit\u00e9 des ressources humaines<\/em>.<\/p>\n<p>Le mat\u00e9riel roulant, comme toutes les \u00ab machines \u00bb servant \u00e0 produire un bien ou \u00e0 fournir un service, a besoin d&#8217;entretien. Son maintien dans un \u00e9tat efficace vise \u00e0 \u00e9viter ou \u00e0 r\u00e9soudre des pannes, \u00e0 assurer la r\u00e9gularit\u00e9 de fonctionnement, la s\u00e9curit\u00e9 et un confort de marche ad\u00e9quat, \u00e0 sauvegarder l&#8217;int\u00e9grit\u00e9 du v\u00e9hicule lui-m\u00eame et de l&#8217;infrastructure sur laquelle circule pour pr\u00e9server la dur\u00e9e de vie utile des deux. De plus, dans le contexte europ\u00e9en, \u00e0 la lumi\u00e8re de &#8220;l&#8217;espace ferroviaire unique europ\u00e9en&#8221; que l&#8217;Union a voulu cr\u00e9er avec la mise en \u0153uvre des nouvelles directives du &#8220;4e paquet ferroviaire&#8221;, la t\u00e2che de maintenance consiste \u00e9galement \u00e0 assurer la conformit\u00e9 du mat\u00e9riel roulant exploit\u00e9 dans l&#8217;espace ferroviaire de l&#8217;UE aux exigences impos\u00e9es par les sp\u00e9cifications techniques d&#8217;interop\u00e9rabilit\u00e9 en vigueur.<\/p>\n<p>Il est donc clair qu&#8217;une bonne organisation de la maintenance du mat\u00e9riel roulant est indispensable.<\/p>\n<p>On peut distinguer deux macro-cat\u00e9gories de maintenance : La corrective, qui consiste \u00e0 intervenir apr\u00e8s d\u00e9tection d\u2019une panne ; Pr\u00e9ventive, qui consiste en l&#8217;application de diff\u00e9rentes strat\u00e9gies visant \u00e0 identifier la p\u00e9riode de temps optimale pour effectuer les interventions de maintenance afin d&#8217;\u00e9viter des pannes.<\/p>\n<p>Parmi celles-ci, la maintenance pr\u00e9ventive s&#8217;impose de plus en plus. Au fil du temps, plusieurs de ses strat\u00e9gies de mise en \u0153uvre ont chang\u00e9 et \u00e9volu\u00e9, surtout gr\u00e2ce \u00e0 l&#8217;\u00e9volution technologique.<\/p>\n<p>Dans ce contexte, les principales strat\u00e9gies pouvant \u00eatre mises en \u0153uvre sont :<\/p>\n<ul>\n<li>Maintenance syst\u00e9matique<\/li>\n<li>Maintenance conditionnelle<\/li>\n<li>Maintenance pr\u00e9dictive ou pr\u00e9visionnelle<\/li>\n<\/ul>\n<p>Les trois strat\u00e9gies ne sont \u00e9videmment pas alternatives mais, selon les cas et les informations disponibles, elles sont g\u00e9n\u00e9ralement appliqu\u00e9es en combinaison.<\/p>\n<p><strong>LA MAINTENANCE SYST\u00c8MATIQUE :<\/strong> elle permet de surveiller en permanence l&#8217;\u00e9tat de toutes les parties du train, de r\u00e9soudre les probl\u00e8mes critiques tout en maintenant l&#8217;efficacit\u00e9 et la fiabilit\u00e9 du mat\u00e9riel roulant \u00e0 un haut niveau. Elle repose avant tout sur les proc\u00e9dures dict\u00e9es par le plan de maintenance qui pr\u00e9voit des contr\u00f4les du train \u00e0 des intervalles de temps pr\u00e9\u00e9tablis\u00a0: \u00e0 un kilom\u00e9trage donn\u00e9, apr\u00e8s un certain nombre de cycles ou apr\u00e8s un temps de fonctionnement pr\u00e9\u00e9tabli. En planifiant la maintenance, il est \u00e9galement possible de planifier l&#8217;approvisionnement des mat\u00e9riaux n\u00e9cessaires et l&#8217;inactivit\u00e9 du train.<\/p>\n<p><strong>LA MAINTENANCE CONDITIONNELLE<\/strong> : elle n\u2019est effectu\u00e9e que lorsque certains indicateurs, pendant des contr\u00f4les, montrent des signes de baisse de performance, de panne imminente ou dates d\u2019expiration proches. Par cons\u00e9quent, le bon fonctionnement n&#8217;est pas garanti et un tel composant ne r\u00e9pond pas aux sp\u00e9cifications techniques.<\/p>\n<p><strong>LA MAINTENANCE PR\u00c9DICTIVE<\/strong> : elle examine les donn\u00e9es d\u00e9riv\u00e9es de l&#8217;analyse de fonctionnement des composants et\/ou syst\u00e8mes. Ces donn\u00e9es proviennent essentiellement de syst\u00e8mes de diagnostic, normalement install\u00e9s \u00e0 la fois \u00e0 bord du train et le long de la ligne et\/ou dans des zones sp\u00e9cifiques des sites de maintenance.<\/p>\n<p>Plus tard, nous fournirons plus d&#8217;informations sur ces trois strat\u00e9gies de maintenance.<\/p>\n<p><img loading=\"lazy\" class=\"aligncenter wp-image-78624 size-full\" src=\"https:\/\/ivmtech.it\/wp-content\/uploads\/2022\/07\/pills-6.png\" alt=\"\" width=\"1261\" height=\"441\" srcset=\"https:\/\/ivmtech.it\/wp-content\/uploads\/2022\/07\/pills-6.png 1261w, https:\/\/ivmtech.it\/wp-content\/uploads\/2022\/07\/pills-6-300x105.png 300w, https:\/\/ivmtech.it\/wp-content\/uploads\/2022\/07\/pills-6-768x269.png 768w, https:\/\/ivmtech.it\/wp-content\/uploads\/2022\/07\/pills-6-500x175.png 500w, https:\/\/ivmtech.it\/wp-content\/uploads\/2022\/07\/pills-6-800x280.png 800w\" sizes=\"(max-width: 1261px) 100vw, 1261px\" \/>[\/vc_column_text][\/vc_column][\/vc_row]<\/p>","protected":false},"excerpt":{"rendered":"<p>[vc_row][vc_column][vc_text_separator title=&#8221;L&#8217;importance de la mesure statique de la r\u00e9partition des forces verticales \u00e0 la roue \u00e0 des fins de maintenance&#8221; [&hellip;]<\/p>\n","protected":false},"author":3,"featured_media":0,"parent":78476,"menu_order":0,"comment_status":"closed","ping_status":"closed","template":"","meta":[],"yoast_head":"<!-- This site is optimized with the Yoast SEO plugin v15.9 - https:\/\/yoast.com\/wordpress\/plugins\/seo\/ -->\n<title>(Italiano) La maintenance du mat\u00e9riel roulant - IVM S.r.l %<\/title>\n<meta name=\"description\" content=\"D\u00e9couvrez notre mission!\" \/>\n<meta name=\"robots\" content=\"index, follow, max-snippet:-1, max-image-preview:large, max-video-preview:-1\" \/>\n<link rel=\"canonical\" href=\"https:\/\/ivmtech.it\/pillole-tecniche\/manutenzione-materiale-rotabile\/\" \/>\n<meta property=\"og:locale\" content=\"fr_FR\" \/>\n<meta property=\"og:type\" content=\"article\" \/>\n<meta property=\"og:title\" content=\"[:it]La maintenance du mat\u00e9riel roulant - IVM S.r.l %[:]\" \/>\n<meta property=\"og:description\" content=\"{:it}Scopri di pi\u00f9 sulla nostra mission!{:en}Learn more about our mission!{:fr}D\u00e9couvrez notre mission!{:es}Descubre nuestra misi\u00f3n!{:}\" \/>\n<meta property=\"og:url\" content=\"https:\/\/ivmtech.it\/pillole-tecniche\/manutenzione-materiale-rotabile\/\" \/>\n<meta property=\"og:site_name\" content=\"IVM S.r.l\" \/>\n<meta property=\"article:modified_time\" content=\"2022-10-26T12:58:48+00:00\" \/>\n<meta property=\"og:image\" content=\"https:\/\/ivmtech.it\/wp-content\/uploads\/2022\/07\/pill-6-ita.png\" \/>\n<meta name=\"twitter:card\" content=\"summary_large_image\" \/>\n<meta name=\"twitter:label1\" content=\"Dur\u00e9e de lecture est.\">\n\t<meta name=\"twitter:data1\" content=\"4 minutes\">\n<script type=\"application\/ld+json\" class=\"yoast-schema-graph\">{\"@context\":\"https:\/\/schema.org\",\"@graph\":[{\"@type\":\"WebSite\",\"@id\":\"https:\/\/ivmtech.it\/#website\",\"url\":\"https:\/\/ivmtech.it\/\",\"name\":\"IVM S.r.l\",\"description\":\"Innovative Vibration Monitoring\",\"potentialAction\":[{\"@type\":\"SearchAction\",\"target\":\"https:\/\/ivmtech.it\/?s={search_term_string}\",\"query-input\":\"required name=search_term_string\"}],\"inLanguage\":\"fr-FR\"},{\"@type\":\"ImageObject\",\"@id\":\"https:\/\/ivmtech.it\/pillole-tecniche\/manutenzione-materiale-rotabile\/#primaryimage\",\"inLanguage\":\"fr-FR\",\"url\":\"https:\/\/ivmtech.it\/wp-content\/uploads\/2022\/07\/pill-6-ita.png\",\"width\":1132,\"height\":468},{\"@type\":\"WebPage\",\"@id\":\"https:\/\/ivmtech.it\/pillole-tecniche\/manutenzione-materiale-rotabile\/#webpage\",\"url\":\"https:\/\/ivmtech.it\/pillole-tecniche\/manutenzione-materiale-rotabile\/\",\"name\":\"[:it]La maintenance du mat\\u00e9riel roulant - IVM S.r.l %[:]\",\"isPartOf\":{\"@id\":\"https:\/\/ivmtech.it\/#website\"},\"primaryImageOfPage\":{\"@id\":\"https:\/\/ivmtech.it\/pillole-tecniche\/manutenzione-materiale-rotabile\/#primaryimage\"},\"datePublished\":\"2022-07-21T10:22:00+00:00\",\"dateModified\":\"2022-10-26T12:58:48+00:00\",\"description\":\"{:it}Scopri di pi\\u00f9 sulla nostra mission!{:en}Learn more about our mission!{:fr}D\\u00e9couvrez notre mission!{:es}Descubre nuestra misi\\u00f3n!{:}\",\"breadcrumb\":{\"@id\":\"https:\/\/ivmtech.it\/pillole-tecniche\/manutenzione-materiale-rotabile\/#breadcrumb\"},\"inLanguage\":\"fr-FR\",\"potentialAction\":[{\"@type\":\"ReadAction\",\"target\":[\"https:\/\/ivmtech.it\/pillole-tecniche\/manutenzione-materiale-rotabile\/\"]}]},{\"@type\":\"BreadcrumbList\",\"@id\":\"https:\/\/ivmtech.it\/pillole-tecniche\/manutenzione-materiale-rotabile\/#breadcrumb\",\"itemListElement\":[{\"@type\":\"ListItem\",\"position\":1,\"item\":{\"@type\":\"WebPage\",\"@id\":\"https:\/\/ivmtech.it\/\",\"url\":\"https:\/\/ivmtech.it\/\",\"name\":\"Home\"}},{\"@type\":\"ListItem\",\"position\":2,\"item\":{\"@type\":\"WebPage\",\"@id\":\"https:\/\/ivmtech.it\/pillole-tecniche\/\",\"url\":\"https:\/\/ivmtech.it\/pillole-tecniche\/\",\"name\":\"Pillole tecniche\"}},{\"@type\":\"ListItem\",\"position\":3,\"item\":{\"@type\":\"WebPage\",\"@id\":\"https:\/\/ivmtech.it\/pillole-tecniche\/manutenzione-materiale-rotabile\/\",\"url\":\"https:\/\/ivmtech.it\/pillole-tecniche\/manutenzione-materiale-rotabile\/\",\"name\":\"La manutenzione del materiale rotabile\"}}]}]}<\/script>\n<!-- \/ Yoast SEO plugin. -->","_links":{"self":[{"href":"https:\/\/ivmtech.it\/fr\/wp-json\/wp\/v2\/pages\/78527"}],"collection":[{"href":"https:\/\/ivmtech.it\/fr\/wp-json\/wp\/v2\/pages"}],"about":[{"href":"https:\/\/ivmtech.it\/fr\/wp-json\/wp\/v2\/types\/page"}],"author":[{"embeddable":true,"href":"https:\/\/ivmtech.it\/fr\/wp-json\/wp\/v2\/users\/3"}],"replies":[{"embeddable":true,"href":"https:\/\/ivmtech.it\/fr\/wp-json\/wp\/v2\/comments?post=78527"}],"version-history":[{"count":12,"href":"https:\/\/ivmtech.it\/fr\/wp-json\/wp\/v2\/pages\/78527\/revisions"}],"predecessor-version":[{"id":78863,"href":"https:\/\/ivmtech.it\/fr\/wp-json\/wp\/v2\/pages\/78527\/revisions\/78863"}],"up":[{"embeddable":true,"href":"https:\/\/ivmtech.it\/fr\/wp-json\/wp\/v2\/pages\/78476"}],"wp:attachment":[{"href":"https:\/\/ivmtech.it\/fr\/wp-json\/wp\/v2\/media?parent=78527"}],"curies":[{"name":"wp","href":"https:\/\/api.w.org\/{rel}","templated":true}]}}